{"id":16269,"date":"2021-09-28T03:30:22","date_gmt":"2021-09-27T20:30:22","guid":{"rendered":"https:\/\/mouldking.store\/product\/urge-10197-the-queen-bricktopia-3368894"},"modified":"2023-11-23T09:44:24","modified_gmt":"2023-11-23T02:44:24","slug":"urge-10197-the-queen-bricktopia","status":"publish","type":"product","link":"https:\/\/mouldking.store\/vi\/shop\/urge-10197-the-queen-bricktopia\/","title":{"rendered":"URGE 10197 N\u1eef ho\u00e0ng Bricktopia"},"content":{"rendered":"<p>URGE 10197 The Queen Bricktopia thu\u1ed9c b\u1ed9 x\u1ebfp h\u00ecnh m\u00f4 h\u00ecnh ti\u00ean ti\u1ebfn, tr\u1ecdn b\u1ed9 g\u1ed3m 2032 h\u1ea1t x\u1ebfp h\u00ecnh. L\u1ea7n \u0111\u1ea7u ti\u00ean \u0111\u01b0\u1ee3c ph\u00e1t h\u00e0nh v\u00e0o n\u0103m 2020.<\/p>\n<p><img fetchpriority=\"high\" decoding=\"async\" class=\"alignnone size-full wp-image-197582\" src=\"https:\/\/pay.lpwstore.com\/wp-content\/uploads\/2020\/11\/URGE-10197-.jpg\" alt=\"-\" width=\"800\" height=\"800\" title=\"-\"><\/p>\n<p><img decoding=\"async\" class=\"alignnone size-full wp-image-197581\" src=\"https:\/\/pay.lpwstore.com\/wp-content\/uploads\/2020\/11\/URGE-10197-2.jpg\" alt=\"-\" width=\"800\" height=\"800\" title=\"-\"><\/p>\n<p><img decoding=\"async\" class=\"alignnone size-full wp-image-197580\" src=\"https:\/\/pay.lpwstore.com\/wp-content\/uploads\/2020\/11\/URGE-10197-3.jpg\" alt=\"-\" width=\"800\" height=\"800\" title=\"-\"><img loading=\"lazy\" decoding=\"async\" class=\"alignnone size-full wp-image-197579\" src=\"https:\/\/pay.lpwstore.com\/wp-content\/uploads\/2020\/11\/URGE-10197-4.jpg\" alt=\"-\" width=\"800\" height=\"800\" title=\"-\"><\/p>","protected":false},"excerpt":{"rendered":"<ul>\n<li>Bao g\u1ed3m <b><span style=\"color: #000000;\">3678<\/span><\/b><strong>+<\/strong> chi\u1ebfc<\/li>\n<li>S\u00e1ch h\u01b0\u1edbng d\u1eabn s\u1eed d\u1ee5ng<\/li>\n<li>Kh\u1ed1i ABS ch\u1ea5t l\u01b0\u1ee3ng cao<\/li>\n<li>Kh\u00f4ng c\u00f3 h\u1ed9p ban \u0111\u1ea7u<\/li>\n<\/ul>","protected":false},"featured_media":16270,"comment_status":"open","ping_status":"closed","template":"","meta":{"_acf_changed":false},"product_cat":[15],"product_tag":[],"class_list":["product","first","instock","shipping-taxable","purchasable","product-type-simple"],"acf":[],"_links":{"self":[{"href":"https:\/\/mouldking.store\/vi\/wp-json\/wp\/v2\/product\/16269","targetHints":{"allow":["GET"]}}],"collection":[{"href":"https:\/\/mouldking.store\/vi\/wp-json\/wp\/v2\/product"}],"about":[{"href":"https:\/\/mouldking.store\/vi\/wp-json\/wp\/v2\/types\/product"}],"replies":[{"embeddable":true,"href":"https:\/\/mouldking.store\/vi\/wp-json\/wp\/v2\/comments?post=16269"}],"wp:featuredmedia":[{"embeddable":true,"href":"https:\/\/mouldking.store\/vi\/wp-json\/wp\/v2\/media\/16270"}],"wp:attachment":[{"href":"https:\/\/mouldking.store\/vi\/wp-json\/wp\/v2\/media?parent=16269"}],"wp:term":[{"taxonomy":"product_cat","embeddable":true,"href":"https:\/\/mouldking.store\/vi\/wp-json\/wp\/v2\/product_cat?post=16269"},{"taxonomy":"product_tag","embeddable":true,"href":"https:\/\/mouldking.store\/vi\/wp-json\/wp\/v2\/product_tag?post=16269"}],"curies":[{"name":"wp","href":"https:\/\/api.w.org\/{rel}","templated":true}]}}