{"id":16314,"date":"2021-09-28T03:30:58","date_gmt":"2021-09-28T03:30:58","guid":{"rendered":"https:\/\/mouldking.store\/product\/cada-c51007-rc-sport-car-4636421"},"modified":"2021-12-23T09:53:13","modified_gmt":"2021-12-23T09:53:13","slug":"cada-c51007-rc-sport-car","status":"publish","type":"product","link":"https:\/\/mouldking.store\/vi\/shop\/cada-c51007-rc-sport-car\/","title":{"rendered":"Xe th\u1ec3 thao \u0111i\u1ec1u khi\u1ec3n t\u1eeb xa CADA C51007"},"content":{"rendered":"<p>Xe th\u1ec3 thao \u0111i\u1ec1u khi\u1ec3n t\u1eeb xa Technic CADA C51007<b>\u00a0<\/b>thu\u1ed9c b\u1ed9 x\u1ebfp h\u00ecnh kh\u1ed1i m\u00f4 h\u00ecnh ti\u00ean ti\u1ebfn, tr\u1ecdn b\u1ed9 g\u1ed3m 453 h\u1ea1t x\u1ebfp h\u00ecnh.<\/p>\n<p><img fetchpriority=\"high\" decoding=\"async\" class=\"size-full wp-image-197849 aligncenter\" src=\"https:\/\/pay.lpwstore.com\/wp-content\/uploads\/2020\/11\/C51007-453pcs-Technic-Series-RC-Remote-Control-Sportscar-Racing-Car-Building-Block-Brick-Legoings-Toy-32868462665-descriptionImage1.jpg\" alt=\"-\" width=\"800\" height=\"800\" title=\"-\"><\/p>\n<p><img decoding=\"async\" class=\"size-full wp-image-197848 aligncenter\" src=\"https:\/\/pay.lpwstore.com\/wp-content\/uploads\/2020\/11\/C51007-453pcs-Technic-Series-RC-Remote-Control-Sportscar-Racing-Car-Building-Block-Brick-Legoings-Toy-32868462665-descriptionImage2.jpg\" alt=\"-\" width=\"800\" height=\"800\" title=\"-\"><\/p>\n<p><img decoding=\"async\" class=\"size-full wp-image-197846 aligncenter\" src=\"https:\/\/pay.lpwstore.com\/wp-content\/uploads\/2020\/11\/Technic-CADA-C51007-RC-Sport-Car.jpg\" alt=\"-\" width=\"800\" height=\"800\" title=\"-\"><\/p>\n<p><img loading=\"lazy\" decoding=\"async\" class=\"size-full wp-image-197845 aligncenter\" src=\"https:\/\/pay.lpwstore.com\/wp-content\/uploads\/2020\/11\/CaDA-C51007-453-Chi-c-DIY-M-H-nh-Xe-T-i-u-Khi-n-T.jpg_q50.jpg\" alt=\"-\" width=\"800\" height=\"800\" title=\"-\"><\/p>\n<p><img loading=\"lazy\" decoding=\"async\" class=\"size-full wp-image-197847 aligncenter\" src=\"https:\/\/pay.lpwstore.com\/wp-content\/uploads\/2020\/11\/C51007-453pcs-Technic-Series-RC-Remote-Control-Sportscar-Racing-Car-Building-Block-Brick-Legoings-Toy-32868462665-descriptionImage0.jpg\" alt=\"-\" width=\"800\" height=\"800\" title=\"-\"><\/p>","protected":false},"excerpt":{"rendered":"<ul>\n<li>Bao g\u1ed3m <b>453<\/b><strong>+<\/strong> chi\u1ebfc<\/li>\n<li>S\u00e1ch h\u01b0\u1edbng d\u1eabn s\u1eed d\u1ee5ng<\/li>\n<li>Kh\u1ed1i ABS ch\u1ea5t l\u01b0\u1ee3ng cao<\/li>\n<li>Kh\u00f4ng c\u00f3 h\u1ed9p ban \u0111\u1ea7u<\/li>\n<\/ul>","protected":false},"featured_media":16315,"comment_status":"open","ping_status":"closed","template":"","meta":{"_acf_changed":false},"product_cat":[],"product_tag":[],"class_list":["product","first","instock","shipping-taxable","purchasable","product-type-simple"],"acf":[],"_links":{"self":[{"href":"https:\/\/mouldking.store\/vi\/wp-json\/wp\/v2\/product\/16314","targetHints":{"allow":["GET"]}}],"collection":[{"href":"https:\/\/mouldking.store\/vi\/wp-json\/wp\/v2\/product"}],"about":[{"href":"https:\/\/mouldking.store\/vi\/wp-json\/wp\/v2\/types\/product"}],"replies":[{"embeddable":true,"href":"https:\/\/mouldking.store\/vi\/wp-json\/wp\/v2\/comments?post=16314"}],"wp:featuredmedia":[{"embeddable":true,"href":"https:\/\/mouldking.store\/vi\/wp-json\/wp\/v2\/media\/16315"}],"wp:attachment":[{"href":"https:\/\/mouldking.store\/vi\/wp-json\/wp\/v2\/media?parent=16314"}],"wp:term":[{"taxonomy":"product_cat","embeddable":true,"href":"https:\/\/mouldking.store\/vi\/wp-json\/wp\/v2\/product_cat?post=16314"},{"taxonomy":"product_tag","embeddable":true,"href":"https:\/\/mouldking.store\/vi\/wp-json\/wp\/v2\/product_tag?post=16314"}],"curies":[{"name":"wp","href":"https:\/\/api.w.org\/{rel}","templated":true}]}}