{"id":16330,"date":"2021-09-28T03:31:13","date_gmt":"2021-09-28T03:31:13","guid":{"rendered":"https:\/\/mouldking.store\/product\/urge-30104-diving-shop-modular-buildings-1438049"},"modified":"2024-12-09T17:44:26","modified_gmt":"2024-12-09T10:44:26","slug":"urge-30104-diving-shop-modular-buildings","status":"publish","type":"product","link":"https:\/\/mouldking.store\/vi\/shop\/urge-30104-diving-shop-modular-buildings\/","title":{"rendered":"URGE 30104 T\u00f2a nh\u00e0 m\u00f4-\u0111un c\u1eeda h\u00e0ng l\u1eb7n"},"content":{"rendered":"<p><strong>Modular Buildings URGE 30104 Diving Shop<\/strong>\u00a0belong to the superhero series building block set. The entire set contains 2361 building block particles. First released in 2020.<\/p>\n<p><a href=\"https:\/\/pay.lpwstore.com\/wp-content\/uploads\/2020\/11\/URGE-30104.jpg\" target=\"_blank\" rel=\"noopener\"><img fetchpriority=\"high\" decoding=\"async\" class=\"aligncenter size-full wp-image-198103\" src=\"https:\/\/pay.lpwstore.com\/wp-content\/uploads\/2020\/11\/URGE-30104.jpg\" alt=\"-\" width=\"800\" height=\"800\" title=\"-\"><\/a><\/p>\n<p><a href=\"https:\/\/pay.lpwstore.com\/wp-content\/uploads\/2020\/11\/URGE-30104-2.jpg\" target=\"_blank\" rel=\"noopener\"><img decoding=\"async\" class=\"aligncenter size-full wp-image-198101\" src=\"https:\/\/pay.lpwstore.com\/wp-content\/uploads\/2020\/11\/URGE-30104-2.jpg\" alt=\"-\" width=\"800\" height=\"800\" title=\"-\"><\/a><\/p>\n<p><a href=\"https:\/\/pay.lpwstore.com\/wp-content\/uploads\/2020\/11\/URGE-30104-3.jpg\" target=\"_blank\" rel=\"noopener\"><img decoding=\"async\" class=\"aligncenter size-full wp-image-198100\" src=\"https:\/\/pay.lpwstore.com\/wp-content\/uploads\/2020\/11\/URGE-30104-3.jpg\" alt=\"-\" width=\"800\" height=\"800\" title=\"-\"><\/a><\/p>","protected":false},"excerpt":{"rendered":"<ul>\n<li>Bao g\u1ed3m <b>2361<\/b><strong>+<\/strong>\u00a0chi\u1ebfc<\/li>\n<li>S\u00e1ch h\u01b0\u1edbng d\u1eabn<\/li>\n<li>Kh\u1ed1i ABS ch\u1ea5t l\u01b0\u1ee3ng cao<\/li>\n<li>Kh\u00f4ng c\u00f3 h\u1ed9p ban \u0111\u1ea7u<\/li>\n<\/ul>","protected":false},"featured_media":16331,"comment_status":"open","ping_status":"closed","template":"","meta":{"_acf_changed":false},"product_cat":[390],"product_tag":[],"class_list":["product","first","outofstock","shipping-taxable","purchasable","product-type-simple"],"acf":[],"_links":{"self":[{"href":"https:\/\/mouldking.store\/vi\/wp-json\/wp\/v2\/product\/16330","targetHints":{"allow":["GET"]}}],"collection":[{"href":"https:\/\/mouldking.store\/vi\/wp-json\/wp\/v2\/product"}],"about":[{"href":"https:\/\/mouldking.store\/vi\/wp-json\/wp\/v2\/types\/product"}],"replies":[{"embeddable":true,"href":"https:\/\/mouldking.store\/vi\/wp-json\/wp\/v2\/comments?post=16330"}],"wp:featuredmedia":[{"embeddable":true,"href":"https:\/\/mouldking.store\/vi\/wp-json\/wp\/v2\/media\/16331"}],"wp:attachment":[{"href":"https:\/\/mouldking.store\/vi\/wp-json\/wp\/v2\/media?parent=16330"}],"wp:term":[{"taxonomy":"product_cat","embeddable":true,"href":"https:\/\/mouldking.store\/vi\/wp-json\/wp\/v2\/product_cat?post=16330"},{"taxonomy":"product_tag","embeddable":true,"href":"https:\/\/mouldking.store\/vi\/wp-json\/wp\/v2\/product_tag?post=16330"}],"curies":[{"name":"wp","href":"https:\/\/api.w.org\/{rel}","templated":true}]}}