{"id":16334,"date":"2021-09-28T03:31:16","date_gmt":"2021-09-27T20:31:16","guid":{"rendered":"https:\/\/mouldking.store\/product\/panlosbrick-613005-christmas-train-station-creator-1105480"},"modified":"2023-02-02T19:28:43","modified_gmt":"2023-02-02T12:28:43","slug":"panlosbrick-613005-christmas-train-station-creator","status":"publish","type":"product","link":"https:\/\/mouldking.store\/vi\/shop\/panlosbrick-613005-christmas-train-station-creator\/","title":{"rendered":"PANLOSBRICK 613005 Tr\u00ecnh t\u1ea1o nh\u00e0 ga xe l\u1eeda Gi\u00e1ng sinh"},"content":{"rendered":"<p><b>Nh\u00e0 s\u00e1ng t\u1ea1o PANLOSBRICK 613005 Nh\u00e0 Ga Gi\u00e1ng Sinh\u00a0<\/b>thu\u1ed9c b\u1ed9 kh\u1ed1i x\u00e2y d\u1ef1ng Creator. To\u00e0n b\u1ed9 ch\u1ee9a 1217 h\u1ea1t kh\u1ed1i x\u00e2y d\u1ef1ng. L\u1ea7n \u0111\u1ea7u ti\u00ean \u0111\u01b0\u1ee3c ph\u00e1t h\u00e0nh v\u00e0o n\u0103m 2020.<\/p>\n<p><img fetchpriority=\"high\" decoding=\"async\" class=\"size-full wp-image-198060 aligncenter\" src=\"https:\/\/pay.lpwstore.com\/wp-content\/uploads\/2020\/11\/PANLOSBRICK-613005.jpg\" alt=\"-\" width=\"800\" height=\"800\" title=\"-\"><\/p>\n<p><img decoding=\"async\" class=\"size-full wp-image-198058 aligncenter\" src=\"https:\/\/pay.lpwstore.com\/wp-content\/uploads\/2020\/11\/PANLOSBRICK-613005.3.jpg\" alt=\"-\" width=\"800\" height=\"800\" title=\"-\"><\/p>\n<p><img decoding=\"async\" class=\"size-full wp-image-198059 aligncenter\" src=\"https:\/\/pay.lpwstore.com\/wp-content\/uploads\/2020\/11\/PANLOSBRICK-613005.2.jpg\" alt=\"-\" width=\"800\" height=\"800\" title=\"-\"> <img loading=\"lazy\" decoding=\"async\" class=\"size-full wp-image-198056 aligncenter\" src=\"https:\/\/pay.lpwstore.com\/wp-content\/uploads\/2020\/11\/PANLOSBRICK-613005.5.jpg\" alt=\"-\" width=\"800\" height=\"800\" title=\"-\"><\/p>\n<p><img loading=\"lazy\" decoding=\"async\" class=\"size-full wp-image-198055 aligncenter\" src=\"https:\/\/pay.lpwstore.com\/wp-content\/uploads\/2020\/11\/PANLOSBRICK-613005.6.jpg\" alt=\"-\" width=\"800\" height=\"800\" title=\"-\"> <img loading=\"lazy\" decoding=\"async\" class=\"alignnone size-full wp-image-198057\" src=\"https:\/\/pay.lpwstore.com\/wp-content\/uploads\/2020\/11\/PANLOSBRICK-613005.4.jpg\" alt=\"-\" width=\"800\" height=\"800\" title=\"-\"><\/p>","protected":false},"excerpt":{"rendered":"<ul>\n<li>Bao g\u1ed3m\u00a0<strong>1217+<\/strong>\u00a0chi\u1ebfc<\/li>\n<li>S\u00e1ch h\u01b0\u1edbng d\u1eabn<\/li>\n<li>Kh\u1ed1i ABS ch\u1ea5t l\u01b0\u1ee3ng cao<\/li>\n<li>Kh\u00f4ng c\u00f3 h\u1ed9p ban \u0111\u1ea7u<\/li>\n<\/ul>","protected":false},"featured_media":16335,"comment_status":"open","ping_status":"closed","template":"","meta":{"_acf_changed":false},"product_cat":[371],"product_tag":[],"class_list":["product","first","outofstock","shipping-taxable","purchasable","product-type-simple"],"acf":[],"_links":{"self":[{"href":"https:\/\/mouldking.store\/vi\/wp-json\/wp\/v2\/product\/16334","targetHints":{"allow":["GET"]}}],"collection":[{"href":"https:\/\/mouldking.store\/vi\/wp-json\/wp\/v2\/product"}],"about":[{"href":"https:\/\/mouldking.store\/vi\/wp-json\/wp\/v2\/types\/product"}],"replies":[{"embeddable":true,"href":"https:\/\/mouldking.store\/vi\/wp-json\/wp\/v2\/comments?post=16334"}],"wp:featuredmedia":[{"embeddable":true,"href":"https:\/\/mouldking.store\/vi\/wp-json\/wp\/v2\/media\/16335"}],"wp:attachment":[{"href":"https:\/\/mouldking.store\/vi\/wp-json\/wp\/v2\/media?parent=16334"}],"wp:term":[{"taxonomy":"product_cat","embeddable":true,"href":"https:\/\/mouldking.store\/vi\/wp-json\/wp\/v2\/product_cat?post=16334"},{"taxonomy":"product_tag","embeddable":true,"href":"https:\/\/mouldking.store\/vi\/wp-json\/wp\/v2\/product_tag?post=16334"}],"curies":[{"name":"wp","href":"https:\/\/api.w.org\/{rel}","templated":true}]}}