{"id":16373,"date":"2021-09-28T03:31:51","date_gmt":"2021-09-28T03:31:51","guid":{"rendered":"https:\/\/mouldking.store\/product\/sx-3060-fantasy-ice-castle-frozen-cartoon-movie-9475393"},"modified":"2023-02-07T09:08:09","modified_gmt":"2023-02-07T02:08:09","slug":"sx-3060-fantasy-ice-castle-frozen-cartoon-movie","status":"publish","type":"product","link":"https:\/\/mouldking.store\/vi\/shop\/sx-3060-fantasy-ice-castle-frozen-cartoon-movie\/","title":{"rendered":"SX 3060 Fantasy Ice Castle \u2013 Phim ho\u1ea1t h\u00ecnh b\u0103ng gi\u00e1"},"content":{"rendered":"<p><span>SX 3060 Fantasy Ice Castle \u2013 Frozen Cartoon Movie thu\u1ed9c b\u1ed9 kh\u1ed1i x\u00e2y d\u1ef1ng c\u1ee7a lo\u1ea1t phim v\u00e0 tr\u00f2 ch\u01a1i truy\u1ec1n h\u00ecnh. To\u00e0n b\u1ed9 ch\u1ee9a 943 h\u1ea1t kh\u1ed1i x\u00e2y d\u1ef1ng. <\/span><span>L\u1ea7n \u0111\u1ea7u ti\u00ean \u0111\u01b0\u1ee3c ph\u00e1t h\u00e0nh v\u00e0o n\u0103m 2020.<\/span><\/p>\n<p><img fetchpriority=\"high\" decoding=\"async\" class=\"wp-image-198316 aligncenter\" src=\"https:\/\/pay.lpwstore.com\/wp-content\/uploads\/2020\/11\/SX-3060-Fantasy-Ice-Castle-Frozen-Cartoon-Movie-2-scaled.jpg\" alt=\"-\" width=\"614\" height=\"3402\" title=\"-\"><\/p>","protected":false},"excerpt":{"rendered":"<ul>\n<li>Bao g\u1ed3m <strong>943+<\/strong> chi\u1ebfc<\/li>\n<li>S\u00e1ch h\u01b0\u1edbng d\u1eabn s\u1eed d\u1ee5ng<\/li>\n<li>Kh\u1ed1i ABS ch\u1ea5t l\u01b0\u1ee3ng cao<\/li>\n<\/ul>","protected":false},"featured_media":16374,"comment_status":"open","ping_status":"closed","template":"","meta":{"_acf_changed":false},"product_cat":[581],"product_tag":[],"class_list":["product","first","instock","shipping-taxable","purchasable","product-type-simple"],"acf":[],"_links":{"self":[{"href":"https:\/\/mouldking.store\/vi\/wp-json\/wp\/v2\/product\/16373","targetHints":{"allow":["GET"]}}],"collection":[{"href":"https:\/\/mouldking.store\/vi\/wp-json\/wp\/v2\/product"}],"about":[{"href":"https:\/\/mouldking.store\/vi\/wp-json\/wp\/v2\/types\/product"}],"replies":[{"embeddable":true,"href":"https:\/\/mouldking.store\/vi\/wp-json\/wp\/v2\/comments?post=16373"}],"wp:featuredmedia":[{"embeddable":true,"href":"https:\/\/mouldking.store\/vi\/wp-json\/wp\/v2\/media\/16374"}],"wp:attachment":[{"href":"https:\/\/mouldking.store\/vi\/wp-json\/wp\/v2\/media?parent=16373"}],"wp:term":[{"taxonomy":"product_cat","embeddable":true,"href":"https:\/\/mouldking.store\/vi\/wp-json\/wp\/v2\/product_cat?post=16373"},{"taxonomy":"product_tag","embeddable":true,"href":"https:\/\/mouldking.store\/vi\/wp-json\/wp\/v2\/product_tag?post=16373"}],"curies":[{"name":"wp","href":"https:\/\/api.w.org\/{rel}","templated":true}]}}