{"id":16375,"date":"2021-09-28T03:31:53","date_gmt":"2021-09-28T03:31:53","guid":{"rendered":"https:\/\/mouldking.store\/product\/sy-0400-the-classic-cruise-titanic-ship-8673844"},"modified":"2021-12-23T09:53:12","modified_gmt":"2021-12-23T09:53:12","slug":"sy-0400-the-classic-cruise-titanic-ship","status":"publish","type":"product","link":"https:\/\/mouldking.store\/vi\/shop\/sy-0400-the-classic-cruise-titanic-ship\/","title":{"rendered":"SY 0400 Con t\u00e0u du l\u1ecbch c\u1ed5 \u0111i\u1ec3n Titanic"},"content":{"rendered":"<p style=\"text-align: left;\"><span>SY 0400 T\u00e0u du l\u1ecbch c\u1ed5 \u0111i\u1ec3n Titanic thu\u1ed9c b\u1ed9 x\u1ebfp h\u00ecnh s\u00ea-ri m\u00f4 h\u00ecnh ti\u00ean ti\u1ebfn. To\u00e0n b\u1ed9 ch\u1ee9a 1333 h\u1ea1t kh\u1ed1i x\u00e2y d\u1ef1ng. <\/span><span>L\u1ea7n \u0111\u1ea7u ti\u00ean \u0111\u01b0\u1ee3c ph\u00e1t h\u00e0nh v\u00e0o n\u0103m 2020.<\/span><\/p>\n<figure id=\"attachment_198251\" aria-describedby=\"caption-attachment-198251\" style=\"width: 800px\" class=\"wp-caption aligncenter\"><a href=\"https:\/\/pay.lpwstore.com\/wp-content\/uploads\/2020\/11\/SY-0400-The-classic-cruise-Titanic-ship.jpg\" target=\"_blank\" rel=\"noopener\"><img fetchpriority=\"high\" decoding=\"async\" class=\"wp-image-198251 size-full\" title=\"SY 0400 Con t\u00e0u du l\u1ecbch c\u1ed5 \u0111i\u1ec3n Titanic \" src=\"https:\/\/pay.lpwstore.com\/wp-content\/uploads\/2020\/11\/SY-0400-The-classic-cruise-Titanic-ship.jpg\" alt=\"SY-0400-The-classic-cruise-Titanic-ship\" width=\"800\" height=\"800\" \/><\/a><figcaption id=\"caption-attachment-198251\" class=\"wp-caption-text\">SY 0400 Con t\u00e0u du l\u1ecbch c\u1ed5 \u0111i\u1ec3n Titanic<\/figcaption><\/figure>\n<p><img decoding=\"async\" class=\"alignnone size-full wp-image-198252 aligncenter\" src=\"https:\/\/pay.lpwstore.com\/wp-content\/uploads\/2020\/11\/SY-0400-The-classic-cruise-Titanic-ship-2.jpg\" alt=\"-\" width=\"800\" height=\"800\" title=\"-\"> <img decoding=\"async\" class=\"alignnone size-full wp-image-198253 aligncenter\" src=\"https:\/\/pay.lpwstore.com\/wp-content\/uploads\/2020\/11\/SY-0400-The-classic-cruise-Titanic-ship-3.jpg\" alt=\"-\" width=\"800\" height=\"800\" title=\"-\"> <img loading=\"lazy\" decoding=\"async\" class=\"alignnone size-full wp-image-198254 aligncenter\" src=\"https:\/\/pay.lpwstore.com\/wp-content\/uploads\/2020\/11\/SY-0400-The-classic-cruise-Titanic-ship-4.jpg\" alt=\"-\" width=\"800\" height=\"800\" title=\"-\"> <img loading=\"lazy\" decoding=\"async\" class=\"alignnone size-full wp-image-198255 aligncenter\" src=\"https:\/\/pay.lpwstore.com\/wp-content\/uploads\/2020\/11\/SY-0400-The-classic-cruise-Titanic-ship-5.jpg\" alt=\"-\" width=\"800\" height=\"800\" title=\"-\"> <img loading=\"lazy\" decoding=\"async\" class=\"alignnone size-full wp-image-198256 aligncenter\" src=\"https:\/\/pay.lpwstore.com\/wp-content\/uploads\/2020\/11\/SY-0400-The-classic-cruise-Titanic-ship-6.jpg\" alt=\"-\" width=\"800\" height=\"800\" title=\"-\"><\/p>","protected":false},"excerpt":{"rendered":"<ul>\n<li>Bao g\u1ed3m <strong>1333+<\/strong> chi\u1ebfc<\/li>\n<li>S\u00e1ch h\u01b0\u1edbng d\u1eabn s\u1eed d\u1ee5ng<\/li>\n<li>Kh\u1ed1i ABS ch\u1ea5t l\u01b0\u1ee3ng cao<\/li>\n<\/ul>","protected":false},"featured_media":16376,"comment_status":"open","ping_status":"closed","template":"","meta":{"_acf_changed":false},"product_cat":[],"product_tag":[],"class_list":["product","first","instock","shipping-taxable","purchasable","product-type-simple"],"acf":[],"_links":{"self":[{"href":"https:\/\/mouldking.store\/vi\/wp-json\/wp\/v2\/product\/16375","targetHints":{"allow":["GET"]}}],"collection":[{"href":"https:\/\/mouldking.store\/vi\/wp-json\/wp\/v2\/product"}],"about":[{"href":"https:\/\/mouldking.store\/vi\/wp-json\/wp\/v2\/types\/product"}],"replies":[{"embeddable":true,"href":"https:\/\/mouldking.store\/vi\/wp-json\/wp\/v2\/comments?post=16375"}],"wp:featuredmedia":[{"embeddable":true,"href":"https:\/\/mouldking.store\/vi\/wp-json\/wp\/v2\/media\/16376"}],"wp:attachment":[{"href":"https:\/\/mouldking.store\/vi\/wp-json\/wp\/v2\/media?parent=16375"}],"wp:term":[{"taxonomy":"product_cat","embeddable":true,"href":"https:\/\/mouldking.store\/vi\/wp-json\/wp\/v2\/product_cat?post=16375"},{"taxonomy":"product_tag","embeddable":true,"href":"https:\/\/mouldking.store\/vi\/wp-json\/wp\/v2\/product_tag?post=16375"}],"curies":[{"name":"wp","href":"https:\/\/api.w.org\/{rel}","templated":true}]}}