{"id":16556,"date":"2021-09-28T03:34:20","date_gmt":"2021-09-28T03:34:20","guid":{"rendered":"https:\/\/mouldking.store\/product\/cada-c81022-electric-groza-assault-rifle-ots-14-7446138"},"modified":"2021-12-23T09:53:09","modified_gmt":"2021-12-23T09:53:09","slug":"cada-c81022-electric-groza-assault-rifle-ots-14","status":"publish","type":"product","link":"https:\/\/mouldking.store\/vi\/shop\/cada-c81022-electric-groza-assault-rifle-ots-14\/","title":{"rendered":"CADA C81022 S\u00fang tr\u01b0\u1eddng t\u1ea5n c\u00f4ng Groza ch\u1ea1y \u0111i\u1ec7n OTs-14"},"content":{"rendered":"<p style=\"text-align: left;\"><span>CADA C81022 Electric Groza assault rifle OTs-14 belongs to the mechanical group series building block set, the whole set contains 1504 building block particles. <\/span><span>L\u1ea7n \u0111\u1ea7u ti\u00ean \u0111\u01b0\u1ee3c ph\u00e1t h\u00e0nh v\u00e0o n\u0103m 2020.<\/span><\/p>\n<figure id=\"attachment_199425\" aria-describedby=\"caption-attachment-199425\" style=\"width: 800px\" class=\"wp-caption aligncenter\"><a href=\"https:\/\/pay.lpwstore.com\/wp-content\/uploads\/2020\/12\/CADA-C81022-Electric-Groza-assault-rifle-OTs-14-2.jpg\" target=\"_blank\" rel=\"noopener\"><img fetchpriority=\"high\" decoding=\"async\" class=\"wp-image-199425 size-full\" title=\"CADA C81022 S\u00fang tr\u01b0\u1eddng t\u1ea5n c\u00f4ng Groza ch\u1ea1y \u0111i\u1ec7n OTs-14\" src=\"https:\/\/pay.lpwstore.com\/wp-content\/uploads\/2020\/12\/CADA-C81022-Electric-Groza-assault-rifle-OTs-14-2.jpg\" alt=\"CADA C81022 Electric Groza assault rifle OTs-14\" width=\"800\" height=\"800\" \/><\/a><figcaption id=\"caption-attachment-199425\" class=\"wp-caption-text\">CADA C81022 S\u00fang tr\u01b0\u1eddng t\u1ea5n c\u00f4ng Groza ch\u1ea1y \u0111i\u1ec7n OTs-14<\/figcaption><\/figure>\n<p><img decoding=\"async\" class=\"alignnone size-full wp-image-199424 aligncenter\" src=\"https:\/\/pay.lpwstore.com\/wp-content\/uploads\/2020\/12\/CADA-C81022-Electric-Groza-assault-rifle-OTs-14.jpg\" alt=\"-\" width=\"800\" height=\"800\" title=\"-\"><\/p>","protected":false},"excerpt":{"rendered":"<ul>\n<li>Bao g\u1ed3m <strong>1504+<\/strong> chi\u1ebfc<\/li>\n<li>S\u00e1ch h\u01b0\u1edbng d\u1eabn s\u1eed d\u1ee5ng<\/li>\n<li>Kh\u1ed1i ABS ch\u1ea5t l\u01b0\u1ee3ng cao<\/li>\n<li>Kh\u00f4ng c\u00f3 h\u1ed9p ban \u0111\u1ea7u<\/li>\n<\/ul>","protected":false},"featured_media":16557,"comment_status":"open","ping_status":"closed","template":"","meta":{"_acf_changed":false},"product_cat":[],"product_tag":[],"class_list":["product","first","instock","shipping-taxable","purchasable","product-type-simple"],"acf":[],"_links":{"self":[{"href":"https:\/\/mouldking.store\/vi\/wp-json\/wp\/v2\/product\/16556","targetHints":{"allow":["GET"]}}],"collection":[{"href":"https:\/\/mouldking.store\/vi\/wp-json\/wp\/v2\/product"}],"about":[{"href":"https:\/\/mouldking.store\/vi\/wp-json\/wp\/v2\/types\/product"}],"replies":[{"embeddable":true,"href":"https:\/\/mouldking.store\/vi\/wp-json\/wp\/v2\/comments?post=16556"}],"wp:featuredmedia":[{"embeddable":true,"href":"https:\/\/mouldking.store\/vi\/wp-json\/wp\/v2\/media\/16557"}],"wp:attachment":[{"href":"https:\/\/mouldking.store\/vi\/wp-json\/wp\/v2\/media?parent=16556"}],"wp:term":[{"taxonomy":"product_cat","embeddable":true,"href":"https:\/\/mouldking.store\/vi\/wp-json\/wp\/v2\/product_cat?post=16556"},{"taxonomy":"product_tag","embeddable":true,"href":"https:\/\/mouldking.store\/vi\/wp-json\/wp\/v2\/product_tag?post=16556"}],"curies":[{"name":"wp","href":"https:\/\/api.w.org\/{rel}","templated":true}]}}