{"id":16648,"date":"2021-09-28T03:35:37","date_gmt":"2021-09-28T03:35:37","guid":{"rendered":"https:\/\/mouldking.store\/product\/pangu-12001-dive-shop-4655401"},"modified":"2021-12-23T09:53:09","modified_gmt":"2021-12-23T09:53:09","slug":"pangu-12001-dive-shop","status":"publish","type":"product","link":"https:\/\/mouldking.store\/vi\/shop\/pangu-12001-dive-shop\/","title":{"rendered":"C\u1eeda h\u00e0ng \u0111\u1ed3 l\u1eb7n PANGU 12001"},"content":{"rendered":"<p style=\"text-align: left;\"><span>PANGU 12001 Dive Shop belongs to the advanced model series building block set, the whole set contains 1460 building block particles. <\/span><span>L\u1ea7n \u0111\u1ea7u ti\u00ean \u0111\u01b0\u1ee3c ph\u00e1t h\u00e0nh v\u00e0o n\u0103m 2020.<\/span><\/p>\n<p style=\"text-align: center;\"><a href=\"https:\/\/pay.lpwstore.com\/wp-content\/uploads\/2020\/12\/PANGU-12001-Dive-Shop.jpg\" target=\"_blank\" rel=\"noopener\"><img fetchpriority=\"high\" decoding=\"async\" class=\"alignnone wp-image-200098 size-full\" title=\"C\u1eeda h\u00e0ng \u0111\u1ed3 l\u1eb7n PANGU 12001\" src=\"https:\/\/pay.lpwstore.com\/wp-content\/uploads\/2020\/12\/PANGU-12001-Dive-Shop.jpg\" alt=\"PANGU 12001 Dive Shop\" width=\"800\" height=\"800\" \/><\/a> <img decoding=\"async\" class=\"alignnone size-full wp-image-200100\" src=\"https:\/\/pay.lpwstore.com\/wp-content\/uploads\/2020\/12\/PANGU-12001-Dive-Shop-3.jpg\" alt=\"-\" width=\"800\" height=\"800\" title=\"-\"> <img decoding=\"async\" class=\"alignnone size-full wp-image-200101\" src=\"https:\/\/pay.lpwstore.com\/wp-content\/uploads\/2020\/12\/PANGU-12001-Dive-Shop-4.jpg\" alt=\"-\" width=\"800\" height=\"800\" title=\"-\"> <img loading=\"lazy\" decoding=\"async\" class=\"alignnone size-full wp-image-200102\" src=\"https:\/\/pay.lpwstore.com\/wp-content\/uploads\/2020\/12\/PANGU-12001-Dive-Shop-5.jpg\" alt=\"-\" width=\"800\" height=\"800\" title=\"-\"> <img loading=\"lazy\" decoding=\"async\" class=\"alignnone size-full wp-image-200103\" src=\"https:\/\/pay.lpwstore.com\/wp-content\/uploads\/2020\/12\/PANGU-12001-Dive-Shop-6.jpg\" alt=\"-\" width=\"800\" height=\"800\" title=\"-\"> <img loading=\"lazy\" decoding=\"async\" class=\"alignnone size-full wp-image-200104\" src=\"https:\/\/pay.lpwstore.com\/wp-content\/uploads\/2020\/12\/PANGU-12001-Dive-Shop-7.jpg\" alt=\"-\" width=\"800\" height=\"800\" title=\"-\"> <img loading=\"lazy\" decoding=\"async\" class=\"alignnone size-full wp-image-200099\" src=\"https:\/\/pay.lpwstore.com\/wp-content\/uploads\/2020\/12\/PANGU-12001-Dive-Shop-2.jpg\" alt=\"-\" width=\"800\" height=\"800\" title=\"-\"><\/p>\n<p style=\"text-align: center;\">","protected":false},"excerpt":{"rendered":"<ul>\n<li>Bao g\u1ed3m\u00a0<strong>1460+<\/strong>\u00a0chi\u1ebfc<\/li>\n<li>S\u00e1ch h\u01b0\u1edbng d\u1eabn s\u1eed d\u1ee5ng<\/li>\n<li>Kh\u1ed1i ABS ch\u1ea5t l\u01b0\u1ee3ng cao<\/li>\n<\/ul>","protected":false},"featured_media":16649,"comment_status":"open","ping_status":"closed","template":"","meta":{"_acf_changed":false},"product_cat":[],"product_tag":[],"class_list":["product","first","instock","shipping-taxable","purchasable","product-type-simple"],"acf":[],"_links":{"self":[{"href":"https:\/\/mouldking.store\/vi\/wp-json\/wp\/v2\/product\/16648","targetHints":{"allow":["GET"]}}],"collection":[{"href":"https:\/\/mouldking.store\/vi\/wp-json\/wp\/v2\/product"}],"about":[{"href":"https:\/\/mouldking.store\/vi\/wp-json\/wp\/v2\/types\/product"}],"replies":[{"embeddable":true,"href":"https:\/\/mouldking.store\/vi\/wp-json\/wp\/v2\/comments?post=16648"}],"wp:featuredmedia":[{"embeddable":true,"href":"https:\/\/mouldking.store\/vi\/wp-json\/wp\/v2\/media\/16649"}],"wp:attachment":[{"href":"https:\/\/mouldking.store\/vi\/wp-json\/wp\/v2\/media?parent=16648"}],"wp:term":[{"taxonomy":"product_cat","embeddable":true,"href":"https:\/\/mouldking.store\/vi\/wp-json\/wp\/v2\/product_cat?post=16648"},{"taxonomy":"product_tag","embeddable":true,"href":"https:\/\/mouldking.store\/vi\/wp-json\/wp\/v2\/product_tag?post=16648"}],"curies":[{"name":"wp","href":"https:\/\/api.w.org\/{rel}","templated":true}]}}