{"id":16665,"date":"2021-09-28T03:35:51","date_gmt":"2021-09-28T03:35:51","guid":{"rendered":"https:\/\/mouldking.store\/product\/sembo-201405-beijing-hong-kong-metro-line-4-2537919"},"modified":"2021-12-23T09:53:09","modified_gmt":"2021-12-23T09:53:09","slug":"sembo-201405-beijing-hong-kong-metro-line-4","status":"publish","type":"product","link":"https:\/\/mouldking.store\/vi\/shop\/sembo-201405-beijing-hong-kong-metro-line-4\/","title":{"rendered":"SEMBO 201405 T\u00e0u \u0111i\u1ec7n ng\u1ea7m B\u1eafc Kinh-H\u1ed3ng K\u00f4ng: Tuy\u1ebfn 4"},"content":{"rendered":"<p style=\"text-align: left;\"><span>SEMBO 201405 Beijing-Hong Kong Metro: Line 4 belongs to the city series building block set, the whole set contains 907 building block particles. <\/span><span>L\u1ea7n \u0111\u1ea7u ti\u00ean \u0111\u01b0\u1ee3c ph\u00e1t h\u00e0nh v\u00e0o n\u0103m 2020.<\/span><\/p>\n<p><a href=\"https:\/\/pay.lpwstore.com\/wp-content\/uploads\/2020\/12\/SEMBO-201405-Beijing-Hong-Kong-Metro-Line-4.jpg\" target=\"_blank\" rel=\"noopener\"><img fetchpriority=\"high\" decoding=\"async\" class=\"aligncenter wp-image-200139 size-full\" title=\"SEMBO 201405 T\u00e0u \u0111i\u1ec7n ng\u1ea7m B\u1eafc Kinh-H\u1ed3ng K\u00f4ng: Tuy\u1ebfn 4 \" src=\"https:\/\/pay.lpwstore.com\/wp-content\/uploads\/2020\/12\/SEMBO-201405-Beijing-Hong-Kong-Metro-Line-4.jpg\" alt=\"SEMBO-201405-Beijing-Hong-Kong-Metro-Line-4\" width=\"800\" height=\"800\" \/><\/a> <img decoding=\"async\" class=\"alignnone size-full wp-image-200140 aligncenter\" src=\"https:\/\/pay.lpwstore.com\/wp-content\/uploads\/2020\/12\/SEMBO-201405-Beijing-Hong-Kong-Metro-Line-5.jpg\" alt=\"-\" width=\"800\" height=\"800\" title=\"-\"> <img decoding=\"async\" class=\"alignnone size-full wp-image-200141 aligncenter\" src=\"https:\/\/pay.lpwstore.com\/wp-content\/uploads\/2020\/12\/SEMBO-201405-Beijing-Hong-Kong-Metro-Line-6.jpg\" alt=\"-\" width=\"800\" height=\"800\" title=\"-\"> <img loading=\"lazy\" decoding=\"async\" class=\"alignnone size-full wp-image-200142 aligncenter\" src=\"https:\/\/pay.lpwstore.com\/wp-content\/uploads\/2020\/12\/SEMBO-201405-Beijing-Hong-Kong-Metro-Line-7.jpg\" alt=\"-\" width=\"800\" height=\"800\" title=\"-\"> <img loading=\"lazy\" decoding=\"async\" class=\"alignnone size-full wp-image-200143 aligncenter\" src=\"https:\/\/pay.lpwstore.com\/wp-content\/uploads\/2020\/12\/SEMBO-201405-Beijing-Hong-Kong-Metro-Line-8.jpg\" alt=\"-\" width=\"800\" height=\"800\" title=\"-\"><\/p>","protected":false},"excerpt":{"rendered":"<ul>\n<li>Bao g\u1ed3m\u00a0<strong>907+<\/strong>\u00a0chi\u1ebfc<\/li>\n<li>S\u00e1ch h\u01b0\u1edbng d\u1eabn<\/li>\n<li>Kh\u1ed1i ABS ch\u1ea5t l\u01b0\u1ee3ng cao<\/li>\n<li>Kh\u00f4ng c\u00f3 h\u1ed9p ban \u0111\u1ea7u<\/li>\n<\/ul>","protected":false},"featured_media":16666,"comment_status":"open","ping_status":"closed","template":"","meta":{"_acf_changed":false},"product_cat":[],"product_tag":[],"class_list":["product","first","instock","shipping-taxable","purchasable","product-type-simple"],"acf":[],"_links":{"self":[{"href":"https:\/\/mouldking.store\/vi\/wp-json\/wp\/v2\/product\/16665","targetHints":{"allow":["GET"]}}],"collection":[{"href":"https:\/\/mouldking.store\/vi\/wp-json\/wp\/v2\/product"}],"about":[{"href":"https:\/\/mouldking.store\/vi\/wp-json\/wp\/v2\/types\/product"}],"replies":[{"embeddable":true,"href":"https:\/\/mouldking.store\/vi\/wp-json\/wp\/v2\/comments?post=16665"}],"wp:featuredmedia":[{"embeddable":true,"href":"https:\/\/mouldking.store\/vi\/wp-json\/wp\/v2\/media\/16666"}],"wp:attachment":[{"href":"https:\/\/mouldking.store\/vi\/wp-json\/wp\/v2\/media?parent=16665"}],"wp:term":[{"taxonomy":"product_cat","embeddable":true,"href":"https:\/\/mouldking.store\/vi\/wp-json\/wp\/v2\/product_cat?post=16665"},{"taxonomy":"product_tag","embeddable":true,"href":"https:\/\/mouldking.store\/vi\/wp-json\/wp\/v2\/product_tag?post=16665"}],"curies":[{"name":"wp","href":"https:\/\/api.w.org\/{rel}","templated":true}]}}