{"id":16696,"date":"2021-09-28T03:36:12","date_gmt":"2021-09-28T03:36:12","guid":{"rendered":"https:\/\/mouldking.store\/product\/mork-10199-brick-town-police-station-1897955"},"modified":"2021-12-23T09:53:08","modified_gmt":"2021-12-23T09:53:08","slug":"mork-10199-brick-town-police-station","status":"publish","type":"product","link":"https:\/\/mouldking.store\/vi\/shop\/mork-10199-brick-town-police-station\/","title":{"rendered":"MORK 10199 \u0110\u1ed3n c\u1ea3nh s\u00e1t th\u1ecb tr\u1ea5n Brick"},"content":{"rendered":"<p style=\"text-align: center;\">MORK 10199 Brick Town Police Station thu\u1ed9c b\u1ed9 x\u1ebfp h\u00ecnh kh\u1ed1i x\u1ebfp h\u00ecnh m\u00f4 h\u00ecnh ti\u00ean ti\u1ebfn. To\u00e0n b\u1ed9 ch\u1ee9a 2967 h\u1ea1t kh\u1ed1i x\u00e2y d\u1ef1ng. L\u1ea7n \u0111\u1ea7u ti\u00ean \u0111\u01b0\u1ee3c ph\u00e1t h\u00e0nh v\u00e0o n\u0103m 2019.<\/p>\n<figure id=\"attachment_205854\" aria-describedby=\"caption-attachment-205854\" style=\"width: 800px\" class=\"wp-caption aligncenter\"><a href=\"https:\/\/pay.lpwstore.com\/wp-content\/uploads\/2021\/01\/MORK-10199-Brick-Town-Police-Station-5.jpg\" target=\"_blank\" rel=\"noopener\"><img fetchpriority=\"high\" decoding=\"async\" class=\"wp-image-205854 size-full\" title=\"MORK 10199 \u0110\u1ed3n c\u1ea3nh s\u00e1t th\u1ecb tr\u1ea5n Brick\" src=\"https:\/\/pay.lpwstore.com\/wp-content\/uploads\/2021\/01\/MORK-10199-Brick-Town-Police-Station-5.jpg\" alt=\"MORK 10199 Brick Town Police Station\" width=\"800\" height=\"800\" \/><\/a><figcaption id=\"caption-attachment-205854\" class=\"wp-caption-text\">MORK 10199 \u0110\u1ed3n c\u1ea3nh s\u00e1t th\u1ecb tr\u1ea5n Brick<\/figcaption><\/figure>\n<p><img decoding=\"async\" class=\"alignnone size-full wp-image-205855 aligncenter\" src=\"https:\/\/pay.lpwstore.com\/wp-content\/uploads\/2021\/01\/MORK-10199-Brick-Town-Police-Station-6.jpg\" alt=\"-\" width=\"800\" height=\"800\" title=\"-\"> <img decoding=\"async\" class=\"alignnone size-full wp-image-205856 aligncenter\" src=\"https:\/\/pay.lpwstore.com\/wp-content\/uploads\/2021\/01\/MORK-10199-Brick-Town-Police-Station-7.jpg\" alt=\"-\" width=\"800\" height=\"800\" title=\"-\"> <img loading=\"lazy\" decoding=\"async\" class=\"alignnone size-full wp-image-205857 aligncenter\" src=\"https:\/\/pay.lpwstore.com\/wp-content\/uploads\/2021\/01\/MORK-10199-Brick-Town-Police-Station-8.jpg\" alt=\"-\" width=\"800\" height=\"800\" title=\"-\"><\/p>","protected":false},"excerpt":{"rendered":"<ul>\n<li>Bao g\u1ed3m <strong>2967+<\/strong> chi\u1ebfc<\/li>\n<li>S\u00e1ch h\u01b0\u1edbng d\u1eabn s\u1eed d\u1ee5ng<\/li>\n<li>Kh\u1ed1i ABS ch\u1ea5t l\u01b0\u1ee3ng cao<\/li>\n<\/ul>","protected":false},"featured_media":16697,"comment_status":"open","ping_status":"closed","template":"","meta":{"_acf_changed":false},"product_cat":[],"product_tag":[],"class_list":["product","first","instock","shipping-taxable","purchasable","product-type-simple"],"acf":[],"_links":{"self":[{"href":"https:\/\/mouldking.store\/vi\/wp-json\/wp\/v2\/product\/16696","targetHints":{"allow":["GET"]}}],"collection":[{"href":"https:\/\/mouldking.store\/vi\/wp-json\/wp\/v2\/product"}],"about":[{"href":"https:\/\/mouldking.store\/vi\/wp-json\/wp\/v2\/types\/product"}],"replies":[{"embeddable":true,"href":"https:\/\/mouldking.store\/vi\/wp-json\/wp\/v2\/comments?post=16696"}],"wp:featuredmedia":[{"embeddable":true,"href":"https:\/\/mouldking.store\/vi\/wp-json\/wp\/v2\/media\/16697"}],"wp:attachment":[{"href":"https:\/\/mouldking.store\/vi\/wp-json\/wp\/v2\/media?parent=16696"}],"wp:term":[{"taxonomy":"product_cat","embeddable":true,"href":"https:\/\/mouldking.store\/vi\/wp-json\/wp\/v2\/product_cat?post=16696"},{"taxonomy":"product_tag","embeddable":true,"href":"https:\/\/mouldking.store\/vi\/wp-json\/wp\/v2\/product_tag?post=16696"}],"curies":[{"name":"wp","href":"https:\/\/api.w.org\/{rel}","templated":true}]}}