{"id":16712,"date":"2021-09-28T03:36:32","date_gmt":"2021-09-28T03:36:32","guid":{"rendered":"https:\/\/mouldking.store\/product\/sembo-105801-dongfeng-17-hypersonic-ballistic-missile-vehicle-3431616"},"modified":"2022-09-20T09:12:02","modified_gmt":"2022-09-20T02:12:02","slug":"sembo-105801-dongfeng-17-hypersonic-ballistic-missile-vehicle","status":"publish","type":"product","link":"https:\/\/mouldking.store\/vi\/shop\/sembo-105801-dongfeng-17-hypersonic-ballistic-missile-vehicle\/","title":{"rendered":"Xe t\u00ean l\u1eeda \u0111\u1ea1n \u0111\u1ea1o si\u00eau thanh Dongfeng-17 SEMBO 105801"},"content":{"rendered":"<p style=\"text-align: left;\"><span>SEMBO 105801 Xe t\u00ean l\u1eeda \u0111\u1ea1n \u0111\u1ea1o si\u00eau thanh Dongfeng-17 thu\u1ed9c b\u1ed9 kh\u1ed1i x\u00e2y d\u1ef1ng s\u00ea-ri qu\u00e2n s\u1ef1, to\u00e0n b\u1ed9 ch\u1ee9a 1277 h\u1ea1t kh\u1ed1i x\u00e2y d\u1ef1ng. <\/span><span>L\u1ea7n \u0111\u1ea7u ti\u00ean \u0111\u01b0\u1ee3c ph\u00e1t h\u00e0nh v\u00e0o n\u0103m 2020.<\/span><\/p>\n<p><a href=\"https:\/\/pay.lpwstore.com\/wp-content\/uploads\/2021\/01\/SEMBO-105801-Dongfeng-17-Hypersonic-Ballistic-Missile-Vehicle.jpg\" target=\"_blank\" rel=\"noopener\"><img fetchpriority=\"high\" decoding=\"async\" class=\"aligncenter wp-image-200427 size-full\" src=\"https:\/\/pay.lpwstore.com\/wp-content\/uploads\/2021\/01\/SEMBO-105801-Dongfeng-17-Hypersonic-Ballistic-Missile-Vehicle.jpg\" alt=\"SEMBO-105801-Dongfeng-17-Hypersonic-Ballistic-Missile-Vehicle\" width=\"800\" height=\"800\" title=\"-\"><\/a> <img decoding=\"async\" class=\"alignnone size-full wp-image-200431 aligncenter\" src=\"https:\/\/pay.lpwstore.com\/wp-content\/uploads\/2021\/01\/SEMBO-105801-Dongfeng-17-Hypersonic-Ballistic-Missile-Vehicle-5.jpg\" alt=\"-\" width=\"800\" height=\"800\" title=\"-\"> <img decoding=\"async\" class=\"alignnone size-full wp-image-200428 aligncenter\" src=\"https:\/\/pay.lpwstore.com\/wp-content\/uploads\/2021\/01\/SEMBO-105801-Dongfeng-17-Hypersonic-Ballistic-Missile-Vehicle-2.jpg\" alt=\"-\" width=\"800\" height=\"800\" title=\"-\"> <img loading=\"lazy\" decoding=\"async\" class=\"alignnone size-full wp-image-200429 aligncenter\" src=\"https:\/\/pay.lpwstore.com\/wp-content\/uploads\/2021\/01\/SEMBO-105801-Dongfeng-17-Hypersonic-Ballistic-Missile-Vehicle-3.jpg\" alt=\"-\" width=\"800\" height=\"800\" title=\"-\"> <img loading=\"lazy\" decoding=\"async\" class=\"alignnone size-full wp-image-200430 aligncenter\" src=\"https:\/\/pay.lpwstore.com\/wp-content\/uploads\/2021\/01\/SEMBO-105801-Dongfeng-17-Hypersonic-Ballistic-Missile-Vehicle-4.jpg\" alt=\"-\" width=\"800\" height=\"800\" title=\"-\"><\/p>","protected":false},"excerpt":{"rendered":"<ul>\n<li>Bao g\u1ed3m\u00a0<strong>1277+<\/strong>\u00a0chi\u1ebfc<\/li>\n<li>S\u00e1ch h\u01b0\u1edbng d\u1eabn s\u1eed d\u1ee5ng<\/li>\n<li>Kh\u1ed1i ABS ch\u1ea5t l\u01b0\u1ee3ng cao<\/li>\n<li>Kh\u00f4ng c\u00f3 h\u1ed9p ban \u0111\u1ea7u<\/li>\n<\/ul>","protected":false},"featured_media":16713,"comment_status":"open","ping_status":"closed","template":"","meta":{"_acf_changed":false},"product_cat":[],"product_tag":[],"class_list":["product","first","instock","shipping-taxable","purchasable","product-type-simple"],"acf":[],"_links":{"self":[{"href":"https:\/\/mouldking.store\/vi\/wp-json\/wp\/v2\/product\/16712","targetHints":{"allow":["GET"]}}],"collection":[{"href":"https:\/\/mouldking.store\/vi\/wp-json\/wp\/v2\/product"}],"about":[{"href":"https:\/\/mouldking.store\/vi\/wp-json\/wp\/v2\/types\/product"}],"replies":[{"embeddable":true,"href":"https:\/\/mouldking.store\/vi\/wp-json\/wp\/v2\/comments?post=16712"}],"wp:featuredmedia":[{"embeddable":true,"href":"https:\/\/mouldking.store\/vi\/wp-json\/wp\/v2\/media\/16713"}],"wp:attachment":[{"href":"https:\/\/mouldking.store\/vi\/wp-json\/wp\/v2\/media?parent=16712"}],"wp:term":[{"taxonomy":"product_cat","embeddable":true,"href":"https:\/\/mouldking.store\/vi\/wp-json\/wp\/v2\/product_cat?post=16712"},{"taxonomy":"product_tag","embeddable":true,"href":"https:\/\/mouldking.store\/vi\/wp-json\/wp\/v2\/product_tag?post=16712"}],"curies":[{"name":"wp","href":"https:\/\/api.w.org\/{rel}","templated":true}]}}