{"id":16767,"date":"2021-09-28T03:37:06","date_gmt":"2021-09-28T03:37:06","guid":{"rendered":"https:\/\/mouldking.store\/product\/lej-50029-ford-f-150-shelby-pickup-5341055"},"modified":"2021-12-23T09:53:07","modified_gmt":"2021-12-23T09:53:07","slug":"lej-50029-ford-f-150-shelby-pickup","status":"publish","type":"product","link":"https:\/\/mouldking.store\/vi\/shop\/lej-50029-ford-f-150-shelby-pickup\/","title":{"rendered":"LEJ 50029 Ford F-150 Shelby Pickup"},"content":{"rendered":"<p><span>LEJ 50029 Ford F-150 Shelby Pickup belongs to the mechanical group series building block set, the whole set contains 1711 building block particles. <\/span><span>L\u1ea7n \u0111\u1ea7u ti\u00ean \u0111\u01b0\u1ee3c ph\u00e1t h\u00e0nh v\u00e0o n\u0103m 2021.<\/span><\/p>\n<p><a href=\"https:\/\/pay.lpwstore.com\/wp-content\/uploads\/2021\/01\/LEJ-50029-Ford-F-150-Shelby-Pickup-2.jpg\" target=\"_blank\" rel=\"noopener\"><img fetchpriority=\"high\" decoding=\"async\" class=\"aligncenter wp-image-200761 size-full\" title=\"LEJ 50029 Ford F-150 Shelby Pickup\" src=\"https:\/\/pay.lpwstore.com\/wp-content\/uploads\/2021\/01\/LEJ-50029-Ford-F-150-Shelby-Pickup-2.jpg\" alt=\"-\" width=\"800\" height=\"1175\"><\/a><\/p>","protected":false},"excerpt":{"rendered":"<p><span style=\"font-size: 150%; color: #ff0000;\"><strong>PRESELL! AVAILABLE IN FEB 2021<\/strong><\/span><\/p>\n<ul>\n<li>Bao g\u1ed3m\u00a0<strong>1711+<\/strong>\u00a0chi\u1ebfc<\/li>\n<li>S\u00e1ch h\u01b0\u1edbng d\u1eabn s\u1eed d\u1ee5ng<\/li>\n<li>Kh\u1ed1i ABS ch\u1ea5t l\u01b0\u1ee3ng cao<\/li>\n<li>Kh\u00f4ng c\u00f3 h\u1ed9p ban \u0111\u1ea7u<\/li>\n<\/ul>","protected":false},"featured_media":16768,"comment_status":"open","ping_status":"closed","template":"","meta":{"_acf_changed":false},"product_cat":[],"product_tag":[],"class_list":["product","first","instock","shipping-taxable","purchasable","product-type-simple"],"acf":[],"_links":{"self":[{"href":"https:\/\/mouldking.store\/vi\/wp-json\/wp\/v2\/product\/16767","targetHints":{"allow":["GET"]}}],"collection":[{"href":"https:\/\/mouldking.store\/vi\/wp-json\/wp\/v2\/product"}],"about":[{"href":"https:\/\/mouldking.store\/vi\/wp-json\/wp\/v2\/types\/product"}],"replies":[{"embeddable":true,"href":"https:\/\/mouldking.store\/vi\/wp-json\/wp\/v2\/comments?post=16767"}],"wp:featuredmedia":[{"embeddable":true,"href":"https:\/\/mouldking.store\/vi\/wp-json\/wp\/v2\/media\/16768"}],"wp:attachment":[{"href":"https:\/\/mouldking.store\/vi\/wp-json\/wp\/v2\/media?parent=16767"}],"wp:term":[{"taxonomy":"product_cat","embeddable":true,"href":"https:\/\/mouldking.store\/vi\/wp-json\/wp\/v2\/product_cat?post=16767"},{"taxonomy":"product_tag","embeddable":true,"href":"https:\/\/mouldking.store\/vi\/wp-json\/wp\/v2\/product_tag?post=16767"}],"curies":[{"name":"wp","href":"https:\/\/api.w.org\/{rel}","templated":true}]}}