{"id":16774,"date":"2021-09-28T03:37:20","date_gmt":"2021-09-28T03:37:20","guid":{"rendered":"https:\/\/mouldking.store\/product\/cada-c61030-pagani-z-wind-112-super-car-1873367"},"modified":"2021-10-11T02:54:13","modified_gmt":"2021-10-11T02:54:13","slug":"cada-c61030-pagani-z-wind-112-super-car","status":"publish","type":"product","link":"https:\/\/mouldking.store\/vi\/shop\/cada-c61030-pagani-z-wind-112-super-car\/","title":{"rendered":"CADA C61030 Pagani Z-Wind 1:12 Super Car"},"content":{"rendered":"<p style=\"text-align: left;\"><span>CADA C61030 Pagani Z-Wind 1:12 Super Car belongs to the mechanical group series building block set, the whole set contains 959 building block particles. <\/span><span>L\u1ea7n \u0111\u1ea7u ti\u00ean \u0111\u01b0\u1ee3c ph\u00e1t h\u00e0nh v\u00e0o n\u0103m 2020.<\/span><\/p>\n<p><a href=\"https:\/\/pay.lpwstore.com\/wp-content\/uploads\/2021\/01\/CADA-C61030-Pagani-Z-Wind-112-Super-Car-2.jpg\" target=\"_blank\" rel=\"noopener\"><img fetchpriority=\"high\" decoding=\"async\" class=\"aligncenter wp-image-200772 size-full\" src=\"https:\/\/pay.lpwstore.com\/wp-content\/uploads\/2021\/01\/CADA-C61030-Pagani-Z-Wind-112-Super-Car-2.jpg\" alt=\"CADA-C61030-Pagani-Z-Wind-112-Super-Car-2\" width=\"800\" height=\"800\" title=\"-\"><\/a> <img decoding=\"async\" class=\"alignnone size-full wp-image-200773 aligncenter\" src=\"https:\/\/pay.lpwstore.com\/wp-content\/uploads\/2021\/01\/CADA-C61030-Pagani-Z-Wind-112-Super-Car-3.jpg\" alt=\"-\" width=\"800\" height=\"800\" title=\"-\"> <img decoding=\"async\" class=\"alignnone size-full wp-image-200774 aligncenter\" src=\"https:\/\/pay.lpwstore.com\/wp-content\/uploads\/2021\/01\/CADA-C61030-Pagani-Z-Wind-112-Super-Car-4.jpg\" alt=\"-\" width=\"800\" height=\"800\" title=\"-\"> <img loading=\"lazy\" decoding=\"async\" class=\"alignnone size-full wp-image-200775 aligncenter\" src=\"https:\/\/pay.lpwstore.com\/wp-content\/uploads\/2021\/01\/CADA-C61030-Pagani-Z-Wind-112-Super-Car-5.jpg\" alt=\"-\" width=\"800\" height=\"800\" title=\"-\"> <img loading=\"lazy\" decoding=\"async\" class=\"alignnone size-full wp-image-200771 aligncenter\" src=\"https:\/\/pay.lpwstore.com\/wp-content\/uploads\/2021\/01\/CADA-C61030-Pagani-Z-Wind-112-Super-Car.jpg\" alt=\"-\" width=\"800\" height=\"800\" title=\"-\"><\/p>","protected":false},"excerpt":{"rendered":"<ul>\n<li>Bao g\u1ed3m\u00a0<strong>959+<\/strong>\u00a0chi\u1ebfc<\/li>\n<li>S\u00e1ch h\u01b0\u1edbng d\u1eabn s\u1eed d\u1ee5ng<\/li>\n<li>Kh\u1ed1i ABS ch\u1ea5t l\u01b0\u1ee3ng cao<\/li>\n<li>Kh\u00f4ng c\u00f3 h\u1ed9p ban \u0111\u1ea7u<\/li>\n<\/ul>","protected":false},"featured_media":16775,"comment_status":"open","ping_status":"closed","template":"","meta":{"_acf_changed":false},"product_cat":[],"product_tag":[],"class_list":["product","first","instock","shipping-taxable","purchasable","product-type-simple"],"acf":[],"_links":{"self":[{"href":"https:\/\/mouldking.store\/vi\/wp-json\/wp\/v2\/product\/16774","targetHints":{"allow":["GET"]}}],"collection":[{"href":"https:\/\/mouldking.store\/vi\/wp-json\/wp\/v2\/product"}],"about":[{"href":"https:\/\/mouldking.store\/vi\/wp-json\/wp\/v2\/types\/product"}],"replies":[{"embeddable":true,"href":"https:\/\/mouldking.store\/vi\/wp-json\/wp\/v2\/comments?post=16774"}],"wp:featuredmedia":[{"embeddable":true,"href":"https:\/\/mouldking.store\/vi\/wp-json\/wp\/v2\/media\/16775"}],"wp:attachment":[{"href":"https:\/\/mouldking.store\/vi\/wp-json\/wp\/v2\/media?parent=16774"}],"wp:term":[{"taxonomy":"product_cat","embeddable":true,"href":"https:\/\/mouldking.store\/vi\/wp-json\/wp\/v2\/product_cat?post=16774"},{"taxonomy":"product_tag","embeddable":true,"href":"https:\/\/mouldking.store\/vi\/wp-json\/wp\/v2\/product_tag?post=16774"}],"curies":[{"name":"wp","href":"https:\/\/api.w.org\/{rel}","templated":true}]}}