{"id":16799,"date":"2021-09-28T03:37:33","date_gmt":"2021-09-28T03:37:33","guid":{"rendered":"https:\/\/mouldking.store\/product\/sx-6010-harry-potter-hogwarts-clock-tower-compatible-moc-75948-king-80025-j10001-3982221"},"modified":"2025-12-25T09:28:04","modified_gmt":"2025-12-25T02:28:04","slug":"sx-6010-harry-potter-hogwarts-clock-tower-compatible-moc-75948-king-80025-j10001","status":"publish","type":"product","link":"https:\/\/mouldking.store\/vi\/shop\/sx-6010-harry-potter-hogwarts-clock-tower-compatible-moc-75948-king-80025-j10001\/","title":{"rendered":"SX 6010 Harry Potter: Th\u00e1p \u0111\u1ed3ng h\u1ed3 Hogwarts T\u01b0\u01a1ng th\u00edch MOC 75948 KING 80025 J10001"},"content":{"rendered":"<p style=\"text-align: left;\">SX 6010 Harry Potter: Th\u00e1p \u0111\u1ed3ng h\u1ed3 Hogwarts T\u01b0\u01a1ng th\u00edch LEGO 75948 thu\u1ed9c b\u1ed9 kh\u1ed1i x\u00e2y d\u1ef1ng s\u00ea-ri phim v\u00e0 tr\u00f2 ch\u01a1i truy\u1ec1n h\u00ecnh, c\u1ea3 b\u1ed9 ch\u1ee9a 922 h\u1ea1t kh\u1ed1i x\u00e2y d\u1ef1ng. \u0110\u01b0\u1ee3c ph\u00e1t h\u00e0nh l\u1ea7n \u0111\u1ea7u v\u00e0o n\u0103m 2019.<\/p>\n<p><a href=\"https:\/\/pay.lpwstore.com\/wp-content\/uploads\/2021\/01\/SX-6010-Harry-Potter-Hogwarts-Clock-Tower-Compatible-LEGO-75948-2.jpg\" target=\"_blank\" rel=\"noopener\"><img fetchpriority=\"high\" decoding=\"async\" class=\"aligncenter wp-image-200812 size-full\" src=\"https:\/\/pay.lpwstore.com\/wp-content\/uploads\/2021\/01\/SX-6010-Harry-Potter-Hogwarts-Clock-Tower-Compatible-LEGO-75948-2.jpg\" alt=\"SX-6010-Harry-Potter-Hogwarts-Clock-Tower-Compatible-LEGO-75948-2\" width=\"800\" height=\"800\" title=\"-\"><\/a> <img decoding=\"async\" class=\"alignnone size-full wp-image-200811 aligncenter\" src=\"https:\/\/pay.lpwstore.com\/wp-content\/uploads\/2021\/01\/SX-6010-Harry-Potter-Hogwarts-Clock-Tower-Compatible-LEGO-75948.jpg\" alt=\"-\" width=\"800\" height=\"800\" title=\"-\"> <img decoding=\"async\" class=\"alignnone size-full wp-image-200813 aligncenter\" src=\"https:\/\/pay.lpwstore.com\/wp-content\/uploads\/2021\/01\/SX-6010-Harry-Potter-Hogwarts-Clock-Tower-Compatible-LEGO-75948-3.jpg\" alt=\"-\" width=\"800\" height=\"800\" title=\"-\"> <img loading=\"lazy\" decoding=\"async\" class=\"alignnone size-full wp-image-200814 aligncenter\" src=\"https:\/\/pay.lpwstore.com\/wp-content\/uploads\/2021\/01\/SX-6010-Harry-Potter-Hogwarts-Clock-Tower-Compatible-LEGO-75948-4.jpg\" alt=\"-\" width=\"800\" height=\"800\" title=\"-\"><\/p>","protected":false},"excerpt":{"rendered":"<ul>\n<li>Bao g\u1ed3m <strong>922+<\/strong> chi\u1ebfc<\/li>\n<li>S\u00e1ch h\u01b0\u1edbng d\u1eabn s\u1eed d\u1ee5ng<\/li>\n<li>Kh\u1ed1i ABS ch\u1ea5t l\u01b0\u1ee3ng cao<\/li>\n<li>Kh\u00f4ng c\u00f3 h\u1ed9p ban \u0111\u1ea7u<\/li>\n<\/ul>","protected":false},"featured_media":16800,"comment_status":"open","ping_status":"closed","template":"","meta":{"_acf_changed":false},"product_cat":[],"product_tag":[],"class_list":["product","first","instock","shipping-taxable","purchasable","product-type-simple"],"acf":[],"_links":{"self":[{"href":"https:\/\/mouldking.store\/vi\/wp-json\/wp\/v2\/product\/16799","targetHints":{"allow":["GET"]}}],"collection":[{"href":"https:\/\/mouldking.store\/vi\/wp-json\/wp\/v2\/product"}],"about":[{"href":"https:\/\/mouldking.store\/vi\/wp-json\/wp\/v2\/types\/product"}],"replies":[{"embeddable":true,"href":"https:\/\/mouldking.store\/vi\/wp-json\/wp\/v2\/comments?post=16799"}],"wp:featuredmedia":[{"embeddable":true,"href":"https:\/\/mouldking.store\/vi\/wp-json\/wp\/v2\/media\/16800"}],"wp:attachment":[{"href":"https:\/\/mouldking.store\/vi\/wp-json\/wp\/v2\/media?parent=16799"}],"wp:term":[{"taxonomy":"product_cat","embeddable":true,"href":"https:\/\/mouldking.store\/vi\/wp-json\/wp\/v2\/product_cat?post=16799"},{"taxonomy":"product_tag","embeddable":true,"href":"https:\/\/mouldking.store\/vi\/wp-json\/wp\/v2\/product_tag?post=16799"}],"curies":[{"name":"wp","href":"https:\/\/api.w.org\/{rel}","templated":true}]}}