{"id":16807,"date":"2021-09-28T03:37:42","date_gmt":"2021-09-27T20:37:42","guid":{"rendered":"https:\/\/mouldking.store\/product\/mork-031003-apollo-saturn-v-launch-umbilical-tower-1758095"},"modified":"2024-03-11T15:52:19","modified_gmt":"2024-03-11T08:52:19","slug":"mork-031003-apollo-saturn-v-launch-umbilical-tower","status":"publish","type":"product","link":"https:\/\/mouldking.store\/vi\/shop\/mork-031003-apollo-saturn-v-launch-umbilical-tower\/","title":{"rendered":"MORK 031003 Th\u00e1p r\u1ed1n ra m\u1eaft Apollo Saturn V"},"content":{"rendered":"<p style=\"text-align: left;\">MORK 031003 Th\u00e1p r\u1ed1n ph\u00f3ng t\u00e0u Apollo Saturn V l\u00e0 m\u1ed9t b\u1ed9 trong b\u1ed9 s\u01b0u t\u1eadp Kh\u00f4ng gian. MORK 031003 \u0111i k\u00e8m v\u1edbi h\u01b0\u1edbng d\u1eabn th\u1ee7 c\u00f4ng gi\u00fap d\u1ec5 d\u00e0ng x\u00e2y d\u1ef1ng v\u00e0 t\u00ecm c\u00e1c m\u1ea3nh c\u00f2n thi\u1ebfu. B\u1ed9 g\u1ed3m 3586 mi\u1ebfng, ph\u00e1t h\u00e0nh l\u1ea7n \u0111\u1ea7u v\u00e0o n\u0103m 2021.<\/p>\n<p><a href=\"https:\/\/pay.lpwstore.com\/wp-content\/uploads\/2021\/01\/MORK-031003-Apollo-Saturn-V-Launch-Umbilical-Tower.jpg\" target=\"_blank\" rel=\"noopener\"><img fetchpriority=\"high\" decoding=\"async\" class=\"aligncenter wp-image-201070 size-full\" src=\"https:\/\/pay.lpwstore.com\/wp-content\/uploads\/2021\/01\/MORK-031003-Apollo-Saturn-V-Launch-Umbilical-Tower.jpg\" alt=\"MORK-031003-Apollo-Saturn-V-Launch-Umbilical-Tower\" width=\"800\" height=\"800\" title=\"-\"><\/a> <img decoding=\"async\" class=\"alignnone size-full wp-image-201071 aligncenter\" src=\"https:\/\/pay.lpwstore.com\/wp-content\/uploads\/2021\/01\/MORK-031003-Apollo-Saturn-V-Launch-Umbilical-Tower-2.jpg\" alt=\"-\" width=\"800\" height=\"800\" title=\"-\"> <img decoding=\"async\" class=\"alignnone size-full wp-image-201072 aligncenter\" src=\"https:\/\/pay.lpwstore.com\/wp-content\/uploads\/2021\/01\/MORK-031003-Apollo-Saturn-V-Launch-Umbilical-Tower-3.jpg\" alt=\"-\" width=\"800\" height=\"800\" title=\"-\"> <img loading=\"lazy\" decoding=\"async\" class=\"alignnone size-full wp-image-201073 aligncenter\" src=\"https:\/\/pay.lpwstore.com\/wp-content\/uploads\/2021\/01\/MORK-031003-Apollo-Saturn-V-Launch-Umbilical-Tower-4.jpg\" alt=\"-\" width=\"800\" height=\"800\" title=\"-\"> <img loading=\"lazy\" decoding=\"async\" class=\"alignnone size-full wp-image-201074 aligncenter\" src=\"https:\/\/pay.lpwstore.com\/wp-content\/uploads\/2021\/01\/MORK-031003-Apollo-Saturn-V-Launch-Umbilical-Tower-5.jpg\" alt=\"-\" width=\"800\" height=\"800\" title=\"-\"><\/p>","protected":false},"excerpt":{"rendered":"<ul>\n<li>Bao g\u1ed3m <strong>3586+<\/strong> chi\u1ebfc<\/li>\n<li>S\u00e1ch h\u01b0\u1edbng d\u1eabn s\u1eed d\u1ee5ng<\/li>\n<li>Kh\u1ed1i ABS ch\u1ea5t l\u01b0\u1ee3ng cao<\/li>\n<li>Kh\u00f4ng c\u00f3 h\u1ed9p ban \u0111\u1ea7u<\/li>\n<\/ul>","protected":false},"featured_media":16808,"comment_status":"open","ping_status":"closed","template":"","meta":{"_acf_changed":false},"product_cat":[15],"product_tag":[],"class_list":["product","first","outofstock","shipping-taxable","purchasable","product-type-simple"],"acf":[],"_links":{"self":[{"href":"https:\/\/mouldking.store\/vi\/wp-json\/wp\/v2\/product\/16807","targetHints":{"allow":["GET"]}}],"collection":[{"href":"https:\/\/mouldking.store\/vi\/wp-json\/wp\/v2\/product"}],"about":[{"href":"https:\/\/mouldking.store\/vi\/wp-json\/wp\/v2\/types\/product"}],"replies":[{"embeddable":true,"href":"https:\/\/mouldking.store\/vi\/wp-json\/wp\/v2\/comments?post=16807"}],"wp:featuredmedia":[{"embeddable":true,"href":"https:\/\/mouldking.store\/vi\/wp-json\/wp\/v2\/media\/16808"}],"wp:attachment":[{"href":"https:\/\/mouldking.store\/vi\/wp-json\/wp\/v2\/media?parent=16807"}],"wp:term":[{"taxonomy":"product_cat","embeddable":true,"href":"https:\/\/mouldking.store\/vi\/wp-json\/wp\/v2\/product_cat?post=16807"},{"taxonomy":"product_tag","embeddable":true,"href":"https:\/\/mouldking.store\/vi\/wp-json\/wp\/v2\/product_tag?post=16807"}],"curies":[{"name":"wp","href":"https:\/\/api.w.org\/{rel}","templated":true}]}}