{"id":16823,"date":"2021-09-28T03:37:54","date_gmt":"2021-09-28T03:37:54","guid":{"rendered":"https:\/\/mouldking.store\/product\/sy-8607-koenigsegg-one-super-car-8088284"},"modified":"2021-12-23T09:53:06","modified_gmt":"2021-12-23T09:53:06","slug":"sy-8607-koenigsegg-one-super-car","status":"publish","type":"product","link":"https:\/\/mouldking.store\/vi\/shop\/sy-8607-koenigsegg-one-super-car\/","title":{"rendered":"SY 8607 Koenigsegg One Super Car"},"content":{"rendered":"<p style=\"text-align: left;\"><span>SY 8607 Koenigsegg One Super Car belongs to the mechanical group series building block set, the whole set contains 1275 building block particles. <\/span><span>L\u1ea7n \u0111\u1ea7u ti\u00ean \u0111\u01b0\u1ee3c ph\u00e1t h\u00e0nh v\u00e0o n\u0103m 2021.<\/span><\/p>\n<figure id=\"attachment_201309\" aria-describedby=\"caption-attachment-201309\" style=\"width: 800px\" class=\"wp-caption aligncenter\"><a href=\"https:\/\/pay.lpwstore.com\/wp-content\/uploads\/2021\/01\/SY-8607-Koenigsegg-One-Super-Car.jpg\" target=\"_blank\" rel=\"noopener\"><img fetchpriority=\"high\" decoding=\"async\" class=\"wp-image-201309 size-full\" title=\"SY 8607 Koenigsegg One Super Car\" src=\"https:\/\/pay.lpwstore.com\/wp-content\/uploads\/2021\/01\/SY-8607-Koenigsegg-One-Super-Car.jpg\" alt=\"SY 8607 Koenigsegg One Super Car\" width=\"800\" height=\"800\" \/><\/a><figcaption id=\"caption-attachment-201309\" class=\"wp-caption-text\">SY 8607 Koenigsegg One Super Car<\/figcaption><\/figure>\n<p><img decoding=\"async\" class=\"alignnone size-full wp-image-201310 aligncenter\" src=\"https:\/\/pay.lpwstore.com\/wp-content\/uploads\/2021\/01\/SY-8607-Koenigsegg-One-Super-Car-2.jpg\" alt=\"-\" width=\"800\" height=\"800\" title=\"-\"> <img decoding=\"async\" class=\"alignnone size-full wp-image-201311 aligncenter\" src=\"https:\/\/pay.lpwstore.com\/wp-content\/uploads\/2021\/01\/SY-8607-Koenigsegg-One-Super-Car-3.jpg\" alt=\"-\" width=\"800\" height=\"800\" title=\"-\"> <img loading=\"lazy\" decoding=\"async\" class=\"alignnone size-full wp-image-201312 aligncenter\" src=\"https:\/\/pay.lpwstore.com\/wp-content\/uploads\/2021\/01\/SY-8607-Koenigsegg-One-Super-Car-4.jpg\" alt=\"-\" width=\"800\" height=\"800\" title=\"-\"><\/p>","protected":false},"excerpt":{"rendered":"<ul>\n<li>Bao g\u1ed3m <strong>1275+<\/strong> chi\u1ebfc<\/li>\n<li>S\u00e1ch h\u01b0\u1edbng d\u1eabn s\u1eed d\u1ee5ng<\/li>\n<li>Kh\u1ed1i ABS ch\u1ea5t l\u01b0\u1ee3ng cao<\/li>\n<\/ul>","protected":false},"featured_media":16824,"comment_status":"open","ping_status":"closed","template":"","meta":{"_acf_changed":false},"product_cat":[],"product_tag":[],"class_list":["product","first","instock","shipping-taxable","purchasable","product-type-simple"],"acf":[],"_links":{"self":[{"href":"https:\/\/mouldking.store\/vi\/wp-json\/wp\/v2\/product\/16823","targetHints":{"allow":["GET"]}}],"collection":[{"href":"https:\/\/mouldking.store\/vi\/wp-json\/wp\/v2\/product"}],"about":[{"href":"https:\/\/mouldking.store\/vi\/wp-json\/wp\/v2\/types\/product"}],"replies":[{"embeddable":true,"href":"https:\/\/mouldking.store\/vi\/wp-json\/wp\/v2\/comments?post=16823"}],"wp:featuredmedia":[{"embeddable":true,"href":"https:\/\/mouldking.store\/vi\/wp-json\/wp\/v2\/media\/16824"}],"wp:attachment":[{"href":"https:\/\/mouldking.store\/vi\/wp-json\/wp\/v2\/media?parent=16823"}],"wp:term":[{"taxonomy":"product_cat","embeddable":true,"href":"https:\/\/mouldking.store\/vi\/wp-json\/wp\/v2\/product_cat?post=16823"},{"taxonomy":"product_tag","embeddable":true,"href":"https:\/\/mouldking.store\/vi\/wp-json\/wp\/v2\/product_tag?post=16823"}],"curies":[{"name":"wp","href":"https:\/\/api.w.org\/{rel}","templated":true}]}}