{"id":16834,"date":"2021-09-28T03:38:09","date_gmt":"2021-09-27T20:38:09","guid":{"rendered":"https:\/\/mouldking.store\/product\/18k-k83-world-of-warcraft-the-lich-king-arthas-7121017"},"modified":"2022-10-03T10:17:56","modified_gmt":"2022-10-03T03:17:56","slug":"18k-k83-world-of-warcraft-the-lich-king-arthas","status":"publish","type":"product","link":"https:\/\/mouldking.store\/vi\/shop\/18k-k83-world-of-warcraft-the-lich-king-arthas\/","title":{"rendered":"18K K83 World of Warcraft Lich King Arthas"},"content":{"rendered":"<p style=\"text-align: left;\">18K K83 World of Warcraft The Lich King Arthas thu\u1ed9c b\u1ed9 kh\u1ed1i x\u00e2y d\u1ef1ng s\u00ea-ri phim v\u00e0 tr\u00f2 ch\u01a1i truy\u1ec1n h\u00ecnh, to\u00e0n b\u1ed9 b\u1ed9 ch\u1ee9a 1680 h\u1ea1t kh\u1ed1i x\u00e2y d\u1ef1ng. L\u1ea7n \u0111\u1ea7u ti\u00ean \u0111\u01b0\u1ee3c ph\u00e1t h\u00e0nh v\u00e0o n\u0103m 2020.<\/p>\n<p><img fetchpriority=\"high\" decoding=\"async\" class=\"size-full wp-image-203199 aligncenter\" src=\"https:\/\/pay.lpwstore.com\/wp-content\/uploads\/2021\/01\/18K-K83-World-of-Warcraft-The-Lich-King-Arthas-1.jpg\" alt=\"18K-K83-World-of-Warcraft-The-Lich-King-Arthas\" width=\"800\" height=\"800\" title=\"-\"><\/p>\n<figure id=\"attachment_201324\" aria-describedby=\"caption-attachment-201324\" style=\"width: 800px\" class=\"wp-caption aligncenter\"><a href=\"https:\/\/pay.lpwstore.com\/wp-content\/uploads\/2021\/01\/18K-K83-World-of-Warcraft-The-Lich-King-Arthas.jpg\" target=\"_blank\" rel=\"noopener\"><img decoding=\"async\" class=\"wp-image-201324 size-full\" title=\"18K K83 World of Warcraft Lich King Arthas\" src=\"https:\/\/pay.lpwstore.com\/wp-content\/uploads\/2021\/01\/18K-K83-World-of-Warcraft-The-Lich-King-Arthas.jpg\" alt=\"18K K83 World of Warcraft The Lich King Arthas\" width=\"800\" height=\"800\" \/><\/a><figcaption id=\"caption-attachment-201324\" class=\"wp-caption-text\">18K K83 World of Warcraft Lich King Arthas<\/figcaption><\/figure>\n<p><img decoding=\"async\" class=\"alignnone size-full wp-image-201325 aligncenter\" src=\"https:\/\/pay.lpwstore.com\/wp-content\/uploads\/2021\/01\/18K-K83-World-of-Warcraft-The-Lich-King-Arthas-2.jpg\" alt=\"-\" width=\"800\" height=\"800\" title=\"-\"> <img loading=\"lazy\" decoding=\"async\" class=\"alignnone size-full wp-image-201326 aligncenter\" src=\"https:\/\/pay.lpwstore.com\/wp-content\/uploads\/2021\/01\/18K-K83-World-of-Warcraft-The-Lich-King-Arthas-3.jpg\" alt=\"-\" width=\"800\" height=\"800\" title=\"-\"> <img loading=\"lazy\" decoding=\"async\" class=\"alignnone size-full wp-image-201327 aligncenter\" src=\"https:\/\/pay.lpwstore.com\/wp-content\/uploads\/2021\/01\/18K-K83-World-of-Warcraft-The-Lich-King-Arthas-4.jpg\" alt=\"-\" width=\"800\" height=\"800\" title=\"-\"> <img loading=\"lazy\" decoding=\"async\" class=\"alignnone size-full wp-image-201328 aligncenter\" src=\"https:\/\/pay.lpwstore.com\/wp-content\/uploads\/2021\/01\/18K-K83-World-of-Warcraft-The-Lich-King-Arthas-5.jpg\" alt=\"18K-K83-World-of-Warcraft-The-Lich-King-Arthas-5\" width=\"800\" height=\"800\" title=\"-\"> <img loading=\"lazy\" decoding=\"async\" class=\"alignnone size-full wp-image-201329 aligncenter\" src=\"https:\/\/pay.lpwstore.com\/wp-content\/uploads\/2021\/01\/18K-K83-World-of-Warcraft-The-Lich-King-Arthas-6.jpg\" alt=\"-\" width=\"800\" height=\"800\" title=\"-\"> <img loading=\"lazy\" decoding=\"async\" class=\"alignnone size-full wp-image-201330 aligncenter\" src=\"https:\/\/pay.lpwstore.com\/wp-content\/uploads\/2021\/01\/18K-K83-World-of-Warcraft-The-Lich-King-Arthas-7.jpg\" alt=\"-\" width=\"800\" height=\"800\" title=\"-\"><\/p>","protected":false},"excerpt":{"rendered":"<ul>\n<li>Bao g\u1ed3m <strong>1680+<\/strong> chi\u1ebfc<\/li>\n<li>S\u00e1ch h\u01b0\u1edbng d\u1eabn s\u1eed d\u1ee5ng<\/li>\n<li>Kh\u1ed1i ABS ch\u1ea5t l\u01b0\u1ee3ng cao<\/li>\n<li>Kh\u00f4ng c\u00f3 h\u1ed9p ban \u0111\u1ea7u<\/li>\n<\/ul>\n<p><img decoding=\"async\" class=\"aligncenter\" src=\"https:\/\/i.ytimg.com\/vi\/QZnimc7K6Tg\/maxresdefault.jpg\" alt=\"World of Warcraft: Wrath of the Lich King \u2014 Tr\u00e1iler Cinem\u00e1tico - YouTube\" \/><\/p>","protected":false},"featured_media":16835,"comment_status":"open","ping_status":"closed","template":"","meta":{"_acf_changed":false},"product_cat":[15],"product_tag":[],"class_list":["product","first","outofstock","sale","shipping-taxable","purchasable","product-type-simple"],"acf":[],"_links":{"self":[{"href":"https:\/\/mouldking.store\/vi\/wp-json\/wp\/v2\/product\/16834","targetHints":{"allow":["GET"]}}],"collection":[{"href":"https:\/\/mouldking.store\/vi\/wp-json\/wp\/v2\/product"}],"about":[{"href":"https:\/\/mouldking.store\/vi\/wp-json\/wp\/v2\/types\/product"}],"replies":[{"embeddable":true,"href":"https:\/\/mouldking.store\/vi\/wp-json\/wp\/v2\/comments?post=16834"}],"wp:featuredmedia":[{"embeddable":true,"href":"https:\/\/mouldking.store\/vi\/wp-json\/wp\/v2\/media\/16835"}],"wp:attachment":[{"href":"https:\/\/mouldking.store\/vi\/wp-json\/wp\/v2\/media?parent=16834"}],"wp:term":[{"taxonomy":"product_cat","embeddable":true,"href":"https:\/\/mouldking.store\/vi\/wp-json\/wp\/v2\/product_cat?post=16834"},{"taxonomy":"product_tag","embeddable":true,"href":"https:\/\/mouldking.store\/vi\/wp-json\/wp\/v2\/product_tag?post=16834"}],"curies":[{"name":"wp","href":"https:\/\/api.w.org\/{rel}","templated":true}]}}