{"id":16847,"date":"2021-09-28T03:38:12","date_gmt":"2021-09-28T03:38:12","guid":{"rendered":"https:\/\/mouldking.store\/product\/panlos-628009-world-war-ii-german-panzer-viii-maus-8016545"},"modified":"2021-12-23T09:53:06","modified_gmt":"2021-12-23T09:53:06","slug":"panlos-628009-world-war-ii-german-panzer-viii-maus","status":"publish","type":"product","link":"https:\/\/mouldking.store\/vi\/shop\/panlos-628009-world-war-ii-german-panzer-viii-maus\/","title":{"rendered":"PANLOS 628009 Panzer VIII Maus c\u1ee7a \u0110\u1ee9c trong Th\u1ebf chi\u1ebfn II"},"content":{"rendered":"<p>PANLOS 628009 Chi\u1ebfn tranh th\u1ebf gi\u1edbi th\u1ee9 hai c\u1ee7a \u0110\u1ee9c Panzer VIII Maus thu\u1ed9c b\u1ed9 kh\u1ed1i x\u00e2y d\u1ef1ng s\u00ea-ri qu\u00e2n s\u1ef1. To\u00e0n b\u1ed9 ch\u1ee9a 2127 h\u1ea1t kh\u1ed1i x\u00e2y d\u1ef1ng. L\u1ea7n \u0111\u1ea7u ti\u00ean \u0111\u01b0\u1ee3c ph\u00e1t h\u00e0nh v\u00e0o n\u0103m 2021.<\/p>\n<p><img fetchpriority=\"high\" decoding=\"async\" class=\"size-full wp-image-201580 aligncenter\" src=\"https:\/\/pay.lpwstore.com\/wp-content\/uploads\/2021\/01\/PANLOS-628009-World-War-II-German-Panzer-VIII-Maus-5-scaled.jpg\" alt=\"-\" width=\"647\" height=\"2560\" title=\"-\"><\/p>","protected":false},"excerpt":{"rendered":"<ul>\n<li>Bao g\u1ed3m <strong>2127+<\/strong> chi\u1ebfc<\/li>\n<li>S\u00e1ch h\u01b0\u1edbng d\u1eabn s\u1eed d\u1ee5ng<\/li>\n<li>Kh\u1ed1i ABS ch\u1ea5t l\u01b0\u1ee3ng cao<\/li>\n<li>Kh\u00f4ng c\u00f3 h\u1ed9p ban \u0111\u1ea7u<\/li>\n<\/ul>","protected":false},"featured_media":16848,"comment_status":"open","ping_status":"closed","template":"","meta":{"_acf_changed":false},"product_cat":[],"product_tag":[],"class_list":["product","first","outofstock","shipping-taxable","purchasable","product-type-simple"],"acf":[],"_links":{"self":[{"href":"https:\/\/mouldking.store\/vi\/wp-json\/wp\/v2\/product\/16847","targetHints":{"allow":["GET"]}}],"collection":[{"href":"https:\/\/mouldking.store\/vi\/wp-json\/wp\/v2\/product"}],"about":[{"href":"https:\/\/mouldking.store\/vi\/wp-json\/wp\/v2\/types\/product"}],"replies":[{"embeddable":true,"href":"https:\/\/mouldking.store\/vi\/wp-json\/wp\/v2\/comments?post=16847"}],"wp:featuredmedia":[{"embeddable":true,"href":"https:\/\/mouldking.store\/vi\/wp-json\/wp\/v2\/media\/16848"}],"wp:attachment":[{"href":"https:\/\/mouldking.store\/vi\/wp-json\/wp\/v2\/media?parent=16847"}],"wp:term":[{"taxonomy":"product_cat","embeddable":true,"href":"https:\/\/mouldking.store\/vi\/wp-json\/wp\/v2\/product_cat?post=16847"},{"taxonomy":"product_tag","embeddable":true,"href":"https:\/\/mouldking.store\/vi\/wp-json\/wp\/v2\/product_tag?post=16847"}],"curies":[{"name":"wp","href":"https:\/\/api.w.org\/{rel}","templated":true}]}}