{"id":16870,"date":"2021-09-28T03:38:35","date_gmt":"2021-09-28T03:38:35","guid":{"rendered":"https:\/\/mouldking.store\/product\/sembo-107027-wandering-earth-es-series-cn171-personnel-carrier-military-truck-7376521"},"modified":"2021-12-23T09:53:06","modified_gmt":"2021-12-23T09:53:06","slug":"sembo-107027-wandering-earth-es-series-cn171-personnel-carrier-military-truck","status":"publish","type":"product","link":"https:\/\/mouldking.store\/vi\/shop\/sembo-107027-wandering-earth-es-series-cn171-personnel-carrier-military-truck\/","title":{"rendered":"SEMBO 107027 Lang thang tr\u00ean Tr\u00e1i \u0111\u1ea5t: Xe t\u1ea3i qu\u00e2n s\u1ef1 ch\u1edf nh\u00e2n vi\u00ean ES Series-CN171"},"content":{"rendered":"<p style=\"text-align: left;\"><span>SEMBO 107027 Lang thang tr\u00ean Tr\u00e1i \u0111\u1ea5t: Xe t\u1ea3i qu\u00e2n s\u1ef1 ch\u1edf nh\u00e2n vi\u00ean ES Series-CN171 thu\u1ed9c b\u1ed9 kh\u1ed1i x\u00e2y d\u1ef1ng c\u1ee7a lo\u1ea1t phim v\u00e0 tr\u00f2 ch\u01a1i truy\u1ec1n h\u00ecnh. To\u00e0n b\u1ed9 ch\u1ee9a 532 h\u1ea1t kh\u1ed1i x\u00e2y d\u1ef1ng. <\/span><span>L\u1ea7n \u0111\u1ea7u ti\u00ean \u0111\u01b0\u1ee3c ph\u00e1t h\u00e0nh v\u00e0o n\u0103m 2020.<\/span><\/p>\n<figure id=\"attachment_201600\" aria-describedby=\"caption-attachment-201600\" style=\"width: 800px\" class=\"wp-caption aligncenter\"><a href=\"https:\/\/pay.lpwstore.com\/wp-content\/uploads\/2021\/01\/SEMBO-107027-Wandering-Earth-ES-Series-CN171-Personnel-Carrier-Military-Truck.jpg\" target=\"_blank\" rel=\"noopener\"><img fetchpriority=\"high\" decoding=\"async\" class=\"wp-image-201600 size-full\" title=\"SEMBO 107027 Lang thang tr\u00ean Tr\u00e1i \u0111\u1ea5t: Xe t\u1ea3i qu\u00e2n s\u1ef1 ch\u1edf nh\u00e2n vi\u00ean ES Series-CN171\" src=\"https:\/\/pay.lpwstore.com\/wp-content\/uploads\/2021\/01\/SEMBO-107027-Wandering-Earth-ES-Series-CN171-Personnel-Carrier-Military-Truck.jpg\" alt=\"SEMBO 107027 Wandering Earth: ES Series-CN171 Personnel Carrier Military Truck\" width=\"800\" height=\"800\" \/><\/a><figcaption id=\"caption-attachment-201600\" class=\"wp-caption-text\">SEMBO 107027 Lang thang tr\u00ean Tr\u00e1i \u0111\u1ea5t: Xe t\u1ea3i qu\u00e2n s\u1ef1 ch\u1edf nh\u00e2n vi\u00ean ES Series-CN171<\/figcaption><\/figure>\n<p><img decoding=\"async\" class=\"alignnone size-full wp-image-201602 aligncenter\" src=\"https:\/\/pay.lpwstore.com\/wp-content\/uploads\/2021\/01\/SEMBO-107027-Wandering-Earth-ES-Series-CN171-Personnel-Carrier-Military-Truck-3.jpg\" alt=\"-\" width=\"800\" height=\"800\" title=\"-\"> <img decoding=\"async\" class=\"alignnone size-full wp-image-201601 aligncenter\" src=\"https:\/\/pay.lpwstore.com\/wp-content\/uploads\/2021\/01\/SEMBO-107027-Wandering-Earth-ES-Series-CN171-Personnel-Carrier-Military-Truck-2.jpg\" alt=\"-\" width=\"800\" height=\"800\" title=\"-\"> <img loading=\"lazy\" decoding=\"async\" class=\"alignnone size-full wp-image-201603 aligncenter\" src=\"https:\/\/pay.lpwstore.com\/wp-content\/uploads\/2021\/01\/SEMBO-107027-Wandering-Earth-ES-Series-CN171-Personnel-Carrier-Military-Truck-4.jpg\" alt=\"-\" width=\"800\" height=\"800\" title=\"-\"><\/p>","protected":false},"excerpt":{"rendered":"<ul>\n<li>Bao g\u1ed3m\u00a0<strong>532+<\/strong>\u00a0chi\u1ebfc<\/li>\n<li>S\u00e1ch h\u01b0\u1edbng d\u1eabn s\u1eed d\u1ee5ng<\/li>\n<li>Kh\u1ed1i ABS ch\u1ea5t l\u01b0\u1ee3ng cao<\/li>\n<li>Kh\u00f4ng c\u00f3 h\u1ed9p ban \u0111\u1ea7u<\/li>\n<\/ul>","protected":false},"featured_media":16871,"comment_status":"open","ping_status":"closed","template":"","meta":{"_acf_changed":false},"product_cat":[372],"product_tag":[],"class_list":["product","first","instock","shipping-taxable","purchasable","product-type-simple"],"acf":[],"_links":{"self":[{"href":"https:\/\/mouldking.store\/vi\/wp-json\/wp\/v2\/product\/16870","targetHints":{"allow":["GET"]}}],"collection":[{"href":"https:\/\/mouldking.store\/vi\/wp-json\/wp\/v2\/product"}],"about":[{"href":"https:\/\/mouldking.store\/vi\/wp-json\/wp\/v2\/types\/product"}],"replies":[{"embeddable":true,"href":"https:\/\/mouldking.store\/vi\/wp-json\/wp\/v2\/comments?post=16870"}],"wp:featuredmedia":[{"embeddable":true,"href":"https:\/\/mouldking.store\/vi\/wp-json\/wp\/v2\/media\/16871"}],"wp:attachment":[{"href":"https:\/\/mouldking.store\/vi\/wp-json\/wp\/v2\/media?parent=16870"}],"wp:term":[{"taxonomy":"product_cat","embeddable":true,"href":"https:\/\/mouldking.store\/vi\/wp-json\/wp\/v2\/product_cat?post=16870"},{"taxonomy":"product_tag","embeddable":true,"href":"https:\/\/mouldking.store\/vi\/wp-json\/wp\/v2\/product_tag?post=16870"}],"curies":[{"name":"wp","href":"https:\/\/api.w.org\/{rel}","templated":true}]}}