{"id":16895,"date":"2021-09-28T03:39:00","date_gmt":"2021-09-28T03:39:00","guid":{"rendered":"https:\/\/mouldking.store\/product\/builo-yc-21003-white-dreamer-piano-6952132"},"modified":"2021-12-23T09:53:06","modified_gmt":"2021-12-23T09:53:06","slug":"builo-yc-21003-white-dreamer-piano","status":"publish","type":"product","link":"https:\/\/mouldking.store\/vi\/shop\/builo-yc-21003-white-dreamer-piano\/","title":{"rendered":"\u0110\u00e0n Piano BUILO YC-21003 White Dreamer"},"content":{"rendered":"<p style=\"text-align: left;\">BUILO YC-21003 White Dreamer Piano thu\u1ed9c b\u1ed9 m\u00f4 h\u00ecnh kh\u1ed1i x\u1ebfp h\u00ecnh ti\u00ean ti\u1ebfn, to\u00e0n b\u1ed9 b\u1ed9 ch\u1ee9a 2745 h\u1ea1t kh\u1ed1i x\u00e2y d\u1ef1ng. L\u1ea7n \u0111\u1ea7u ti\u00ean \u0111\u01b0\u1ee3c ph\u00e1t h\u00e0nh v\u00e0o n\u0103m 2021.<\/p>\n<figure id=\"attachment_201645\" aria-describedby=\"caption-attachment-201645\" style=\"width: 800px\" class=\"wp-caption aligncenter\"><a href=\"https:\/\/pay.lpwstore.com\/wp-content\/uploads\/2021\/01\/BUILO-YC-21003-White-Dreamer-Piano.jpg\" target=\"_blank\" rel=\"noopener\"><img fetchpriority=\"high\" decoding=\"async\" class=\"wp-image-201645 size-full\" title=\"\u0110\u00e0n Piano BUILO YC-21003 White Dreamer\" src=\"https:\/\/pay.lpwstore.com\/wp-content\/uploads\/2021\/01\/BUILO-YC-21003-White-Dreamer-Piano.jpg\" alt=\"BUILO YC-21003 White Dreamer Piano\" width=\"800\" height=\"800\" \/><\/a><figcaption id=\"caption-attachment-201645\" class=\"wp-caption-text\">\u0110\u00e0n Piano BUILO YC-21003 White Dreamer<\/figcaption><\/figure>\n<p style=\"text-align: center;\"><img decoding=\"async\" class=\"alignnone size-full wp-image-201648 aligncenter\" src=\"https:\/\/pay.lpwstore.com\/wp-content\/uploads\/2021\/01\/BUILO-YC-21003-White-Dreamer-Piano-4.jpg\" alt=\"-\" width=\"800\" height=\"800\" title=\"-\"> <img decoding=\"async\" class=\"alignnone size-full wp-image-201646 aligncenter\" src=\"https:\/\/pay.lpwstore.com\/wp-content\/uploads\/2021\/01\/BUILO-YC-21003-White-Dreamer-Piano-2.jpg\" alt=\"-\" width=\"800\" height=\"800\" title=\"-\"> <img loading=\"lazy\" decoding=\"async\" class=\"alignnone size-full wp-image-201647 aligncenter\" src=\"https:\/\/pay.lpwstore.com\/wp-content\/uploads\/2021\/01\/BUILO-YC-21003-White-Dreamer-Piano-3.jpg\" alt=\"-\" width=\"800\" height=\"800\" title=\"-\"> <img loading=\"lazy\" decoding=\"async\" class=\"alignnone size-full wp-image-201649 aligncenter\" src=\"https:\/\/pay.lpwstore.com\/wp-content\/uploads\/2021\/01\/BUILO-YC-21003-White-Dreamer-Piano-5.jpg\" alt=\"-\" width=\"800\" height=\"800\" title=\"-\"> <img loading=\"lazy\" decoding=\"async\" class=\"alignnone size-full wp-image-201650 aligncenter\" src=\"https:\/\/pay.lpwstore.com\/wp-content\/uploads\/2021\/01\/BUILO-YC-21003-White-Dreamer-Piano-6.jpg\" alt=\"-\" width=\"800\" height=\"800\" title=\"-\"><\/p>\n<p><img loading=\"lazy\" decoding=\"async\" class=\"alignnone size-full wp-image-203461 aligncenter\" src=\"https:\/\/pay.lpwstore.com\/wp-content\/uploads\/2021\/01\/BUILO-YC-21003-White-Dreamer-Piano-8.jpg\" alt=\"-\" width=\"800\" height=\"800\" title=\"-\"> <img loading=\"lazy\" decoding=\"async\" class=\"alignnone size-full wp-image-203462 aligncenter\" src=\"https:\/\/pay.lpwstore.com\/wp-content\/uploads\/2021\/01\/BUILO-YC-21003-White-Dreamer-Piano-9.jpg\" alt=\"-\" width=\"800\" height=\"800\" title=\"-\"> <img loading=\"lazy\" decoding=\"async\" class=\"alignnone size-full wp-image-203463 aligncenter\" src=\"https:\/\/pay.lpwstore.com\/wp-content\/uploads\/2021\/01\/BUILO-YC-21003-White-Dreamer-Piano-7.jpg\" alt=\"-\" width=\"800\" height=\"800\" title=\"-\"><\/p>","protected":false},"excerpt":{"rendered":"<ul>\n<li>Bao g\u1ed3m\u00a0<strong>2745+<\/strong>\u00a0chi\u1ebfc<\/li>\n<li>S\u00e1ch h\u01b0\u1edbng d\u1eabn s\u1eed d\u1ee5ng<\/li>\n<li>Kh\u1ed1i ABS ch\u1ea5t l\u01b0\u1ee3ng cao<\/li>\n<li>V\u1edbi phi\u00ean b\u1ea3n \u0111\u1ed9ng c\u01a1<\/li>\n<\/ul>","protected":false},"featured_media":16896,"comment_status":"open","ping_status":"closed","template":"","meta":{"_acf_changed":false},"product_cat":[],"product_tag":[],"class_list":["product","first","instock","shipping-taxable","purchasable","product-type-simple"],"acf":[],"_links":{"self":[{"href":"https:\/\/mouldking.store\/vi\/wp-json\/wp\/v2\/product\/16895","targetHints":{"allow":["GET"]}}],"collection":[{"href":"https:\/\/mouldking.store\/vi\/wp-json\/wp\/v2\/product"}],"about":[{"href":"https:\/\/mouldking.store\/vi\/wp-json\/wp\/v2\/types\/product"}],"replies":[{"embeddable":true,"href":"https:\/\/mouldking.store\/vi\/wp-json\/wp\/v2\/comments?post=16895"}],"wp:featuredmedia":[{"embeddable":true,"href":"https:\/\/mouldking.store\/vi\/wp-json\/wp\/v2\/media\/16896"}],"wp:attachment":[{"href":"https:\/\/mouldking.store\/vi\/wp-json\/wp\/v2\/media?parent=16895"}],"wp:term":[{"taxonomy":"product_cat","embeddable":true,"href":"https:\/\/mouldking.store\/vi\/wp-json\/wp\/v2\/product_cat?post=16895"},{"taxonomy":"product_tag","embeddable":true,"href":"https:\/\/mouldking.store\/vi\/wp-json\/wp\/v2\/product_tag?post=16895"}],"curies":[{"name":"wp","href":"https:\/\/api.w.org\/{rel}","templated":true}]}}