{"id":16923,"date":"2021-09-28T03:39:16","date_gmt":"2021-09-28T03:39:16","guid":{"rendered":"https:\/\/mouldking.store\/product\/xingbao-xb-06046-man-hx-81-tank-carrier-2752886"},"modified":"2021-12-23T09:53:06","modified_gmt":"2021-12-23T09:53:06","slug":"xingbao-xb-06046-man-hx-81-tank-carrier","status":"publish","type":"product","link":"https:\/\/mouldking.store\/vi\/shop\/xingbao-xb-06046-man-hx-81-tank-carrier\/","title":{"rendered":"T\u00e0u s\u00e2n bay XINGBAO XB-06046 MAN HX-81"},"content":{"rendered":"<p style=\"text-align: left;\"><span>T\u00e0u s\u00e2n bay XINGBAO XB-06046 MAN HX-81 thu\u1ed9c b\u1ed9 kh\u1ed1i x\u00e2y d\u1ef1ng s\u00ea-ri qu\u00e2n s\u1ef1, c\u1ea3 b\u1ed9 ch\u1ee9a 1912 h\u1ea1t kh\u1ed1i x\u00e2y d\u1ef1ng. <\/span><span>L\u1ea7n \u0111\u1ea7u ti\u00ean \u0111\u01b0\u1ee3c ph\u00e1t h\u00e0nh v\u00e0o n\u0103m 2021.<\/span><\/p>\n<figure id=\"attachment_201726\" aria-describedby=\"caption-attachment-201726\" style=\"width: 800px\" class=\"wp-caption aligncenter\"><a href=\"https:\/\/pay.lpwstore.com\/wp-content\/uploads\/2021\/01\/XINGBAO-XB-06046-MAN-HX-81-tank-carrier.jpg\" target=\"_blank\" rel=\"noopener\"><img fetchpriority=\"high\" decoding=\"async\" class=\"wp-image-201726 size-full\" title=\"T\u00e0u s\u00e2n bay XINGBAO XB-06046 MAN HX-81\" src=\"https:\/\/pay.lpwstore.com\/wp-content\/uploads\/2021\/01\/XINGBAO-XB-06046-MAN-HX-81-tank-carrier.jpg\" alt=\"XINGBAO XB-06046 MAN HX-81 tank carrier\" width=\"800\" height=\"800\" \/><\/a><figcaption id=\"caption-attachment-201726\" class=\"wp-caption-text\">T\u00e0u s\u00e2n bay XINGBAO XB-06046 MAN HX-81<\/figcaption><\/figure>\n<p><img decoding=\"async\" class=\"alignnone size-full wp-image-201727 aligncenter\" src=\"https:\/\/pay.lpwstore.com\/wp-content\/uploads\/2021\/01\/XINGBAO-XB-06046-MAN-HX-81-tank-carrier-2.jpg\" alt=\"-\" width=\"800\" height=\"800\" title=\"-\"> <img decoding=\"async\" class=\"alignnone size-full wp-image-201728 aligncenter\" src=\"https:\/\/pay.lpwstore.com\/wp-content\/uploads\/2021\/01\/XINGBAO-XB-06046-MAN-HX-81-tank-carrier-3.jpg\" alt=\"-\" width=\"800\" height=\"800\" title=\"-\"><\/p>","protected":false},"excerpt":{"rendered":"<ul>\n<li>Bao g\u1ed3m\u00a0<strong>1912+<\/strong>\u00a0chi\u1ebfc<\/li>\n<li>S\u00e1ch h\u01b0\u1edbng d\u1eabn s\u1eed d\u1ee5ng<\/li>\n<li>Kh\u1ed1i ABS ch\u1ea5t l\u01b0\u1ee3ng cao<\/li>\n<\/ul>","protected":false},"featured_media":16924,"comment_status":"open","ping_status":"closed","template":"","meta":{"_acf_changed":false},"product_cat":[],"product_tag":[],"class_list":["product","first","instock","shipping-taxable","purchasable","product-type-simple"],"acf":[],"_links":{"self":[{"href":"https:\/\/mouldking.store\/vi\/wp-json\/wp\/v2\/product\/16923","targetHints":{"allow":["GET"]}}],"collection":[{"href":"https:\/\/mouldking.store\/vi\/wp-json\/wp\/v2\/product"}],"about":[{"href":"https:\/\/mouldking.store\/vi\/wp-json\/wp\/v2\/types\/product"}],"replies":[{"embeddable":true,"href":"https:\/\/mouldking.store\/vi\/wp-json\/wp\/v2\/comments?post=16923"}],"wp:featuredmedia":[{"embeddable":true,"href":"https:\/\/mouldking.store\/vi\/wp-json\/wp\/v2\/media\/16924"}],"wp:attachment":[{"href":"https:\/\/mouldking.store\/vi\/wp-json\/wp\/v2\/media?parent=16923"}],"wp:term":[{"taxonomy":"product_cat","embeddable":true,"href":"https:\/\/mouldking.store\/vi\/wp-json\/wp\/v2\/product_cat?post=16923"},{"taxonomy":"product_tag","embeddable":true,"href":"https:\/\/mouldking.store\/vi\/wp-json\/wp\/v2\/product_tag?post=16923"}],"curies":[{"name":"wp","href":"https:\/\/api.w.org\/{rel}","templated":true}]}}