{"id":16931,"date":"2021-09-28T03:39:21","date_gmt":"2021-09-28T03:39:21","guid":{"rendered":"https:\/\/mouldking.store\/product\/cada-c51045-trailblazer-remote-control-off-road-car-2124806"},"modified":"2021-12-23T09:53:06","modified_gmt":"2021-12-23T09:53:06","slug":"cada-c51045-trailblazer-remote-control-off-road-car","status":"publish","type":"product","link":"https:\/\/mouldking.store\/vi\/shop\/cada-c51045-trailblazer-remote-control-off-road-car\/","title":{"rendered":"Xe \u0111\u1ecba h\u00ecnh \u0111i\u1ec1u khi\u1ec3n t\u1eeb xa CADA C51045 Trailblazer"},"content":{"rendered":"<p style=\"text-align: left;\"><span>Xe \u0111\u1ecba h\u00ecnh \u0111i\u1ec1u khi\u1ec3n t\u1eeb xa CADA C51045 Trailblazer thu\u1ed9c b\u1ed9 kh\u1ed1i x\u00e2y d\u1ef1ng s\u00ea-ri nh\u00f3m c\u01a1 kh\u00ed, c\u1ea3 b\u1ed9 ch\u1ee9a 542 h\u1ea1t kh\u1ed1i x\u00e2y d\u1ef1ng. <\/span><span>L\u1ea7n \u0111\u1ea7u ti\u00ean \u0111\u01b0\u1ee3c ph\u00e1t h\u00e0nh v\u00e0o n\u0103m 2020.<\/span><\/p>\n<figure id=\"attachment_201734\" aria-describedby=\"caption-attachment-201734\" style=\"width: 800px\" class=\"wp-caption aligncenter\"><a href=\"https:\/\/pay.lpwstore.com\/wp-content\/uploads\/2021\/01\/CADA-C51045-Trailblazer-Remote-Control-Off-road-Car.jpg\" target=\"_blank\" rel=\"noopener\"><img fetchpriority=\"high\" decoding=\"async\" class=\"wp-image-201734 size-full\" title=\"Xe \u0111\u1ecba h\u00ecnh \u0111i\u1ec1u khi\u1ec3n t\u1eeb xa CADA C51045 Trailblazer\" src=\"https:\/\/pay.lpwstore.com\/wp-content\/uploads\/2021\/01\/CADA-C51045-Trailblazer-Remote-Control-Off-road-Car.jpg\" alt=\"CADA C51045 Trailblazer Remote Control Off-road Car\" width=\"800\" height=\"800\" \/><\/a><figcaption id=\"caption-attachment-201734\" class=\"wp-caption-text\">Xe \u0111\u1ecba h\u00ecnh \u0111i\u1ec1u khi\u1ec3n t\u1eeb xa CADA C51045 Trailblazer<\/figcaption><\/figure>\n<p><img decoding=\"async\" class=\"alignnone size-full wp-image-201735 aligncenter\" src=\"https:\/\/pay.lpwstore.com\/wp-content\/uploads\/2021\/01\/CADA-C51045-Trailblazer-Remote-Control-Off-road-Car-2.jpg\" alt=\"-\" width=\"800\" height=\"800\" title=\"-\"> <img decoding=\"async\" class=\"alignnone size-full wp-image-201736 aligncenter\" src=\"https:\/\/pay.lpwstore.com\/wp-content\/uploads\/2021\/01\/CADA-C51045-Trailblazer-Remote-Control-Off-road-Car-3.jpg\" alt=\"-\" width=\"800\" height=\"800\" title=\"-\"> <img loading=\"lazy\" decoding=\"async\" class=\"alignnone size-full wp-image-201737 aligncenter\" src=\"https:\/\/pay.lpwstore.com\/wp-content\/uploads\/2021\/01\/CADA-C51045-Trailblazer-Remote-Control-Off-road-Car-4.jpg\" alt=\"-\" width=\"800\" height=\"800\" title=\"-\"><\/p>","protected":false},"excerpt":{"rendered":"<ul>\n<li>Bao g\u1ed3m\u00a0<strong>542+<\/strong>\u00a0chi\u1ebfc<\/li>\n<li>S\u00e1ch h\u01b0\u1edbng d\u1eabn s\u1eed d\u1ee5ng<\/li>\n<li>Kh\u1ed1i ABS ch\u1ea5t l\u01b0\u1ee3ng cao<\/li>\n<\/ul>","protected":false},"featured_media":16932,"comment_status":"open","ping_status":"closed","template":"","meta":{"_acf_changed":false},"product_cat":[],"product_tag":[],"class_list":["product","first","instock","shipping-taxable","purchasable","product-type-simple"],"acf":[],"_links":{"self":[{"href":"https:\/\/mouldking.store\/vi\/wp-json\/wp\/v2\/product\/16931","targetHints":{"allow":["GET"]}}],"collection":[{"href":"https:\/\/mouldking.store\/vi\/wp-json\/wp\/v2\/product"}],"about":[{"href":"https:\/\/mouldking.store\/vi\/wp-json\/wp\/v2\/types\/product"}],"replies":[{"embeddable":true,"href":"https:\/\/mouldking.store\/vi\/wp-json\/wp\/v2\/comments?post=16931"}],"wp:featuredmedia":[{"embeddable":true,"href":"https:\/\/mouldking.store\/vi\/wp-json\/wp\/v2\/media\/16932"}],"wp:attachment":[{"href":"https:\/\/mouldking.store\/vi\/wp-json\/wp\/v2\/media?parent=16931"}],"wp:term":[{"taxonomy":"product_cat","embeddable":true,"href":"https:\/\/mouldking.store\/vi\/wp-json\/wp\/v2\/product_cat?post=16931"},{"taxonomy":"product_tag","embeddable":true,"href":"https:\/\/mouldking.store\/vi\/wp-json\/wp\/v2\/product_tag?post=16931"}],"curies":[{"name":"wp","href":"https:\/\/api.w.org\/{rel}","templated":true}]}}