{"id":16943,"date":"2021-09-28T03:39:33","date_gmt":"2021-09-28T03:39:33","guid":{"rendered":"https:\/\/mouldking.store\/product\/lej-70005-kriss-vector-gun-3397620"},"modified":"2021-12-23T09:53:06","modified_gmt":"2021-12-23T09:53:06","slug":"lej-70005-kriss-vector-gun","status":"publish","type":"product","link":"https:\/\/mouldking.store\/vi\/shop\/lej-70005-kriss-vector-gun\/","title":{"rendered":"S\u00fang Vector LEJ 70005 KRISS"},"content":{"rendered":"<p style=\"text-align: center;\"><span>LEJ 70005 KRISS Vector Gun thu\u1ed9c b\u1ed9 kh\u1ed1i x\u00e2y d\u1ef1ng s\u00ea-ri qu\u00e2n s\u1ef1, c\u1ea3 b\u1ed9 ch\u1ee9a 320 h\u1ea1t kh\u1ed1i x\u00e2y d\u1ef1ng. <\/span><span>L\u1ea7n \u0111\u1ea7u ti\u00ean \u0111\u01b0\u1ee3c ph\u00e1t h\u00e0nh v\u00e0o n\u0103m 2020.<\/span><\/p>\n<figure id=\"attachment_201777\" aria-describedby=\"caption-attachment-201777\" style=\"width: 800px\" class=\"wp-caption aligncenter\"><a href=\"https:\/\/pay.lpwstore.com\/wp-content\/uploads\/2021\/01\/LEJ-70005-KRISS-Vector-Gun.jpg\" target=\"_blank\" rel=\"noopener\"><img fetchpriority=\"high\" decoding=\"async\" class=\"wp-image-201777 size-full\" title=\"S\u00fang Vector LEJ 70005 KRISS\" src=\"https:\/\/pay.lpwstore.com\/wp-content\/uploads\/2021\/01\/LEJ-70005-KRISS-Vector-Gun.jpg\" alt=\"LEJ 70005 KRISS Vector Gun\" width=\"800\" height=\"800\" \/><\/a><figcaption id=\"caption-attachment-201777\" class=\"wp-caption-text\">S\u00fang Vector LEJ 70005 KRISS<\/figcaption><\/figure>\n<p><img decoding=\"async\" class=\"alignnone size-full wp-image-201778 aligncenter\" src=\"https:\/\/pay.lpwstore.com\/wp-content\/uploads\/2021\/01\/LEJ-70005-KRISS-Vector-Gun-2.jpg\" alt=\"-\" width=\"800\" height=\"800\" title=\"-\"> <img decoding=\"async\" class=\"alignnone size-full wp-image-201779 aligncenter\" src=\"https:\/\/pay.lpwstore.com\/wp-content\/uploads\/2021\/01\/LEJ-70005-KRISS-Vector-Gun-3.jpg\" alt=\"-\" width=\"800\" height=\"800\" title=\"-\"> <img loading=\"lazy\" decoding=\"async\" class=\"alignnone size-full wp-image-201780 aligncenter\" src=\"https:\/\/pay.lpwstore.com\/wp-content\/uploads\/2021\/01\/LEJ-70005-KRISS-Vector-Gun-4.jpg\" alt=\"-\" width=\"800\" height=\"800\" title=\"-\"> <img loading=\"lazy\" decoding=\"async\" class=\"alignnone size-full wp-image-201781 aligncenter\" src=\"https:\/\/pay.lpwstore.com\/wp-content\/uploads\/2021\/01\/LEJ-70005-KRISS-Vector-Gun-5.jpg\" alt=\"-\" width=\"800\" height=\"800\" title=\"-\"><\/p>","protected":false},"excerpt":{"rendered":"<ul>\n<li>Bao g\u1ed3m\u00a0<strong>320+<\/strong>\u00a0chi\u1ebfc<\/li>\n<li>S\u00e1ch h\u01b0\u1edbng d\u1eabn s\u1eed d\u1ee5ng<\/li>\n<li>Kh\u1ed1i ABS ch\u1ea5t l\u01b0\u1ee3ng cao<\/li>\n<li>Kh\u00f4ng c\u00f3 h\u1ed9p ban \u0111\u1ea7u<\/li>\n<\/ul>","protected":false},"featured_media":16944,"comment_status":"open","ping_status":"closed","template":"","meta":{"_acf_changed":false},"product_cat":[],"product_tag":[],"class_list":["product","first","instock","shipping-taxable","purchasable","product-type-simple"],"acf":[],"_links":{"self":[{"href":"https:\/\/mouldking.store\/vi\/wp-json\/wp\/v2\/product\/16943","targetHints":{"allow":["GET"]}}],"collection":[{"href":"https:\/\/mouldking.store\/vi\/wp-json\/wp\/v2\/product"}],"about":[{"href":"https:\/\/mouldking.store\/vi\/wp-json\/wp\/v2\/types\/product"}],"replies":[{"embeddable":true,"href":"https:\/\/mouldking.store\/vi\/wp-json\/wp\/v2\/comments?post=16943"}],"wp:featuredmedia":[{"embeddable":true,"href":"https:\/\/mouldking.store\/vi\/wp-json\/wp\/v2\/media\/16944"}],"wp:attachment":[{"href":"https:\/\/mouldking.store\/vi\/wp-json\/wp\/v2\/media?parent=16943"}],"wp:term":[{"taxonomy":"product_cat","embeddable":true,"href":"https:\/\/mouldking.store\/vi\/wp-json\/wp\/v2\/product_cat?post=16943"},{"taxonomy":"product_tag","embeddable":true,"href":"https:\/\/mouldking.store\/vi\/wp-json\/wp\/v2\/product_tag?post=16943"}],"curies":[{"name":"wp","href":"https:\/\/api.w.org\/{rel}","templated":true}]}}