{"id":16949,"date":"2021-09-28T03:39:36","date_gmt":"2021-09-28T03:39:36","guid":{"rendered":"https:\/\/mouldking.store\/product\/lej-70006-3in1-desert-eagle-scar-l-assault-rifle-g36c-assault-rifle-6432741"},"modified":"2021-12-23T09:51:09","modified_gmt":"2021-12-23T09:51:09","slug":"lej-70006-3in1-desert-eagle-scar-l-assault-rifle-g36c-assault-rifle","status":"publish","type":"product","link":"https:\/\/mouldking.store\/vi\/shop\/lej-70006-3in1-desert-eagle-scar-l-assault-rifle-g36c-assault-rifle\/","title":{"rendered":"LEJ 70006 3IN1: Desert Eagle, SCAR-L assault rifle, G36C assault rifle"},"content":{"rendered":"<p style=\"text-align: left;\"><span>LEJ 70006 3IN1: Desert Eagle, SCAR-L assault rifle, G36C assault rifle belong to the military series building block set, the whole set contains 250 building block particles. <\/span><span>L\u1ea7n \u0111\u1ea7u ti\u00ean \u0111\u01b0\u1ee3c ph\u00e1t h\u00e0nh v\u00e0o n\u0103m 2020.<\/span><\/p>\n<figure id=\"attachment_201783\" aria-describedby=\"caption-attachment-201783\" style=\"width: 800px\" class=\"wp-caption aligncenter\"><a href=\"https:\/\/pay.lpwstore.com\/wp-content\/uploads\/2021\/01\/LEJ-70006-3IN1-Desert-Eagle-SCAR-L-assault-rifle-G36C-assault-rifle.jpg\" target=\"_blank\" rel=\"noopener\"><img fetchpriority=\"high\" decoding=\"async\" class=\"wp-image-201783 size-full\" title=\"LEJ 70006 3IN1: Desert Eagle, SCAR-L assault rifle, G36C assault rifle\" src=\"https:\/\/pay.lpwstore.com\/wp-content\/uploads\/2021\/01\/LEJ-70006-3IN1-Desert-Eagle-SCAR-L-assault-rifle-G36C-assault-rifle.jpg\" alt=\"LEJ 70006 3IN1: Desert Eagle, SCAR-L assault rifle, G36C assault rifle\" width=\"800\" height=\"800\" \/><\/a><figcaption id=\"caption-attachment-201783\" class=\"wp-caption-text\">LEJ 70006 3IN1: Desert Eagle, SCAR-L assault rifle, G36C assault rifle<\/figcaption><\/figure>\n<p><img decoding=\"async\" class=\"alignnone size-full wp-image-201784 aligncenter\" src=\"https:\/\/pay.lpwstore.com\/wp-content\/uploads\/2021\/01\/LEJ-70006-3IN1-Desert-Eagle-SCAR-L-assault-rifle-G36C-assault-rifle-2.jpg\" alt=\"-\" width=\"800\" height=\"800\" title=\"-\"> <img decoding=\"async\" class=\"alignnone size-full wp-image-201785 aligncenter\" src=\"https:\/\/pay.lpwstore.com\/wp-content\/uploads\/2021\/01\/LEJ-70006-3IN1-Desert-Eagle-SCAR-L-assault-rifle-G36C-assault-rifle-3.jpg\" alt=\"-\" width=\"800\" height=\"800\" title=\"-\"> <img loading=\"lazy\" decoding=\"async\" class=\"alignnone size-full wp-image-201786 aligncenter\" src=\"https:\/\/pay.lpwstore.com\/wp-content\/uploads\/2021\/01\/LEJ-70006-3IN1-Desert-Eagle-SCAR-L-assault-rifle-G36C-assault-rifle-4.jpg\" alt=\"-\" width=\"800\" height=\"800\" title=\"-\"> <img loading=\"lazy\" decoding=\"async\" class=\"alignnone size-full wp-image-201787 aligncenter\" src=\"https:\/\/pay.lpwstore.com\/wp-content\/uploads\/2021\/01\/LEJ-70006-3IN1-Desert-Eagle-SCAR-L-assault-rifle-G36C-assault-rifle-5.jpg\" alt=\"-\" width=\"800\" height=\"800\" title=\"-\"><\/p>","protected":false},"excerpt":{"rendered":"<ul>\n<li>Bao g\u1ed3m\u00a0<strong>250+<\/strong>\u00a0chi\u1ebfc<\/li>\n<li>S\u00e1ch h\u01b0\u1edbng d\u1eabn s\u1eed d\u1ee5ng<\/li>\n<li>Kh\u1ed1i ABS ch\u1ea5t l\u01b0\u1ee3ng cao<\/li>\n<li>Kh\u00f4ng c\u00f3 h\u1ed9p ban \u0111\u1ea7u<\/li>\n<\/ul>","protected":false},"featured_media":16950,"comment_status":"open","ping_status":"closed","template":"","meta":{"_acf_changed":false},"product_cat":[],"product_tag":[],"class_list":["product","first","instock","shipping-taxable","purchasable","product-type-simple"],"acf":[],"_links":{"self":[{"href":"https:\/\/mouldking.store\/vi\/wp-json\/wp\/v2\/product\/16949","targetHints":{"allow":["GET"]}}],"collection":[{"href":"https:\/\/mouldking.store\/vi\/wp-json\/wp\/v2\/product"}],"about":[{"href":"https:\/\/mouldking.store\/vi\/wp-json\/wp\/v2\/types\/product"}],"replies":[{"embeddable":true,"href":"https:\/\/mouldking.store\/vi\/wp-json\/wp\/v2\/comments?post=16949"}],"wp:featuredmedia":[{"embeddable":true,"href":"https:\/\/mouldking.store\/vi\/wp-json\/wp\/v2\/media\/16950"}],"wp:attachment":[{"href":"https:\/\/mouldking.store\/vi\/wp-json\/wp\/v2\/media?parent=16949"}],"wp:term":[{"taxonomy":"product_cat","embeddable":true,"href":"https:\/\/mouldking.store\/vi\/wp-json\/wp\/v2\/product_cat?post=16949"},{"taxonomy":"product_tag","embeddable":true,"href":"https:\/\/mouldking.store\/vi\/wp-json\/wp\/v2\/product_tag?post=16949"}],"curies":[{"name":"wp","href":"https:\/\/api.w.org\/{rel}","templated":true}]}}