{"id":16982,"date":"2021-09-28T03:40:08","date_gmt":"2021-09-28T03:40:08","guid":{"rendered":"https:\/\/mouldking.store\/product\/decool-33003-moc-22970-ford-mustang-hoonicorn-18-5890253"},"modified":"2025-12-25T09:28:01","modified_gmt":"2025-12-25T02:28:01","slug":"decool-33003-moc-22970-ford-mustang-hoonicorn-18","status":"publish","type":"product","link":"https:\/\/mouldking.store\/vi\/shop\/decool-33003-moc-22970-ford-mustang-hoonicorn-18\/","title":{"rendered":"DECOOL 33003 MOC-22970 Ford Mustang Hoonicorn 1:8"},"content":{"rendered":"<p style=\"text-align: left;\"><span>DECOOL 33003 MOC-22970 Ford Mustang Hoonicorn 1:8 thu\u1ed9c b\u1ed9 kh\u1ed1i x\u00e2y d\u1ef1ng nh\u00f3m c\u01a1 h\u1ecdc, tr\u1ecdn b\u1ed9 ch\u1ee9a 3145 h\u1ea1t kh\u1ed1i x\u00e2y d\u1ef1ng. <\/span><span>L\u1ea7n \u0111\u1ea7u ti\u00ean \u0111\u01b0\u1ee3c ph\u00e1t h\u00e0nh v\u00e0o n\u0103m 2019.<\/span><\/p>\n<figure id=\"attachment_201828\" aria-describedby=\"caption-attachment-201828\" style=\"width: 800px\" class=\"wp-caption aligncenter\"><a href=\"https:\/\/pay.lpwstore.com\/wp-content\/uploads\/2021\/01\/DECOOL-33003-MOC-22970-Ford-Mustang-Hoonicorn-18.jpg\" target=\"_blank\" rel=\"noopener\"><img fetchpriority=\"high\" decoding=\"async\" class=\"wp-image-201828 size-full\" title=\"DECOOL 33003 MOC-22970 Ford Mustang Hoonicorn 1:8 \" src=\"https:\/\/pay.lpwstore.com\/wp-content\/uploads\/2021\/01\/DECOOL-33003-MOC-22970-Ford-Mustang-Hoonicorn-18.jpg\" alt=\"DECOOL 33003 MOC-22970 Ford Mustang Hoonicorn 1:8 \" width=\"800\" height=\"800\" \/><\/a><figcaption id=\"caption-attachment-201828\" class=\"wp-caption-text\">DECOOL 33003 MOC-22970 Ford Mustang Hoonicorn 1:8<\/figcaption><\/figure>\n<p><img decoding=\"async\" class=\"alignnone size-full wp-image-201829 aligncenter\" src=\"https:\/\/pay.lpwstore.com\/wp-content\/uploads\/2021\/01\/DECOOL-33003-MOC-22970-Ford-Mustang-Hoonicorn-18-v2.jpg\" alt=\"-\" width=\"800\" height=\"800\" title=\"-\"> <img decoding=\"async\" class=\"alignnone size-full wp-image-201830 aligncenter\" src=\"https:\/\/pay.lpwstore.com\/wp-content\/uploads\/2021\/01\/DECOOL-33003-MOC-22970-Ford-Mustang-Hoonicorn-18-v3.jpg\" alt=\"-\" width=\"800\" height=\"800\" title=\"-\"> <img loading=\"lazy\" decoding=\"async\" class=\"alignnone size-full wp-image-201831 aligncenter\" src=\"https:\/\/pay.lpwstore.com\/wp-content\/uploads\/2021\/01\/DECOOL-33003-MOC-22970-Ford-Mustang-Hoonicorn-18-v4.jpg\" alt=\"-\" width=\"800\" height=\"800\" title=\"-\"> <img loading=\"lazy\" decoding=\"async\" class=\"alignnone size-full wp-image-201832 aligncenter\" src=\"https:\/\/pay.lpwstore.com\/wp-content\/uploads\/2021\/01\/DECOOL-33003-MOC-22970-Ford-Mustang-Hoonicorn-18-v5.jpg\" alt=\"-\" width=\"800\" height=\"800\" title=\"-\"> <img loading=\"lazy\" decoding=\"async\" class=\"alignnone size-full wp-image-201833 aligncenter\" src=\"https:\/\/pay.lpwstore.com\/wp-content\/uploads\/2021\/01\/DECOOL-33003-MOC-22970-Ford-Mustang-Hoonicorn-18-v6.jpg\" alt=\"-\" width=\"800\" height=\"800\" title=\"-\"> <img loading=\"lazy\" decoding=\"async\" class=\"alignnone size-full wp-image-201834 aligncenter\" src=\"https:\/\/pay.lpwstore.com\/wp-content\/uploads\/2021\/01\/DECOOL-33003-MOC-22970-Ford-Mustang-Hoonicorn-18-v7.jpg\" alt=\"-\" width=\"800\" height=\"800\" title=\"-\"> <img loading=\"lazy\" decoding=\"async\" class=\"alignnone size-full wp-image-201835 aligncenter\" src=\"https:\/\/pay.lpwstore.com\/wp-content\/uploads\/2021\/01\/DECOOL-33003-MOC-22970-Ford-Mustang-Hoonicorn-18-v8.jpg\" alt=\"-\" width=\"800\" height=\"800\" title=\"-\"> <img loading=\"lazy\" decoding=\"async\" class=\"alignnone size-full wp-image-201836 aligncenter\" src=\"https:\/\/pay.lpwstore.com\/wp-content\/uploads\/2021\/01\/DECOOL-33003-MOC-22970-Ford-Mustang-Hoonicorn-18-v9.jpg\" alt=\"-\" width=\"800\" height=\"800\" title=\"-\"> <img loading=\"lazy\" decoding=\"async\" class=\"alignnone size-full wp-image-201837 aligncenter\" src=\"https:\/\/pay.lpwstore.com\/wp-content\/uploads\/2021\/01\/DECOOL-33003-MOC-22970-Ford-Mustang-Hoonicorn-18-v10.jpg\" alt=\"-\" width=\"800\" height=\"800\" title=\"-\"> <img loading=\"lazy\" decoding=\"async\" class=\"alignnone size-full wp-image-201838 aligncenter\" src=\"https:\/\/pay.lpwstore.com\/wp-content\/uploads\/2021\/01\/DECOOL-33003-MOC-22970-Ford-Mustang-Hoonicorn-18-v11.jpg\" alt=\"-\" width=\"800\" height=\"800\" title=\"-\"><\/p>","protected":false},"excerpt":{"rendered":"<ul>\n<li>Bao g\u1ed3m\u00a0<strong>3145+<\/strong>\u00a0chi\u1ebfc<\/li>\n<li>S\u00e1ch h\u01b0\u1edbng d\u1eabn s\u1eed d\u1ee5ng<\/li>\n<li>Kh\u1ed1i ABS ch\u1ea5t l\u01b0\u1ee3ng cao<\/li>\n<\/ul>","protected":false},"featured_media":16983,"comment_status":"open","ping_status":"closed","template":"","meta":{"_acf_changed":false},"product_cat":[],"product_tag":[],"class_list":["product","first","instock","shipping-taxable","purchasable","product-type-simple"],"acf":[],"_links":{"self":[{"href":"https:\/\/mouldking.store\/vi\/wp-json\/wp\/v2\/product\/16982","targetHints":{"allow":["GET"]}}],"collection":[{"href":"https:\/\/mouldking.store\/vi\/wp-json\/wp\/v2\/product"}],"about":[{"href":"https:\/\/mouldking.store\/vi\/wp-json\/wp\/v2\/types\/product"}],"replies":[{"embeddable":true,"href":"https:\/\/mouldking.store\/vi\/wp-json\/wp\/v2\/comments?post=16982"}],"wp:featuredmedia":[{"embeddable":true,"href":"https:\/\/mouldking.store\/vi\/wp-json\/wp\/v2\/media\/16983"}],"wp:attachment":[{"href":"https:\/\/mouldking.store\/vi\/wp-json\/wp\/v2\/media?parent=16982"}],"wp:term":[{"taxonomy":"product_cat","embeddable":true,"href":"https:\/\/mouldking.store\/vi\/wp-json\/wp\/v2\/product_cat?post=16982"},{"taxonomy":"product_tag","embeddable":true,"href":"https:\/\/mouldking.store\/vi\/wp-json\/wp\/v2\/product_tag?post=16982"}],"curies":[{"name":"wp","href":"https:\/\/api.w.org\/{rel}","templated":true}]}}