{"id":17029,"date":"2021-09-28T03:40:51","date_gmt":"2021-09-28T03:40:51","guid":{"rendered":"https:\/\/mouldking.store\/product\/wange-5212-the-empire-state-building-of-new-york-7453768"},"modified":"2021-12-23T09:51:08","modified_gmt":"2021-12-23T09:51:08","slug":"wange-5212-the-empire-state-building-of-new-york","status":"publish","type":"product","link":"https:\/\/mouldking.store\/vi\/shop\/wange-5212-the-empire-state-building-of-new-york\/","title":{"rendered":"WANGE 5212 T\u00f2a nh\u00e0 Empire State c\u1ee7a New York"},"content":{"rendered":"<p style=\"text-align: left;\"><span>WANGE 5212 The Empire State Building of New York belongs to the theme series building block set. The whole set contains 1995 building block particles. <\/span><span>L\u1ea7n \u0111\u1ea7u ti\u00ean \u0111\u01b0\u1ee3c ph\u00e1t h\u00e0nh v\u00e0o n\u0103m 2021.<\/span><\/p>\n<figure id=\"attachment_202020\" aria-describedby=\"caption-attachment-202020\" style=\"width: 800px\" class=\"wp-caption aligncenter\"><a href=\"https:\/\/pay.lpwstore.com\/wp-content\/uploads\/2021\/02\/WANGE-5212-The-Empire-State-Building-of-New-York.jpg\" target=\"_blank\" rel=\"noopener\"><img fetchpriority=\"high\" decoding=\"async\" class=\"wp-image-202020 size-full\" title=\"WANGE 5212 T\u00f2a nh\u00e0 Empire State c\u1ee7a New York \" src=\"https:\/\/pay.lpwstore.com\/wp-content\/uploads\/2021\/02\/WANGE-5212-The-Empire-State-Building-of-New-York.jpg\" alt=\"WANGE 5212 The Empire State Building of New York \" width=\"800\" height=\"800\" \/><\/a><figcaption id=\"caption-attachment-202020\" class=\"wp-caption-text\">WANGE 5212 T\u00f2a nh\u00e0 Empire State c\u1ee7a New York<\/figcaption><\/figure>\n<p><img decoding=\"async\" class=\"alignnone size-full wp-image-202021 aligncenter\" src=\"https:\/\/pay.lpwstore.com\/wp-content\/uploads\/2021\/02\/WANGE-5212-The-Empire-State-Building-of-New-York-2.jpg\" alt=\"-\" width=\"800\" height=\"800\" title=\"-\"> <img decoding=\"async\" class=\"alignnone size-full wp-image-202022 aligncenter\" src=\"https:\/\/pay.lpwstore.com\/wp-content\/uploads\/2021\/02\/WANGE-5212-The-Empire-State-Building-of-New-York-3.jpg\" alt=\"-\" width=\"800\" height=\"800\" title=\"-\"> <img loading=\"lazy\" decoding=\"async\" class=\"alignnone size-full wp-image-202023 aligncenter\" src=\"https:\/\/pay.lpwstore.com\/wp-content\/uploads\/2021\/02\/WANGE-5212-The-Empire-State-Building-of-New-York-4.jpg\" alt=\"-\" width=\"800\" height=\"800\" title=\"-\"><\/p>","protected":false},"excerpt":{"rendered":"<ul>\n<li>Bao g\u1ed3m <strong>1995+<\/strong> chi\u1ebfc<\/li>\n<li>S\u00e1ch h\u01b0\u1edbng d\u1eabn s\u1eed d\u1ee5ng<\/li>\n<li>Kh\u1ed1i ABS ch\u1ea5t l\u01b0\u1ee3ng cao<\/li>\n<\/ul>","protected":false},"featured_media":17030,"comment_status":"open","ping_status":"closed","template":"","meta":{"_acf_changed":false},"product_cat":[],"product_tag":[],"class_list":["product","first","instock","shipping-taxable","purchasable","product-type-simple"],"acf":[],"_links":{"self":[{"href":"https:\/\/mouldking.store\/vi\/wp-json\/wp\/v2\/product\/17029","targetHints":{"allow":["GET"]}}],"collection":[{"href":"https:\/\/mouldking.store\/vi\/wp-json\/wp\/v2\/product"}],"about":[{"href":"https:\/\/mouldking.store\/vi\/wp-json\/wp\/v2\/types\/product"}],"replies":[{"embeddable":true,"href":"https:\/\/mouldking.store\/vi\/wp-json\/wp\/v2\/comments?post=17029"}],"wp:featuredmedia":[{"embeddable":true,"href":"https:\/\/mouldking.store\/vi\/wp-json\/wp\/v2\/media\/17030"}],"wp:attachment":[{"href":"https:\/\/mouldking.store\/vi\/wp-json\/wp\/v2\/media?parent=17029"}],"wp:term":[{"taxonomy":"product_cat","embeddable":true,"href":"https:\/\/mouldking.store\/vi\/wp-json\/wp\/v2\/product_cat?post=17029"},{"taxonomy":"product_tag","embeddable":true,"href":"https:\/\/mouldking.store\/vi\/wp-json\/wp\/v2\/product_tag?post=17029"}],"curies":[{"name":"wp","href":"https:\/\/api.w.org\/{rel}","templated":true}]}}