{"id":17054,"date":"2021-09-28T03:41:07","date_gmt":"2021-09-28T03:41:07","guid":{"rendered":"https:\/\/mouldking.store\/product\/wange-5223-the-triumphal-arch-of-paris-modular-building-6325941"},"modified":"2021-12-23T09:51:08","modified_gmt":"2021-12-23T09:51:08","slug":"wange-5223-the-triumphal-arch-of-paris-modular-building","status":"publish","type":"product","link":"https:\/\/mouldking.store\/vi\/shop\/wange-5223-the-triumphal-arch-of-paris-modular-building\/","title":{"rendered":"WANGE 5223 Kh\u1ea3i ho\u00e0n m\u00f4n c\u1ee7a t\u00f2a nh\u00e0 m\u00f4-\u0111un Paris"},"content":{"rendered":"<p style=\"text-align: left;\"><span>WANGE 5223 The Triumphal Arch of Paris Modular Building belongs to the mini model series building block set. The whole set contains 1401 building block particles. <\/span><span>L\u1ea7n \u0111\u1ea7u ti\u00ean \u0111\u01b0\u1ee3c ph\u00e1t h\u00e0nh v\u00e0o n\u0103m 2021.<\/span><\/p>\n<figure id=\"attachment_202039\" aria-describedby=\"caption-attachment-202039\" style=\"width: 800px\" class=\"wp-caption aligncenter\"><a href=\"https:\/\/pay.lpwstore.com\/wp-content\/uploads\/2021\/02\/WANGE-5223-The-Triumphal-Arch-of-Paris-Modular-Building.jpg\" target=\"_blank\" rel=\"noopener\"><img fetchpriority=\"high\" decoding=\"async\" class=\"wp-image-202039 size-full\" title=\"WANGE 5223 Kh\u1ea3i ho\u00e0n m\u00f4n c\u1ee7a t\u00f2a nh\u00e0 m\u00f4-\u0111un Paris\" src=\"https:\/\/pay.lpwstore.com\/wp-content\/uploads\/2021\/02\/WANGE-5223-The-Triumphal-Arch-of-Paris-Modular-Building.jpg\" alt=\"WANGE 5223 The Triumphal Arch of Paris Modular Building\" width=\"800\" height=\"800\" \/><\/a><figcaption id=\"caption-attachment-202039\" class=\"wp-caption-text\">WANGE 5223 Kh\u1ea3i ho\u00e0n m\u00f4n c\u1ee7a t\u00f2a nh\u00e0 m\u00f4-\u0111un Paris<\/figcaption><\/figure>\n<p><img decoding=\"async\" class=\"alignnone size-full wp-image-202040 aligncenter\" src=\"https:\/\/pay.lpwstore.com\/wp-content\/uploads\/2021\/02\/WANGE-5223-The-Triumphal-Arch-of-Paris-Modular-Building-2.jpg\" alt=\"-\" width=\"800\" height=\"800\" title=\"-\"> <img decoding=\"async\" class=\"alignnone size-full wp-image-202041 aligncenter\" src=\"https:\/\/pay.lpwstore.com\/wp-content\/uploads\/2021\/02\/WANGE-5223-The-Triumphal-Arch-of-Paris-Modular-Building-3.jpg\" alt=\"-\" width=\"800\" height=\"800\" title=\"-\"><\/p>","protected":false},"excerpt":{"rendered":"<ul>\n<li>Bao g\u1ed3m\u00a0<strong>1401+<\/strong>\u00a0chi\u1ebfc<\/li>\n<li>S\u00e1ch h\u01b0\u1edbng d\u1eabn s\u1eed d\u1ee5ng<\/li>\n<li>Kh\u1ed1i ABS ch\u1ea5t l\u01b0\u1ee3ng cao<\/li>\n<li>Kh\u00f4ng c\u00f3 h\u1ed9p ban \u0111\u1ea7u<\/li>\n<\/ul>","protected":false},"featured_media":17055,"comment_status":"open","ping_status":"closed","template":"","meta":{"_acf_changed":false},"product_cat":[390],"product_tag":[],"class_list":["product","first","instock","shipping-taxable","purchasable","product-type-simple"],"acf":[],"_links":{"self":[{"href":"https:\/\/mouldking.store\/vi\/wp-json\/wp\/v2\/product\/17054","targetHints":{"allow":["GET"]}}],"collection":[{"href":"https:\/\/mouldking.store\/vi\/wp-json\/wp\/v2\/product"}],"about":[{"href":"https:\/\/mouldking.store\/vi\/wp-json\/wp\/v2\/types\/product"}],"replies":[{"embeddable":true,"href":"https:\/\/mouldking.store\/vi\/wp-json\/wp\/v2\/comments?post=17054"}],"wp:featuredmedia":[{"embeddable":true,"href":"https:\/\/mouldking.store\/vi\/wp-json\/wp\/v2\/media\/17055"}],"wp:attachment":[{"href":"https:\/\/mouldking.store\/vi\/wp-json\/wp\/v2\/media?parent=17054"}],"wp:term":[{"taxonomy":"product_cat","embeddable":true,"href":"https:\/\/mouldking.store\/vi\/wp-json\/wp\/v2\/product_cat?post=17054"},{"taxonomy":"product_tag","embeddable":true,"href":"https:\/\/mouldking.store\/vi\/wp-json\/wp\/v2\/product_tag?post=17054"}],"curies":[{"name":"wp","href":"https:\/\/api.w.org\/{rel}","templated":true}]}}