{"id":17075,"date":"2021-09-28T03:41:29","date_gmt":"2021-09-28T03:41:29","guid":{"rendered":"https:\/\/mouldking.store\/product\/s-sy-8850-london-bus-with-rc-pf-upgrade-4498601"},"modified":"2021-10-11T02:54:09","modified_gmt":"2021-10-11T02:54:09","slug":"s-sy-8850-london-bus-with-rc-pf-upgrade","status":"publish","type":"product","link":"https:\/\/mouldking.store\/vi\/shop\/s-sy-8850-london-bus-with-rc-pf-upgrade\/","title":{"rendered":"S SY 8850 Xe bu\u00fdt Lu\u00e2n \u0110\u00f4n v\u1edbi B\u1ea3n n\u00e2ng c\u1ea5p RC PF"},"content":{"rendered":"<p>Trong hai th\u1eadp k\u1ef7 qua, m\u1ee9c \u0111\u1ed9 ph\u1ed5 bi\u1ebfn c\u1ee7a Xe bu\u00fdt Lu\u00e2n \u0110\u00f4n \u0111\u00e3 t\u0103ng l\u00ean r\u1ea5t nhi\u1ec1u. N\u00f3 \u0111\u00e3 tr\u1edf th\u00e0nh m\u1ed9t ph\u01b0\u01a1ng th\u1ee9c v\u1eadn chuy\u1ec3n r\u1ea5t ph\u1ed5 bi\u1ebfn, \u0111\u1eb7c bi\u1ec7t l\u00e0 \u0111\u1ed1i v\u1edbi th\u1ebf h\u1ec7 c\u0169. Tuy nhi\u00ean, khi nh\u1eefng ng\u01b0\u1eddi tr\u1ebb tu\u1ed5i b\u1eaft \u0111\u1ea7u quan t\u00e2m \u0111\u1ebfn vi\u1ec7c \u0111i du l\u1ecbch \u1edf London, m\u1ee9c \u0111\u1ed9 ph\u1ed5 bi\u1ebfn c\u1ee7a xe bu\u00fdt b\u1eaft \u0111\u1ea7u gi\u1ea3m.<\/p>","protected":false},"excerpt":{"rendered":"<p>Juggernaut: London Bus thu\u1ed9c th\u1ec3 lo\u1ea1i kh\u1ed1i c\u01a1 kh\u00ed. To\u00e0n b\u1ed9 ch\u1ee9a 1663 kh\u1ed1i. L\u1ea7n \u0111\u1ea7u ti\u00ean \u0111\u01b0\u1ee3c ph\u00e1t h\u00e0nh v\u00e0o n\u0103m 2021.<\/p>","protected":false},"featured_media":17076,"comment_status":"open","ping_status":"closed","template":"","meta":{"_acf_changed":false},"product_cat":[],"product_tag":[],"class_list":["product","first","outofstock","shipping-taxable","purchasable","product-type-variable","has-default-attributes"],"acf":[],"_links":{"self":[{"href":"https:\/\/mouldking.store\/vi\/wp-json\/wp\/v2\/product\/17075","targetHints":{"allow":["GET"]}}],"collection":[{"href":"https:\/\/mouldking.store\/vi\/wp-json\/wp\/v2\/product"}],"about":[{"href":"https:\/\/mouldking.store\/vi\/wp-json\/wp\/v2\/types\/product"}],"replies":[{"embeddable":true,"href":"https:\/\/mouldking.store\/vi\/wp-json\/wp\/v2\/comments?post=17075"}],"wp:featuredmedia":[{"embeddable":true,"href":"https:\/\/mouldking.store\/vi\/wp-json\/wp\/v2\/media\/17076"}],"wp:attachment":[{"href":"https:\/\/mouldking.store\/vi\/wp-json\/wp\/v2\/media?parent=17075"}],"wp:term":[{"taxonomy":"product_cat","embeddable":true,"href":"https:\/\/mouldking.store\/vi\/wp-json\/wp\/v2\/product_cat?post=17075"},{"taxonomy":"product_tag","embeddable":true,"href":"https:\/\/mouldking.store\/vi\/wp-json\/wp\/v2\/product_tag?post=17075"}],"curies":[{"name":"wp","href":"https:\/\/api.w.org\/{rel}","templated":true}]}}