{"id":17137,"date":"2021-09-28T03:42:23","date_gmt":"2021-09-28T03:42:23","guid":{"rendered":"https:\/\/mouldking.store\/product\/sembo-701809-beijing-automobile-museum-volkswagen-beetle-1571126"},"modified":"2021-12-23T09:51:08","modified_gmt":"2021-12-23T09:51:08","slug":"sembo-701809-beijing-automobile-museum-volkswagen-beetle","status":"publish","type":"product","link":"https:\/\/mouldking.store\/vi\/shop\/sembo-701809-beijing-automobile-museum-volkswagen-beetle\/","title":{"rendered":"SEMBO 701809 B\u1ea3o t\u00e0ng \u00f4 t\u00f4 B\u1eafc Kinh Volkswagen Beetle"},"content":{"rendered":"<p style=\"text-align: left;\"><span>SEMBO 701809 Beijing Automobile Museum Volkswagen Beetle belongs to the racing series building block set, the whole set contains 684 building block particles. <\/span><span>L\u1ea7n \u0111\u1ea7u ti\u00ean \u0111\u01b0\u1ee3c ph\u00e1t h\u00e0nh v\u00e0o n\u0103m 2020.<\/span><\/p>\n<figure id=\"attachment_202443\" aria-describedby=\"caption-attachment-202443\" style=\"width: 800px\" class=\"wp-caption aligncenter\"><a href=\"https:\/\/pay.lpwstore.com\/wp-content\/uploads\/2021\/02\/SEMBO-701809-Beijing-Automobile-Museum-Volkswagen-Beetle-6.jpg\" target=\"_blank\" rel=\"noopener\"><img fetchpriority=\"high\" decoding=\"async\" class=\"wp-image-202443 size-full\" title=\"SEMBO 701809 B\u1ea3o t\u00e0ng \u00f4 t\u00f4 B\u1eafc Kinh Volkswagen Beetle\" src=\"https:\/\/pay.lpwstore.com\/wp-content\/uploads\/2021\/02\/SEMBO-701809-Beijing-Automobile-Museum-Volkswagen-Beetle-6.jpg\" alt=\"SEMBO 701809 Beijing Automobile Museum Volkswagen Beetle\" width=\"800\" height=\"800\" \/><\/a><figcaption id=\"caption-attachment-202443\" class=\"wp-caption-text\">SEMBO 701809 B\u1ea3o t\u00e0ng \u00f4 t\u00f4 B\u1eafc Kinh Volkswagen Beetle<\/figcaption><\/figure>\n<p><img decoding=\"async\" class=\"alignnone size-full wp-image-202439 aligncenter\" src=\"https:\/\/pay.lpwstore.com\/wp-content\/uploads\/2021\/02\/SEMBO-701809-Beijing-Automobile-Museum-Volkswagen-Beetle-2.jpg\" alt=\"-\" width=\"800\" height=\"800\" title=\"-\"> <img decoding=\"async\" class=\"alignnone size-full wp-image-202441 aligncenter\" src=\"https:\/\/pay.lpwstore.com\/wp-content\/uploads\/2021\/02\/SEMBO-701809-Beijing-Automobile-Museum-Volkswagen-Beetle-4.jpg\" alt=\"-\" width=\"800\" height=\"800\" title=\"-\"> <img loading=\"lazy\" decoding=\"async\" class=\"alignnone size-full wp-image-202442 aligncenter\" src=\"https:\/\/pay.lpwstore.com\/wp-content\/uploads\/2021\/02\/SEMBO-701809-Beijing-Automobile-Museum-Volkswagen-Beetle-5.jpg\" alt=\"-\" width=\"800\" height=\"800\" title=\"-\"> <img loading=\"lazy\" decoding=\"async\" class=\"alignnone size-full wp-image-202438 aligncenter\" src=\"https:\/\/pay.lpwstore.com\/wp-content\/uploads\/2021\/02\/SEMBO-701809-Beijing-Automobile-Museum-Volkswagen-Beetle.jpg\" alt=\"-\" width=\"800\" height=\"800\" title=\"-\"> <img loading=\"lazy\" decoding=\"async\" class=\"alignnone size-full wp-image-202440 aligncenter\" src=\"https:\/\/pay.lpwstore.com\/wp-content\/uploads\/2021\/02\/SEMBO-701809-Beijing-Automobile-Museum-Volkswagen-Beetle-3.jpg\" alt=\"-\" width=\"800\" height=\"800\" title=\"-\"><\/p>","protected":false},"excerpt":{"rendered":"<ul>\n<li>Bao g\u1ed3m <strong>684+<\/strong> chi\u1ebfc<\/li>\n<li>S\u00e1ch h\u01b0\u1edbng d\u1eabn s\u1eed d\u1ee5ng<\/li>\n<li>Kh\u1ed1i ABS ch\u1ea5t l\u01b0\u1ee3ng cao<\/li>\n<li>Kh\u00f4ng c\u00f3 h\u1ed9p ban \u0111\u1ea7u<\/li>\n<\/ul>","protected":false},"featured_media":17138,"comment_status":"open","ping_status":"closed","template":"","meta":{"_acf_changed":false},"product_cat":[],"product_tag":[],"class_list":["product","first","instock","shipping-taxable","purchasable","product-type-simple"],"acf":[],"_links":{"self":[{"href":"https:\/\/mouldking.store\/vi\/wp-json\/wp\/v2\/product\/17137","targetHints":{"allow":["GET"]}}],"collection":[{"href":"https:\/\/mouldking.store\/vi\/wp-json\/wp\/v2\/product"}],"about":[{"href":"https:\/\/mouldking.store\/vi\/wp-json\/wp\/v2\/types\/product"}],"replies":[{"embeddable":true,"href":"https:\/\/mouldking.store\/vi\/wp-json\/wp\/v2\/comments?post=17137"}],"wp:featuredmedia":[{"embeddable":true,"href":"https:\/\/mouldking.store\/vi\/wp-json\/wp\/v2\/media\/17138"}],"wp:attachment":[{"href":"https:\/\/mouldking.store\/vi\/wp-json\/wp\/v2\/media?parent=17137"}],"wp:term":[{"taxonomy":"product_cat","embeddable":true,"href":"https:\/\/mouldking.store\/vi\/wp-json\/wp\/v2\/product_cat?post=17137"},{"taxonomy":"product_tag","embeddable":true,"href":"https:\/\/mouldking.store\/vi\/wp-json\/wp\/v2\/product_tag?post=17137"}],"curies":[{"name":"wp","href":"https:\/\/api.w.org\/{rel}","templated":true}]}}