{"id":17154,"date":"2021-09-28T03:42:37","date_gmt":"2021-09-28T03:42:37","guid":{"rendered":"https:\/\/mouldking.store\/product\/sembo-701807-beijing-auto-museum-cadillac-eldorado-8029815"},"modified":"2021-12-23T09:51:07","modified_gmt":"2021-12-23T09:51:07","slug":"sembo-701807-beijing-auto-museum-cadillac-eldorado","status":"publish","type":"product","link":"https:\/\/mouldking.store\/vi\/shop\/sembo-701807-beijing-auto-museum-cadillac-eldorado\/","title":{"rendered":"SEMBO 701807 B\u1ea3o t\u00e0ng \u00f4 t\u00f4 B\u1eafc Kinh Cadillac Eldorado"},"content":{"rendered":"<p style=\"text-align: left;\"><span>SEMBO 701807 Beijing Auto Museum Cadillac Eldorado belongs to the racing series building block set, the whole set contains 785 building block particles. <\/span><span>L\u1ea7n \u0111\u1ea7u ti\u00ean \u0111\u01b0\u1ee3c ph\u00e1t h\u00e0nh v\u00e0o n\u0103m 2020.<\/span><\/p>\n<figure id=\"attachment_202450\" aria-describedby=\"caption-attachment-202450\" style=\"width: 800px\" class=\"wp-caption aligncenter\"><a href=\"https:\/\/pay.lpwstore.com\/wp-content\/uploads\/2021\/02\/SEMBO-701807-Beijing-Auto-Museum-Cadillac-Eldorado-6.jpg\" target=\"_blank\" rel=\"noopener\"><img fetchpriority=\"high\" decoding=\"async\" class=\"wp-image-202450 size-full\" title=\"SEMBO 701807 B\u1ea3o t\u00e0ng \u00f4 t\u00f4 B\u1eafc Kinh Cadillac Eldorado\" src=\"https:\/\/pay.lpwstore.com\/wp-content\/uploads\/2021\/02\/SEMBO-701807-Beijing-Auto-Museum-Cadillac-Eldorado-6.jpg\" alt=\"SEMBO 701807 Beijing Auto Museum Cadillac Eldorado\" width=\"800\" height=\"800\" \/><\/a><figcaption id=\"caption-attachment-202450\" class=\"wp-caption-text\">SEMBO 701807 B\u1ea3o t\u00e0ng \u00f4 t\u00f4 B\u1eafc Kinh Cadillac Eldorado<\/figcaption><\/figure>\n<p><img decoding=\"async\" class=\"alignnone size-full wp-image-202446 aligncenter\" src=\"https:\/\/pay.lpwstore.com\/wp-content\/uploads\/2021\/02\/SEMBO-701807-Beijing-Auto-Museum-Cadillac-Eldorado-2.jpg\" alt=\"-\" width=\"800\" height=\"800\" title=\"-\"> <img decoding=\"async\" class=\"alignnone size-full wp-image-202449 aligncenter\" src=\"https:\/\/pay.lpwstore.com\/wp-content\/uploads\/2021\/02\/SEMBO-701807-Beijing-Auto-Museum-Cadillac-Eldorado-5.jpg\" alt=\"-\" width=\"800\" height=\"800\" title=\"-\"> <img loading=\"lazy\" decoding=\"async\" class=\"alignnone size-full wp-image-202448 aligncenter\" src=\"https:\/\/pay.lpwstore.com\/wp-content\/uploads\/2021\/02\/SEMBO-701807-Beijing-Auto-Museum-Cadillac-Eldorado-4.jpg\" alt=\"-\" width=\"800\" height=\"800\" title=\"-\"> <img loading=\"lazy\" decoding=\"async\" class=\"alignnone size-full wp-image-202447 aligncenter\" src=\"https:\/\/pay.lpwstore.com\/wp-content\/uploads\/2021\/02\/SEMBO-701807-Beijing-Auto-Museum-Cadillac-Eldorado-3.jpg\" alt=\"-\" width=\"800\" height=\"800\" title=\"-\"><\/p>","protected":false},"excerpt":{"rendered":"<ul>\n<li>Bao g\u1ed3m\u00a0<strong>785+<\/strong>\u00a0chi\u1ebfc<\/li>\n<li>S\u00e1ch h\u01b0\u1edbng d\u1eabn s\u1eed d\u1ee5ng<\/li>\n<li>Kh\u1ed1i ABS ch\u1ea5t l\u01b0\u1ee3ng cao<\/li>\n<li>Kh\u00f4ng c\u00f3 h\u1ed9p ban \u0111\u1ea7u<\/li>\n<\/ul>","protected":false},"featured_media":17155,"comment_status":"open","ping_status":"closed","template":"","meta":{"_acf_changed":false},"product_cat":[],"product_tag":[],"class_list":["product","first","instock","shipping-taxable","purchasable","product-type-simple"],"acf":[],"_links":{"self":[{"href":"https:\/\/mouldking.store\/vi\/wp-json\/wp\/v2\/product\/17154","targetHints":{"allow":["GET"]}}],"collection":[{"href":"https:\/\/mouldking.store\/vi\/wp-json\/wp\/v2\/product"}],"about":[{"href":"https:\/\/mouldking.store\/vi\/wp-json\/wp\/v2\/types\/product"}],"replies":[{"embeddable":true,"href":"https:\/\/mouldking.store\/vi\/wp-json\/wp\/v2\/comments?post=17154"}],"wp:featuredmedia":[{"embeddable":true,"href":"https:\/\/mouldking.store\/vi\/wp-json\/wp\/v2\/media\/17155"}],"wp:attachment":[{"href":"https:\/\/mouldking.store\/vi\/wp-json\/wp\/v2\/media?parent=17154"}],"wp:term":[{"taxonomy":"product_cat","embeddable":true,"href":"https:\/\/mouldking.store\/vi\/wp-json\/wp\/v2\/product_cat?post=17154"},{"taxonomy":"product_tag","embeddable":true,"href":"https:\/\/mouldking.store\/vi\/wp-json\/wp\/v2\/product_tag?post=17154"}],"curies":[{"name":"wp","href":"https:\/\/api.w.org\/{rel}","templated":true}]}}