{"id":17210,"date":"2021-09-28T03:43:26","date_gmt":"2021-09-27T20:43:26","guid":{"rendered":"https:\/\/mouldking.store\/product\/zhegao-ql0310-rail-transit-harmony-high-speed-train-5521894"},"modified":"2022-06-16T11:28:48","modified_gmt":"2022-06-16T04:28:48","slug":"zhegao-ql0310-rail-transit-harmony-high-speed-train","status":"publish","type":"product","link":"https:\/\/mouldking.store\/vi\/shop\/zhegao-ql0310-rail-transit-harmony-high-speed-train\/","title":{"rendered":"ZHEGAO QL0310 V\u1eadn chuy\u1ec3n \u0111\u01b0\u1eddng s\u1eaft: T\u00e0u cao t\u1ed1c Harmony"},"content":{"rendered":"<p style=\"text-align: left;\"><span>ZHEGAO QL0310 Rail transit: Harmony high-speed train belongs to the city series building block set, the whole set contains 941 building block particles. <\/span><span>L\u1ea7n \u0111\u1ea7u ti\u00ean \u0111\u01b0\u1ee3c ph\u00e1t h\u00e0nh v\u00e0o n\u0103m 2021.<\/span><\/p>\n<figure id=\"attachment_202618\" aria-describedby=\"caption-attachment-202618\" style=\"width: 800px\" class=\"wp-caption aligncenter\"><a href=\"https:\/\/pay.lpwstore.com\/wp-content\/uploads\/2021\/02\/ZHEGAO-QL0310-Rail-transit-Harmony-high-speed-train-2.jpg\" target=\"_blank\" rel=\"noopener\"><img fetchpriority=\"high\" decoding=\"async\" class=\"wp-image-202618 size-full\" title=\"ZHEGAO QL0310 V\u1eadn chuy\u1ec3n \u0111\u01b0\u1eddng s\u1eaft: T\u00e0u cao t\u1ed1c Harmony\" src=\"https:\/\/pay.lpwstore.com\/wp-content\/uploads\/2021\/02\/ZHEGAO-QL0310-Rail-transit-Harmony-high-speed-train-2.jpg\" alt=\"ZHEGAO QL0310 Rail transit: Harmony high-speed train\" width=\"800\" height=\"800\" \/><\/a><figcaption id=\"caption-attachment-202618\" class=\"wp-caption-text\">ZHEGAO QL0310 V\u1eadn chuy\u1ec3n \u0111\u01b0\u1eddng s\u1eaft: T\u00e0u cao t\u1ed1c Harmony<\/figcaption><\/figure>\n<p><img decoding=\"async\" class=\"alignnone size-full wp-image-202617 aligncenter\" src=\"https:\/\/pay.lpwstore.com\/wp-content\/uploads\/2021\/02\/ZHEGAO-QL0310-Rail-transit-Harmony-high-speed-train.jpg\" alt=\"-\" width=\"800\" height=\"800\" title=\"-\"> <img decoding=\"async\" class=\"alignnone size-full wp-image-202620 aligncenter\" src=\"https:\/\/pay.lpwstore.com\/wp-content\/uploads\/2021\/02\/ZHEGAO-QL0310-Rail-transit-Harmony-high-speed-train-4.jpg\" alt=\"-\" width=\"800\" height=\"800\" title=\"-\"> <img loading=\"lazy\" decoding=\"async\" class=\"alignnone size-full wp-image-202621 aligncenter\" src=\"https:\/\/pay.lpwstore.com\/wp-content\/uploads\/2021\/02\/ZHEGAO-QL0310-Rail-transit-Harmony-high-speed-train-5.jpg\" alt=\"-\" width=\"800\" height=\"800\" title=\"-\"> <img loading=\"lazy\" decoding=\"async\" class=\"alignnone size-full wp-image-202622 aligncenter\" src=\"https:\/\/pay.lpwstore.com\/wp-content\/uploads\/2021\/02\/ZHEGAO-QL0310-Rail-transit-Harmony-high-speed-train-6.jpg\" alt=\"-\" width=\"800\" height=\"800\" title=\"-\"> <img loading=\"lazy\" decoding=\"async\" class=\"alignnone size-full wp-image-202623 aligncenter\" src=\"https:\/\/pay.lpwstore.com\/wp-content\/uploads\/2021\/02\/ZHEGAO-QL0310-Rail-transit-Harmony-high-speed-train-7.jpg\" alt=\"-\" width=\"800\" height=\"800\" title=\"-\"> <img loading=\"lazy\" decoding=\"async\" class=\"alignnone size-full wp-image-202624 aligncenter\" src=\"https:\/\/pay.lpwstore.com\/wp-content\/uploads\/2021\/02\/ZHEGAO-QL0310-Rail-transit-Harmony-high-speed-train-8.jpg\" alt=\"-\" width=\"800\" height=\"800\" title=\"-\"> <img loading=\"lazy\" decoding=\"async\" class=\"alignnone size-full wp-image-202625 aligncenter\" src=\"https:\/\/pay.lpwstore.com\/wp-content\/uploads\/2021\/02\/ZHEGAO-QL0310-Rail-transit-Harmony-high-speed-train-9.jpg\" alt=\"-\" width=\"800\" height=\"800\" title=\"-\"> <img loading=\"lazy\" decoding=\"async\" class=\"alignnone size-full wp-image-202619 aligncenter\" src=\"https:\/\/pay.lpwstore.com\/wp-content\/uploads\/2021\/02\/ZHEGAO-QL0310-Rail-transit-Harmony-high-speed-train-3.jpg\" alt=\"-\" width=\"800\" height=\"800\" title=\"-\"><\/p>","protected":false},"excerpt":{"rendered":"<ul>\n<li>Bao g\u1ed3m <strong>941+<\/strong> chi\u1ebfc<\/li>\n<li>S\u00e1ch h\u01b0\u1edbng d\u1eabn s\u1eed d\u1ee5ng<\/li>\n<li>Kh\u1ed1i ABS ch\u1ea5t l\u01b0\u1ee3ng cao<\/li>\n<li>v\u1edbi \u0111\u1ed9ng c\u01a1<\/li>\n<\/ul>","protected":false},"featured_media":17211,"comment_status":"open","ping_status":"closed","template":"","meta":{"_acf_changed":false},"product_cat":[15],"product_tag":[],"class_list":["product","first","outofstock","shipping-taxable","purchasable","product-type-simple"],"acf":[],"_links":{"self":[{"href":"https:\/\/mouldking.store\/vi\/wp-json\/wp\/v2\/product\/17210","targetHints":{"allow":["GET"]}}],"collection":[{"href":"https:\/\/mouldking.store\/vi\/wp-json\/wp\/v2\/product"}],"about":[{"href":"https:\/\/mouldking.store\/vi\/wp-json\/wp\/v2\/types\/product"}],"replies":[{"embeddable":true,"href":"https:\/\/mouldking.store\/vi\/wp-json\/wp\/v2\/comments?post=17210"}],"wp:featuredmedia":[{"embeddable":true,"href":"https:\/\/mouldking.store\/vi\/wp-json\/wp\/v2\/media\/17211"}],"wp:attachment":[{"href":"https:\/\/mouldking.store\/vi\/wp-json\/wp\/v2\/media?parent=17210"}],"wp:term":[{"taxonomy":"product_cat","embeddable":true,"href":"https:\/\/mouldking.store\/vi\/wp-json\/wp\/v2\/product_cat?post=17210"},{"taxonomy":"product_tag","embeddable":true,"href":"https:\/\/mouldking.store\/vi\/wp-json\/wp\/v2\/product_tag?post=17210"}],"curies":[{"name":"wp","href":"https:\/\/api.w.org\/{rel}","templated":true}]}}