{"id":17262,"date":"2021-09-28T03:44:09","date_gmt":"2021-09-28T03:44:09","guid":{"rendered":"https:\/\/mouldking.store\/product\/mork-032101-diagon-alley-bank-harry-potter-movie-4959628"},"modified":"2023-12-22T09:44:20","modified_gmt":"2023-12-22T02:44:20","slug":"mork-032101-diagon-alley-bank-harry-potter-movie","status":"publish","type":"product","link":"https:\/\/mouldking.store\/vi\/shop\/mork-032101-diagon-alley-bank-harry-potter-movie\/","title":{"rendered":"MORK 032101 Ng\u00e2n H\u00e0ng H\u1ebbm X\u00e9o Phim Harry Potter"},"content":{"rendered":"<p style=\"text-align: left;\">MORK 032101 Ng\u00e2n H\u00e0ng H\u1ebbm X\u00e9o Phim Harry Potter l\u00e0 m\u1ed9t b\u1ed9 trong Tuy\u1ec3n t\u1eadp phim. MORK 032101 n\u00e0y \u0111i k\u00e8m v\u1edbi h\u01b0\u1edbng d\u1eabn th\u1ee7 c\u00f4ng gi\u00fap d\u1ec5 d\u00e0ng x\u00e2y d\u1ef1ng v\u00e0 t\u00ecm c\u00e1c m\u1ea3nh c\u00f2n thi\u1ebfu. B\u1ed9 g\u1ed3m 4185 mi\u1ebfng, ph\u00e1t h\u00e0nh l\u1ea7n \u0111\u1ea7u v\u00e0o n\u0103m 2021.<\/p>\n<figure id=\"attachment_203026\" aria-describedby=\"caption-attachment-203026\" style=\"width: 800px\" class=\"wp-caption aligncenter\"><a href=\"https:\/\/pay.lpwstore.com\/wp-content\/uploads\/2021\/02\/MORK-032101-Diagon-Alley-Bank-Harry-Potter-Movie.jpg\" target=\"_blank\" rel=\"noopener\"><img fetchpriority=\"high\" decoding=\"async\" class=\"wp-image-203026 size-full\" title=\"MORK 032101 Ng\u00e2n H\u00e0ng H\u1ebbm X\u00e9o Phim Harry Potter\" src=\"https:\/\/pay.lpwstore.com\/wp-content\/uploads\/2021\/02\/MORK-032101-Diagon-Alley-Bank-Harry-Potter-Movie.jpg\" alt=\"MORK 032101 Diagon Alley Bank Harry Potter Movie\" width=\"800\" height=\"800\" \/><\/a><figcaption id=\"caption-attachment-203026\" class=\"wp-caption-text\">MORK 032101 Ng\u00e2n H\u00e0ng H\u1ebbm X\u00e9o Phim Harry Potter<\/figcaption><\/figure>\n<p><img decoding=\"async\" class=\"alignnone size-full wp-image-203027 aligncenter\" src=\"https:\/\/pay.lpwstore.com\/wp-content\/uploads\/2021\/02\/MORK-032101-Diagon-Alley-Bank-Harry-Potter-Movie-2.jpg\" alt=\"-\" width=\"800\" height=\"800\" title=\"-\"> <img decoding=\"async\" class=\"alignnone size-full wp-image-203028 aligncenter\" src=\"https:\/\/pay.lpwstore.com\/wp-content\/uploads\/2021\/02\/MORK-032101-Diagon-Alley-Bank-Harry-Potter-Movie-3.jpg\" alt=\"-\" width=\"800\" height=\"800\" title=\"-\"> <img loading=\"lazy\" decoding=\"async\" class=\"alignnone size-full wp-image-203029 aligncenter\" src=\"https:\/\/pay.lpwstore.com\/wp-content\/uploads\/2021\/02\/MORK-032101-Diagon-Alley-Bank-Harry-Potter-Movie-4.jpg\" alt=\"-\" width=\"800\" height=\"800\" title=\"-\"> <img loading=\"lazy\" decoding=\"async\" class=\"alignnone size-full wp-image-203030 aligncenter\" src=\"https:\/\/pay.lpwstore.com\/wp-content\/uploads\/2021\/02\/MORK-032101-Diagon-Alley-Bank-Harry-Potter-Movie-5.jpg\" alt=\"-\" width=\"800\" height=\"800\" title=\"-\"> <img loading=\"lazy\" decoding=\"async\" class=\"alignnone size-full wp-image-203031 aligncenter\" src=\"https:\/\/pay.lpwstore.com\/wp-content\/uploads\/2021\/02\/MORK-032101-Diagon-Alley-Bank-Harry-Potter-Movie-6.jpg\" alt=\"-\" width=\"800\" height=\"800\" title=\"-\"> <img loading=\"lazy\" decoding=\"async\" class=\"alignnone size-full wp-image-203032 aligncenter\" src=\"https:\/\/pay.lpwstore.com\/wp-content\/uploads\/2021\/02\/MORK-032101-Diagon-Alley-Bank-Harry-Potter-Movie-7.jpg\" alt=\"-\" width=\"800\" height=\"800\" title=\"-\"><\/p>","protected":false},"excerpt":{"rendered":"<ul>\n<li>Bao g\u1ed3m <strong>4185+<\/strong> chi\u1ebfc<\/li>\n<li>S\u00e1ch h\u01b0\u1edbng d\u1eabn s\u1eed d\u1ee5ng<\/li>\n<li>Kh\u1ed1i ABS ch\u1ea5t l\u01b0\u1ee3ng cao<\/li>\n<li><strong><span style=\"color: #ff0000;\">kh\u00f4ng c\u00f3 r\u1ed3ng<\/span><\/strong><\/li>\n<\/ul>","protected":false},"featured_media":17263,"comment_status":"open","ping_status":"closed","template":"","meta":{"_acf_changed":false},"product_cat":[581],"product_tag":[],"class_list":["product","first","outofstock","shipping-taxable","purchasable","product-type-simple"],"acf":[],"_links":{"self":[{"href":"https:\/\/mouldking.store\/vi\/wp-json\/wp\/v2\/product\/17262","targetHints":{"allow":["GET"]}}],"collection":[{"href":"https:\/\/mouldking.store\/vi\/wp-json\/wp\/v2\/product"}],"about":[{"href":"https:\/\/mouldking.store\/vi\/wp-json\/wp\/v2\/types\/product"}],"replies":[{"embeddable":true,"href":"https:\/\/mouldking.store\/vi\/wp-json\/wp\/v2\/comments?post=17262"}],"wp:featuredmedia":[{"embeddable":true,"href":"https:\/\/mouldking.store\/vi\/wp-json\/wp\/v2\/media\/17263"}],"wp:attachment":[{"href":"https:\/\/mouldking.store\/vi\/wp-json\/wp\/v2\/media?parent=17262"}],"wp:term":[{"taxonomy":"product_cat","embeddable":true,"href":"https:\/\/mouldking.store\/vi\/wp-json\/wp\/v2\/product_cat?post=17262"},{"taxonomy":"product_tag","embeddable":true,"href":"https:\/\/mouldking.store\/vi\/wp-json\/wp\/v2\/product_tag?post=17262"}],"curies":[{"name":"wp","href":"https:\/\/api.w.org\/{rel}","templated":true}]}}