{"id":17371,"date":"2021-09-28T03:45:39","date_gmt":"2021-09-28T03:45:39","guid":{"rendered":"https:\/\/mouldking.store\/product\/panlos-633058-mars-rover-12-in-1-6516268"},"modified":"2021-12-23T09:51:03","modified_gmt":"2021-12-23T09:51:03","slug":"panlos-633058-mars-rover-12-in-1","status":"publish","type":"product","link":"https:\/\/mouldking.store\/vi\/shop\/panlos-633058-mars-rover-12-in-1\/","title":{"rendered":"PANLOS 633058 Mars Rover 12 trong 1"},"content":{"rendered":"<p><span>PANLOS 633058 Mars Rover 12 trong 1 thu\u1ed9c b\u1ed9 kh\u1ed1i x\u00e2y d\u1ef1ng s\u00ea-ri ch\u1ee7 \u0111\u1ec1. To\u00e0n b\u1ed9 ch\u1ee9a 539 h\u1ea1t kh\u1ed1i x\u00e2y d\u1ef1ng. <\/span><span>L\u1ea7n \u0111\u1ea7u ti\u00ean \u0111\u01b0\u1ee3c ph\u00e1t h\u00e0nh v\u00e0o n\u0103m 2021.<\/span><\/p>\n<figure id=\"attachment_203388\" aria-describedby=\"caption-attachment-203388\" style=\"width: 800px\" class=\"wp-caption aligncenter\"><a href=\"https:\/\/pay.lpwstore.com\/wp-content\/uploads\/2021\/03\/PANLOS-633058-Mars-Rover-12-in-1-v4.jpg\" target=\"_blank\" rel=\"noopener\"><img fetchpriority=\"high\" decoding=\"async\" class=\"wp-image-203388 size-full\" title=\"PANLOS 633058 Mars Rover 12 trong 1\" src=\"https:\/\/pay.lpwstore.com\/wp-content\/uploads\/2021\/03\/PANLOS-633058-Mars-Rover-12-in-1-v4.jpg\" alt=\"PANLOS 633058 Mars Rover 12 in 1\" width=\"800\" height=\"2321\" \/><\/a><figcaption id=\"caption-attachment-203388\" class=\"wp-caption-text\">PANLOS 633058 Mars Rover 12 trong 1<\/figcaption><\/figure>","protected":false},"excerpt":{"rendered":"<ul>\n<li>Bao g\u1ed3m\u00a0<strong>539+<\/strong>\u00a0chi\u1ebfc<\/li>\n<li>S\u00e1ch h\u01b0\u1edbng d\u1eabn s\u1eed d\u1ee5ng<\/li>\n<li>Kh\u1ed1i ABS ch\u1ea5t l\u01b0\u1ee3ng cao<\/li>\n<li>Kh\u00f4ng c\u00f3 h\u1ed9p ban \u0111\u1ea7u<\/li>\n<\/ul>","protected":false},"featured_media":17372,"comment_status":"open","ping_status":"closed","template":"","meta":{"_acf_changed":false},"product_cat":[],"product_tag":[],"class_list":["product","first","instock","shipping-taxable","purchasable","product-type-simple"],"acf":[],"_links":{"self":[{"href":"https:\/\/mouldking.store\/vi\/wp-json\/wp\/v2\/product\/17371","targetHints":{"allow":["GET"]}}],"collection":[{"href":"https:\/\/mouldking.store\/vi\/wp-json\/wp\/v2\/product"}],"about":[{"href":"https:\/\/mouldking.store\/vi\/wp-json\/wp\/v2\/types\/product"}],"replies":[{"embeddable":true,"href":"https:\/\/mouldking.store\/vi\/wp-json\/wp\/v2\/comments?post=17371"}],"wp:featuredmedia":[{"embeddable":true,"href":"https:\/\/mouldking.store\/vi\/wp-json\/wp\/v2\/media\/17372"}],"wp:attachment":[{"href":"https:\/\/mouldking.store\/vi\/wp-json\/wp\/v2\/media?parent=17371"}],"wp:term":[{"taxonomy":"product_cat","embeddable":true,"href":"https:\/\/mouldking.store\/vi\/wp-json\/wp\/v2\/product_cat?post=17371"},{"taxonomy":"product_tag","embeddable":true,"href":"https:\/\/mouldking.store\/vi\/wp-json\/wp\/v2\/product_tag?post=17371"}],"curies":[{"name":"wp","href":"https:\/\/api.w.org\/{rel}","templated":true}]}}