{"id":17379,"date":"2021-09-28T03:45:50","date_gmt":"2021-09-28T03:45:50","guid":{"rendered":"https:\/\/mouldking.store\/product\/cada-c51057-rc-crawler-excavator-5738004"},"modified":"2021-12-23T09:51:03","modified_gmt":"2021-12-23T09:51:03","slug":"cada-c51057-rc-crawler-excavator","status":"publish","type":"product","link":"https:\/\/mouldking.store\/vi\/shop\/cada-c51057-rc-crawler-excavator\/","title":{"rendered":"M\u00e1y \u0111\u00e0o b\u00e1nh x\u00edch RC CADA C51057"},"content":{"rendered":"<p style=\"text-align: left;\"><span>M\u00e1y \u0111\u00e0o b\u00e1nh x\u00edch CADA C51057 thu\u1ed9c b\u1ed9 kh\u1ed1i x\u00e2y d\u1ef1ng s\u00ea-ri nh\u00f3m c\u01a1 kh\u00ed, to\u00e0n b\u1ed9 b\u1ed9 ch\u1ee9a 544 h\u1ea1t kh\u1ed1i x\u00e2y d\u1ef1ng. <\/span><span>L\u1ea7n \u0111\u1ea7u ti\u00ean \u0111\u01b0\u1ee3c ph\u00e1t h\u00e0nh v\u00e0o n\u0103m 2018.<\/span><\/p>\n<figure id=\"attachment_203392\" aria-describedby=\"caption-attachment-203392\" style=\"width: 800px\" class=\"wp-caption aligncenter\"><a href=\"https:\/\/pay.lpwstore.com\/wp-content\/uploads\/2021\/03\/CADA-C51057-RC-Crawler-Excavator.jpg\" target=\"_blank\" rel=\"noopener\"><img fetchpriority=\"high\" decoding=\"async\" class=\"wp-image-203392 size-full\" title=\"M\u00e1y \u0111\u00e0o b\u00e1nh x\u00edch RC CADA C51057\" src=\"https:\/\/pay.lpwstore.com\/wp-content\/uploads\/2021\/03\/CADA-C51057-RC-Crawler-Excavator.jpg\" alt=\"CADA C51057 RC Crawler Excavator\" width=\"800\" height=\"800\" \/><\/a><figcaption id=\"caption-attachment-203392\" class=\"wp-caption-text\">M\u00e1y \u0111\u00e0o b\u00e1nh x\u00edch RC CADA C51057<\/figcaption><\/figure>\n<p><img decoding=\"async\" class=\"alignnone size-full wp-image-203393 aligncenter\" src=\"https:\/\/pay.lpwstore.com\/wp-content\/uploads\/2021\/03\/CADA-C51057-RC-Crawler-Excavator-2.jpg\" alt=\"-\" width=\"800\" height=\"800\" title=\"-\"> <img decoding=\"async\" class=\"alignnone size-full wp-image-203394 aligncenter\" src=\"https:\/\/pay.lpwstore.com\/wp-content\/uploads\/2021\/03\/CADA-C51057-RC-Crawler-Excavator-3.jpg\" alt=\"-\" width=\"800\" height=\"800\" title=\"-\"> <img loading=\"lazy\" decoding=\"async\" class=\"alignnone size-full wp-image-203395 aligncenter\" src=\"https:\/\/pay.lpwstore.com\/wp-content\/uploads\/2021\/03\/CADA-C51057-RC-Crawler-Excavator-4.jpg\" alt=\"-\" width=\"800\" height=\"800\" title=\"-\"> <img loading=\"lazy\" decoding=\"async\" class=\"alignnone size-full wp-image-203396 aligncenter\" src=\"https:\/\/pay.lpwstore.com\/wp-content\/uploads\/2021\/03\/CADA-C51057-RC-Crawler-Excavator-5.jpg\" alt=\"-\" width=\"800\" height=\"800\" title=\"-\"><\/p>","protected":false},"excerpt":{"rendered":"<ul>\n<li>Bao g\u1ed3m <strong>544+<\/strong> chi\u1ebfc<\/li>\n<li>S\u00e1ch h\u01b0\u1edbng d\u1eabn s\u1eed d\u1ee5ng<\/li>\n<li>Kh\u1ed1i ABS ch\u1ea5t l\u01b0\u1ee3ng cao<\/li>\n<\/ul>","protected":false},"featured_media":17380,"comment_status":"open","ping_status":"closed","template":"","meta":{"_acf_changed":false},"product_cat":[],"product_tag":[],"class_list":["product","first","instock","shipping-taxable","purchasable","product-type-simple"],"acf":[],"_links":{"self":[{"href":"https:\/\/mouldking.store\/vi\/wp-json\/wp\/v2\/product\/17379","targetHints":{"allow":["GET"]}}],"collection":[{"href":"https:\/\/mouldking.store\/vi\/wp-json\/wp\/v2\/product"}],"about":[{"href":"https:\/\/mouldking.store\/vi\/wp-json\/wp\/v2\/types\/product"}],"replies":[{"embeddable":true,"href":"https:\/\/mouldking.store\/vi\/wp-json\/wp\/v2\/comments?post=17379"}],"wp:featuredmedia":[{"embeddable":true,"href":"https:\/\/mouldking.store\/vi\/wp-json\/wp\/v2\/media\/17380"}],"wp:attachment":[{"href":"https:\/\/mouldking.store\/vi\/wp-json\/wp\/v2\/media?parent=17379"}],"wp:term":[{"taxonomy":"product_cat","embeddable":true,"href":"https:\/\/mouldking.store\/vi\/wp-json\/wp\/v2\/product_cat?post=17379"},{"taxonomy":"product_tag","embeddable":true,"href":"https:\/\/mouldking.store\/vi\/wp-json\/wp\/v2\/product_tag?post=17379"}],"curies":[{"name":"wp","href":"https:\/\/api.w.org\/{rel}","templated":true}]}}