{"id":17385,"date":"2021-09-28T03:45:51","date_gmt":"2021-09-28T03:45:51","guid":{"rendered":"https:\/\/mouldking.store\/product\/sy-8790-juggernaut-frenzy-mercedes-benz-big-g-with-rc-5134387"},"modified":"2021-12-23T09:51:03","modified_gmt":"2021-12-23T09:51:03","slug":"sy-8790-juggernaut-frenzy-mercedes-benz-big-g-with-rc","status":"publish","type":"product","link":"https:\/\/mouldking.store\/vi\/shop\/sy-8790-juggernaut-frenzy-mercedes-benz-big-g-with-rc\/","title":{"rendered":"SY 8790 Juggernaut Frenzy: Mercedes-Benz Big G v\u1edbi RC"},"content":{"rendered":"<p style=\"text-align: left;\"><span>SY 8790 Juggernaut Frenzy: Mercedes-Benz Big G with RC thu\u1ed9c d\u00f2ng kh\u1ed1i c\u01a1 h\u1ecdc. To\u00e0n b\u1ed9 ch\u1ee9a 1852 h\u1ea1t kh\u1ed1i. <\/span><span>L\u1ea7n \u0111\u1ea7u ti\u00ean \u0111\u01b0\u1ee3c ph\u00e1t h\u00e0nh v\u00e0o n\u0103m 2021.<\/span><\/p>\n<figure id=\"attachment_203475\" aria-describedby=\"caption-attachment-203475\" style=\"width: 800px\" class=\"wp-caption aligncenter\"><a href=\"https:\/\/pay.lpwstore.com\/wp-content\/uploads\/2021\/03\/SY-8790-Juggernaut-Frenzy-Mercedes-Benz-Big-G-with-RC.jpg\" target=\"_blank\" rel=\"noopener\"><img fetchpriority=\"high\" decoding=\"async\" class=\"wp-image-203475 size-full\" title=\"SY 8790 Juggernaut Frenzy: Mercedes-Benz Big G v\u1edbi RC\" src=\"https:\/\/pay.lpwstore.com\/wp-content\/uploads\/2021\/03\/SY-8790-Juggernaut-Frenzy-Mercedes-Benz-Big-G-with-RC.jpg\" alt=\"SY 8790 Juggernaut Frenzy: Mercedes-Benz Big G with RC\" width=\"800\" height=\"800\" \/><\/a><figcaption id=\"caption-attachment-203475\" class=\"wp-caption-text\">SY 8790 Juggernaut Frenzy: Mercedes-Benz Big G v\u1edbi RC<\/figcaption><\/figure>\n<p><img decoding=\"async\" class=\"alignnone size-full wp-image-203476 aligncenter\" src=\"https:\/\/pay.lpwstore.com\/wp-content\/uploads\/2021\/03\/SY-8790-Juggernaut-Frenzy-Mercedes-Benz-Big-G-with-RC-3.jpg\" alt=\"-\" width=\"800\" height=\"800\" title=\"-\"> <img decoding=\"async\" class=\"alignnone size-full wp-image-203477 aligncenter\" src=\"https:\/\/pay.lpwstore.com\/wp-content\/uploads\/2021\/03\/SY-8790-Juggernaut-Frenzy-Mercedes-Benz-Big-G-with-RC-4.jpg\" alt=\"-\" width=\"800\" height=\"800\" title=\"-\"> <img loading=\"lazy\" decoding=\"async\" class=\"alignnone size-full wp-image-203474 aligncenter\" src=\"https:\/\/pay.lpwstore.com\/wp-content\/uploads\/2021\/03\/SY-8790-Juggernaut-Frenzy-Mercedes-Benz-Big-G-with-RC.2jpg.jpg\" alt=\"-\" width=\"800\" height=\"800\" title=\"-\"> <img loading=\"lazy\" decoding=\"async\" class=\"alignnone size-full wp-image-203478 aligncenter\" src=\"https:\/\/pay.lpwstore.com\/wp-content\/uploads\/2021\/03\/SY-8790-Juggernaut-Frenzy-Mercedes-Benz-Big-G-with-RC-5.jpg\" alt=\"-\" width=\"800\" height=\"800\" title=\"-\"><\/p>","protected":false},"excerpt":{"rendered":"<ul>\n<li>Bao g\u1ed3m <strong>1852+<\/strong> chi\u1ebfc<\/li>\n<li>S\u00e1ch h\u01b0\u1edbng d\u1eabn s\u1eed d\u1ee5ng<\/li>\n<li>Kh\u1ed1i ABS ch\u1ea5t l\u01b0\u1ee3ng cao<\/li>\n<li>V\u1edbi RC<\/li>\n<\/ul>","protected":false},"featured_media":17386,"comment_status":"open","ping_status":"closed","template":"","meta":{"_acf_changed":false},"product_cat":[],"product_tag":[],"class_list":["product","first","instock","shipping-taxable","purchasable","product-type-simple"],"acf":[],"_links":{"self":[{"href":"https:\/\/mouldking.store\/vi\/wp-json\/wp\/v2\/product\/17385","targetHints":{"allow":["GET"]}}],"collection":[{"href":"https:\/\/mouldking.store\/vi\/wp-json\/wp\/v2\/product"}],"about":[{"href":"https:\/\/mouldking.store\/vi\/wp-json\/wp\/v2\/types\/product"}],"replies":[{"embeddable":true,"href":"https:\/\/mouldking.store\/vi\/wp-json\/wp\/v2\/comments?post=17385"}],"wp:featuredmedia":[{"embeddable":true,"href":"https:\/\/mouldking.store\/vi\/wp-json\/wp\/v2\/media\/17386"}],"wp:attachment":[{"href":"https:\/\/mouldking.store\/vi\/wp-json\/wp\/v2\/media?parent=17385"}],"wp:term":[{"taxonomy":"product_cat","embeddable":true,"href":"https:\/\/mouldking.store\/vi\/wp-json\/wp\/v2\/product_cat?post=17385"},{"taxonomy":"product_tag","embeddable":true,"href":"https:\/\/mouldking.store\/vi\/wp-json\/wp\/v2\/product_tag?post=17385"}],"curies":[{"name":"wp","href":"https:\/\/api.w.org\/{rel}","templated":true}]}}