{"id":17436,"date":"2021-09-28T03:46:36","date_gmt":"2021-09-28T03:46:36","guid":{"rendered":"https:\/\/mouldking.store\/product\/qizhile-86005-blue-sub-machine-gun-warfront-3924725"},"modified":"2021-12-23T09:51:01","modified_gmt":"2021-12-23T09:51:01","slug":"qizhile-86005-blue-sub-machine-gun-warfront","status":"publish","type":"product","link":"https:\/\/mouldking.store\/vi\/shop\/qizhile-86005-blue-sub-machine-gun-warfront\/","title":{"rendered":"M\u1eb7t Tr\u1eadn S\u00fang Ti\u1ec3u Li\u00ean QIZHILE 86005 M\u00e0u Xanh"},"content":{"rendered":"<p style=\"text-align: left;\">QIZHILE 86005 Blue Sub-machine Gun WarFront l\u00e0 m\u1ed9t b\u1ed9 trong b\u1ed9 s\u01b0u t\u1eadp qu\u00e2n s\u1ef1. QIZHILE 86005 n\u00e0y \u0111i k\u00e8m v\u1edbi h\u01b0\u1edbng d\u1eabn th\u1ee7 c\u00f4ng gi\u00fap d\u1ec5 d\u00e0ng l\u1eafp r\u00e1p v\u00e0 t\u00ecm c\u00e1c m\u1ea3nh gh\u00e9p c\u00f2n thi\u1ebfu. B\u1ed9 g\u1ed3m 788 mi\u1ebfng, ph\u00e1t h\u00e0nh l\u1ea7n \u0111\u1ea7u v\u00e0o n\u0103m 2021.<\/p>\n<figure id=\"attachment_203877\" aria-describedby=\"caption-attachment-203877\" style=\"width: 800px\" class=\"wp-caption aligncenter\"><a href=\"https:\/\/pay.lpwstore.com\/wp-content\/uploads\/2021\/03\/QIZHILE-86005-Blue-Sub-machine-Gun-WarFront.jpg\" target=\"_blank\" rel=\"noopener\"><img fetchpriority=\"high\" decoding=\"async\" class=\"wp-image-203877 size-full\" title=\"M\u1eb7t Tr\u1eadn S\u00fang Ti\u1ec3u Li\u00ean QIZHILE 86005 M\u00e0u Xanh\" src=\"https:\/\/pay.lpwstore.com\/wp-content\/uploads\/2021\/03\/QIZHILE-86005-Blue-Sub-machine-Gun-WarFront.jpg\" alt=\"QIZHILE 86005 Blue Sub-machine Gun WarFront\" width=\"800\" height=\"800\" \/><\/a><figcaption id=\"caption-attachment-203877\" class=\"wp-caption-text\">M\u1eb7t Tr\u1eadn S\u00fang Ti\u1ec3u Li\u00ean QIZHILE 86005 M\u00e0u Xanh<\/figcaption><\/figure>\n<p><img decoding=\"async\" class=\"alignnone size-full wp-image-203878 aligncenter\" src=\"https:\/\/pay.lpwstore.com\/wp-content\/uploads\/2021\/03\/QIZHILE-86005-Blue-Sub-machine-Gun-WarFront-2.jpg\" alt=\"-\" width=\"800\" height=\"800\" title=\"-\"> <img decoding=\"async\" class=\"alignnone size-full wp-image-203879 aligncenter\" src=\"https:\/\/pay.lpwstore.com\/wp-content\/uploads\/2021\/03\/QIZHILE-86005-Blue-Sub-machine-Gun-WarFront-3.jpg\" alt=\"-\" width=\"800\" height=\"800\" title=\"-\"> <img loading=\"lazy\" decoding=\"async\" class=\"alignnone size-full wp-image-203880 aligncenter\" src=\"https:\/\/pay.lpwstore.com\/wp-content\/uploads\/2021\/03\/QIZHILE-86005-Blue-Sub-machine-Gun-WarFront-4.jpg\" alt=\"-\" width=\"800\" height=\"800\" title=\"-\"><\/p>","protected":false},"excerpt":{"rendered":"<ul>\n<li>Bao g\u1ed3m\u00a0<strong>788+<\/strong>\u00a0chi\u1ebfc<\/li>\n<li>S\u00e1ch h\u01b0\u1edbng d\u1eabn s\u1eed d\u1ee5ng<\/li>\n<li>Kh\u1ed1i ABS ch\u1ea5t l\u01b0\u1ee3ng cao<\/li>\n<li>Kh\u00f4ng c\u00f3 h\u1ed9p ban \u0111\u1ea7u<\/li>\n<\/ul>","protected":false},"featured_media":17437,"comment_status":"open","ping_status":"closed","template":"","meta":{"_acf_changed":false},"product_cat":[],"product_tag":[],"class_list":["product","first","instock","shipping-taxable","purchasable","product-type-simple"],"acf":[],"_links":{"self":[{"href":"https:\/\/mouldking.store\/vi\/wp-json\/wp\/v2\/product\/17436","targetHints":{"allow":["GET"]}}],"collection":[{"href":"https:\/\/mouldking.store\/vi\/wp-json\/wp\/v2\/product"}],"about":[{"href":"https:\/\/mouldking.store\/vi\/wp-json\/wp\/v2\/types\/product"}],"replies":[{"embeddable":true,"href":"https:\/\/mouldking.store\/vi\/wp-json\/wp\/v2\/comments?post=17436"}],"wp:featuredmedia":[{"embeddable":true,"href":"https:\/\/mouldking.store\/vi\/wp-json\/wp\/v2\/media\/17437"}],"wp:attachment":[{"href":"https:\/\/mouldking.store\/vi\/wp-json\/wp\/v2\/media?parent=17436"}],"wp:term":[{"taxonomy":"product_cat","embeddable":true,"href":"https:\/\/mouldking.store\/vi\/wp-json\/wp\/v2\/product_cat?post=17436"},{"taxonomy":"product_tag","embeddable":true,"href":"https:\/\/mouldking.store\/vi\/wp-json\/wp\/v2\/product_tag?post=17436"}],"curies":[{"name":"wp","href":"https:\/\/api.w.org\/{rel}","templated":true}]}}