{"id":17452,"date":"2021-09-28T03:46:43","date_gmt":"2021-09-28T03:46:43","guid":{"rendered":"https:\/\/mouldking.store\/product\/sembo-203030-the-sea-of-stars-china-tianwen-1-mars-landing-patrol-9562751"},"modified":"2021-12-23T09:51:01","modified_gmt":"2021-12-23T09:51:01","slug":"sembo-203030-the-sea-of-%e2%80%8b%e2%80%8bstars-china-tianwen-1-mars-landing-patrol","status":"publish","type":"product","link":"https:\/\/mouldking.store\/vi\/shop\/sembo-203030-the-sea-of-%e2%80%8b%e2%80%8bstars-china-tianwen-1-mars-landing-patrol\/","title":{"rendered":"SEMBO 203030 Bi\u1ec3n sao: T\u00e0u tu\u1ea7n tra \u0111\u1ed5 b\u1ed9 sao H\u1ecfa Tianwen-1 c\u1ee7a Trung Qu\u1ed1c"},"content":{"rendered":"<p style=\"text-align: left;\"><span>SEMBO 203030 The sea of \u200b\u200bstars: China Tianwen-1 Mars Landing Patrol belongs to the theme series building block set, the whole set contains 1098 building block particles. <\/span><span>L\u1ea7n \u0111\u1ea7u ti\u00ean \u0111\u01b0\u1ee3c ph\u00e1t h\u00e0nh v\u00e0o n\u0103m 2021.<\/span><\/p>\n<figure id=\"attachment_203916\" aria-describedby=\"caption-attachment-203916\" style=\"width: 800px\" class=\"wp-caption aligncenter\"><a href=\"https:\/\/pay.lpwstore.com\/wp-content\/uploads\/2021\/03\/SEMBO-203030-The-sea-of-\u200b\u200bstars-China-Tianwen-1-Mars-Landing-Patrol.jpg\" target=\"_blank\" rel=\"noopener\"><img fetchpriority=\"high\" decoding=\"async\" class=\"wp-image-203916 size-full\" title=\"SEMBO 203030 Bi\u1ec3n sao: T\u00e0u tu\u1ea7n tra \u0111\u1ed5 b\u1ed9 sao H\u1ecfa Tianwen-1 c\u1ee7a Trung Qu\u1ed1c\" src=\"https:\/\/pay.lpwstore.com\/wp-content\/uploads\/2021\/03\/SEMBO-203030-The-sea-of-\u200b\u200bstars-China-Tianwen-1-Mars-Landing-Patrol.jpg\" alt=\"SEMBO 203030 The sea of \u200b\u200bstars: China Tianwen-1 Mars Landing Patrol\" width=\"800\" height=\"800\" \/><\/a><figcaption id=\"caption-attachment-203916\" class=\"wp-caption-text\">SEMBO 203030 Bi\u1ec3n sao: T\u00e0u tu\u1ea7n tra \u0111\u1ed5 b\u1ed9 sao H\u1ecfa Tianwen-1 c\u1ee7a Trung Qu\u1ed1c<\/figcaption><\/figure>\n<p><img decoding=\"async\" class=\"alignnone size-full wp-image-203917 aligncenter\" src=\"https:\/\/pay.lpwstore.com\/wp-content\/uploads\/2021\/03\/SEMBO-203030-The-sea-of-\u200b\u200bstars-China-Tianwen-1-Mars-Landing-Patrol-2.jpg\" alt=\"-\" width=\"800\" height=\"800\" title=\"-\"><\/p>","protected":false},"excerpt":{"rendered":"<ul>\n<li>Bao g\u1ed3m\u00a0<strong>1098+<\/strong>\u00a0chi\u1ebfc<\/li>\n<li>S\u00e1ch h\u01b0\u1edbng d\u1eabn s\u1eed d\u1ee5ng<\/li>\n<li>Kh\u1ed1i ABS ch\u1ea5t l\u01b0\u1ee3ng cao<\/li>\n<li>Kh\u00f4ng c\u00f3 h\u1ed9p ban \u0111\u1ea7u<\/li>\n<\/ul>","protected":false},"featured_media":17453,"comment_status":"open","ping_status":"closed","template":"","meta":{"_acf_changed":false},"product_cat":[],"product_tag":[],"class_list":["product","first","instock","shipping-taxable","purchasable","product-type-simple"],"acf":[],"_links":{"self":[{"href":"https:\/\/mouldking.store\/vi\/wp-json\/wp\/v2\/product\/17452","targetHints":{"allow":["GET"]}}],"collection":[{"href":"https:\/\/mouldking.store\/vi\/wp-json\/wp\/v2\/product"}],"about":[{"href":"https:\/\/mouldking.store\/vi\/wp-json\/wp\/v2\/types\/product"}],"replies":[{"embeddable":true,"href":"https:\/\/mouldking.store\/vi\/wp-json\/wp\/v2\/comments?post=17452"}],"wp:featuredmedia":[{"embeddable":true,"href":"https:\/\/mouldking.store\/vi\/wp-json\/wp\/v2\/media\/17453"}],"wp:attachment":[{"href":"https:\/\/mouldking.store\/vi\/wp-json\/wp\/v2\/media?parent=17452"}],"wp:term":[{"taxonomy":"product_cat","embeddable":true,"href":"https:\/\/mouldking.store\/vi\/wp-json\/wp\/v2\/product_cat?post=17452"},{"taxonomy":"product_tag","embeddable":true,"href":"https:\/\/mouldking.store\/vi\/wp-json\/wp\/v2\/product_tag?post=17452"}],"curies":[{"name":"wp","href":"https:\/\/api.w.org\/{rel}","templated":true}]}}