{"id":17572,"date":"2021-09-28T03:48:33","date_gmt":"2021-09-27T20:48:33","guid":{"rendered":"https:\/\/mouldking.store\/product\/jiestar-89103-moc-21266-clock-tower-square-5373605"},"modified":"2025-12-25T09:28:01","modified_gmt":"2025-12-25T02:28:01","slug":"jiestar-89103-moc-21266-clock-tower-square","status":"publish","type":"product","link":"https:\/\/mouldking.store\/vi\/shop\/jiestar-89103-moc-21266-clock-tower-square\/","title":{"rendered":"Qu\u1ea3ng tr\u01b0\u1eddng th\u00e1p \u0111\u1ed3ng h\u1ed3 JIESTAR 89103 MOC-21266"},"content":{"rendered":"<p style=\"text-align: left\"><span>JIESTAR 89103 MOC-21266 Clock Tower Square belongs to the advanced model series building block set, the whole set contains 7188 building block particles. <\/span><span>L\u1ea7n \u0111\u1ea7u ti\u00ean \u0111\u01b0\u1ee3c ph\u00e1t h\u00e0nh v\u00e0o n\u0103m 2020.<\/span><\/p>\n<figure id=\"attachment_204536\" aria-describedby=\"caption-attachment-204536\" style=\"width: 800px\" class=\"wp-caption aligncenter\"><a href=\"https:\/\/pay.lpwstore.com\/wp-content\/uploads\/2021\/03\/JIESTAR-89103-MOC-21266-Clock-Tower-Square.jpg\" target=\"_blank\" rel=\"noopener\"><img fetchpriority=\"high\" decoding=\"async\" class=\"wp-image-204536 size-full\" title=\"Qu\u1ea3ng tr\u01b0\u1eddng th\u00e1p \u0111\u1ed3ng h\u1ed3 JIESTAR 89103 MOC-21266\" src=\"https:\/\/pay.lpwstore.com\/wp-content\/uploads\/2021\/03\/JIESTAR-89103-MOC-21266-Clock-Tower-Square.jpg\" alt=\"JIESTAR 89103 MOC-21266 Clock Tower Square\" width=\"800\" height=\"800\" \/><\/a><figcaption id=\"caption-attachment-204536\" class=\"wp-caption-text\">Qu\u1ea3ng tr\u01b0\u1eddng th\u00e1p \u0111\u1ed3ng h\u1ed3 JIESTAR 89103 MOC-21266<\/figcaption><\/figure>\n<p><img decoding=\"async\" class=\"alignnone size-full wp-image-204540 aligncenter\" src=\"https:\/\/pay.lpwstore.com\/wp-content\/uploads\/2021\/03\/JIESTAR-89103-MOC-21266-Clock-Tower-Square-5.jpg\" alt=\"-\" width=\"800\" height=\"800\" title=\"-\"> <img decoding=\"async\" class=\"alignnone size-full wp-image-204537 aligncenter\" src=\"https:\/\/pay.lpwstore.com\/wp-content\/uploads\/2021\/03\/JIESTAR-89103-MOC-21266-Clock-Tower-Square-2.jpg\" alt=\"-\" width=\"800\" height=\"800\" title=\"-\"> <img loading=\"lazy\" decoding=\"async\" class=\"alignnone size-full wp-image-204538 aligncenter\" src=\"https:\/\/pay.lpwstore.com\/wp-content\/uploads\/2021\/03\/JIESTAR-89103-MOC-21266-Clock-Tower-Square-3.jpg\" alt=\"-\" width=\"800\" height=\"800\" title=\"-\"> <img loading=\"lazy\" decoding=\"async\" class=\"alignnone size-full wp-image-204539 aligncenter\" src=\"https:\/\/pay.lpwstore.com\/wp-content\/uploads\/2021\/03\/JIESTAR-89103-MOC-21266-Clock-Tower-Square-4.jpg\" alt=\"-\" width=\"800\" height=\"800\" title=\"-\"><\/p>","protected":false},"excerpt":{"rendered":"<ul>\n<li>Bao g\u1ed3m <strong>7188+<\/strong> chi\u1ebfc<\/li>\n<li>S\u00e1ch h\u01b0\u1edbng d\u1eabn s\u1eed d\u1ee5ng<\/li>\n<li>Kh\u1ed1i ABS ch\u1ea5t l\u01b0\u1ee3ng cao<\/li>\n<\/ul>","protected":false},"featured_media":17573,"comment_status":"open","ping_status":"closed","template":"","meta":{"_acf_changed":false},"product_cat":[15],"product_tag":[4441,4442,4443],"class_list":["product","first","instock","shipping-taxable","purchasable","product-type-simple"],"acf":[],"_links":{"self":[{"href":"https:\/\/mouldking.store\/vi\/wp-json\/wp\/v2\/product\/17572","targetHints":{"allow":["GET"]}}],"collection":[{"href":"https:\/\/mouldking.store\/vi\/wp-json\/wp\/v2\/product"}],"about":[{"href":"https:\/\/mouldking.store\/vi\/wp-json\/wp\/v2\/types\/product"}],"replies":[{"embeddable":true,"href":"https:\/\/mouldking.store\/vi\/wp-json\/wp\/v2\/comments?post=17572"}],"wp:featuredmedia":[{"embeddable":true,"href":"https:\/\/mouldking.store\/vi\/wp-json\/wp\/v2\/media\/17573"}],"wp:attachment":[{"href":"https:\/\/mouldking.store\/vi\/wp-json\/wp\/v2\/media?parent=17572"}],"wp:term":[{"taxonomy":"product_cat","embeddable":true,"href":"https:\/\/mouldking.store\/vi\/wp-json\/wp\/v2\/product_cat?post=17572"},{"taxonomy":"product_tag","embeddable":true,"href":"https:\/\/mouldking.store\/vi\/wp-json\/wp\/v2\/product_tag?post=17572"}],"curies":[{"name":"wp","href":"https:\/\/api.w.org\/{rel}","templated":true}]}}