{"id":17584,"date":"2021-09-28T03:48:42","date_gmt":"2021-09-28T03:48:42","guid":{"rendered":"https:\/\/mouldking.store\/product\/winner-7047-the-sports-street-motorcycle-6373710"},"modified":"2021-12-23T09:51:00","modified_gmt":"2021-12-23T09:51:00","slug":"winner-7047-the-sports-street-motorcycle","status":"publish","type":"product","link":"https:\/\/mouldking.store\/vi\/shop\/winner-7047-the-sports-street-motorcycle\/","title":{"rendered":"WINNER 7047 The Sports Street Motorcycle"},"content":{"rendered":"<p style=\"text-align: left;\"><span>WINNER 7047 The Sports Street Motorcycle belongs to the mechanical group series building block set, the whole set contains 716 building block particles. <\/span><span>L\u1ea7n \u0111\u1ea7u ti\u00ean \u0111\u01b0\u1ee3c ph\u00e1t h\u00e0nh v\u00e0o n\u0103m 2021.<\/span><\/p>\n<figure id=\"attachment_204708\" aria-describedby=\"caption-attachment-204708\" style=\"width: 800px\" class=\"wp-caption aligncenter\"><a href=\"https:\/\/pay.lpwstore.com\/wp-content\/uploads\/2021\/03\/WINNER-7047-The-Sports-Street-Motorcycle.jpg\" target=\"_blank\" rel=\"noopener\"><img fetchpriority=\"high\" decoding=\"async\" class=\"wp-image-204708 size-full\" title=\"WINNER 7047 The Sports Street Motorcycle\" src=\"https:\/\/pay.lpwstore.com\/wp-content\/uploads\/2021\/03\/WINNER-7047-The-Sports-Street-Motorcycle.jpg\" alt=\"WINNER 7047 The Sports Street Motorcycle\" width=\"800\" height=\"800\" \/><\/a><figcaption id=\"caption-attachment-204708\" class=\"wp-caption-text\">WINNER 7047 The Sports Street Motorcycle<\/figcaption><\/figure>\n<p style=\"text-align: center;\"><img decoding=\"async\" class=\"alignnone size-full wp-image-204709\" src=\"https:\/\/pay.lpwstore.com\/wp-content\/uploads\/2021\/03\/WINNER-7047-The-Sports-Street-Motorcycle-2.jpg\" alt=\"-\" width=\"800\" height=\"800\" title=\"-\"> <img decoding=\"async\" class=\"alignnone size-full wp-image-204710\" src=\"https:\/\/pay.lpwstore.com\/wp-content\/uploads\/2021\/03\/WINNER-7047-The-Sports-Street-Motorcycle-3.jpg\" alt=\"-\" width=\"800\" height=\"800\" title=\"-\"> <img loading=\"lazy\" decoding=\"async\" class=\"alignnone size-full wp-image-204711\" src=\"https:\/\/pay.lpwstore.com\/wp-content\/uploads\/2021\/03\/WINNER-7047-The-Sports-Street-Motorcycle-4.jpg\" alt=\"-\" width=\"800\" height=\"800\" title=\"-\"> <img loading=\"lazy\" decoding=\"async\" class=\"alignnone size-full wp-image-204712\" src=\"https:\/\/pay.lpwstore.com\/wp-content\/uploads\/2021\/03\/WINNER-7047-The-Sports-Street-Motorcycle-5.jpg\" alt=\"-\" width=\"800\" height=\"800\" title=\"-\"> <img loading=\"lazy\" decoding=\"async\" class=\"alignnone size-full wp-image-204713\" src=\"https:\/\/pay.lpwstore.com\/wp-content\/uploads\/2021\/03\/WINNER-7047-The-Sports-Street-Motorcycle-6.jpg\" alt=\"-\" width=\"800\" height=\"800\" title=\"-\"> <img loading=\"lazy\" decoding=\"async\" class=\"alignnone size-full wp-image-204714\" src=\"https:\/\/pay.lpwstore.com\/wp-content\/uploads\/2021\/03\/WINNER-7047-The-Sports-Street-Motorcycle-7.jpg\" alt=\"-\" width=\"800\" height=\"800\" title=\"-\"><\/p>\n<p style=\"text-align: center;\">","protected":false},"excerpt":{"rendered":"<ul>\n<li>Bao g\u1ed3m\u00a0<strong>716+<\/strong>\u00a0chi\u1ebfc<\/li>\n<li>S\u00e1ch h\u01b0\u1edbng d\u1eabn s\u1eed d\u1ee5ng<\/li>\n<li>Kh\u1ed1i ABS ch\u1ea5t l\u01b0\u1ee3ng cao<\/li>\n<li>Kh\u00f4ng c\u00f3 h\u1ed9p ban \u0111\u1ea7u<\/li>\n<\/ul>","protected":false},"featured_media":17585,"comment_status":"open","ping_status":"closed","template":"","meta":{"_acf_changed":false},"product_cat":[],"product_tag":[],"class_list":["product","first","instock","shipping-taxable","purchasable","product-type-simple"],"acf":[],"_links":{"self":[{"href":"https:\/\/mouldking.store\/vi\/wp-json\/wp\/v2\/product\/17584","targetHints":{"allow":["GET"]}}],"collection":[{"href":"https:\/\/mouldking.store\/vi\/wp-json\/wp\/v2\/product"}],"about":[{"href":"https:\/\/mouldking.store\/vi\/wp-json\/wp\/v2\/types\/product"}],"replies":[{"embeddable":true,"href":"https:\/\/mouldking.store\/vi\/wp-json\/wp\/v2\/comments?post=17584"}],"wp:featuredmedia":[{"embeddable":true,"href":"https:\/\/mouldking.store\/vi\/wp-json\/wp\/v2\/media\/17585"}],"wp:attachment":[{"href":"https:\/\/mouldking.store\/vi\/wp-json\/wp\/v2\/media?parent=17584"}],"wp:term":[{"taxonomy":"product_cat","embeddable":true,"href":"https:\/\/mouldking.store\/vi\/wp-json\/wp\/v2\/product_cat?post=17584"},{"taxonomy":"product_tag","embeddable":true,"href":"https:\/\/mouldking.store\/vi\/wp-json\/wp\/v2\/product_tag?post=17584"}],"curies":[{"name":"wp","href":"https:\/\/api.w.org\/{rel}","templated":true}]}}