{"id":17616,"date":"2021-09-28T03:49:01","date_gmt":"2021-09-28T03:49:01","guid":{"rendered":"https:\/\/mouldking.store\/product\/panlos-611003-dinosaur-velociraptor-7902622"},"modified":"2021-12-23T09:51:00","modified_gmt":"2021-12-23T09:51:00","slug":"panlos-611003-dinosaur-velociraptor","status":"publish","type":"product","link":"https:\/\/mouldking.store\/vi\/shop\/panlos-611003-dinosaur-velociraptor\/","title":{"rendered":"PANLOS 611003 Dinosaur: Velociraptor"},"content":{"rendered":"<p><span>PANLOS 611003 Dinosaur: Velociraptor belongs to the advanced model series building block set, the whole set contains 1780 building block particles. <\/span><span>L\u1ea7n \u0111\u1ea7u ti\u00ean \u0111\u01b0\u1ee3c ph\u00e1t h\u00e0nh v\u00e0o n\u0103m 2020.<\/span><\/p>\n<figure id=\"attachment_204813\" aria-describedby=\"caption-attachment-204813\" style=\"width: 621px\" class=\"wp-caption aligncenter\"><a href=\"https:\/\/pay.lpwstore.com\/wp-content\/uploads\/2021\/04\/PANLOS-611003-Dinosaur-Velociraptor-2-scaled.jpg\" target=\"_blank\" rel=\"noopener\"><img fetchpriority=\"high\" decoding=\"async\" class=\"wp-image-204813 size-full\" title=\"PANLOS 611003 Dinosaur: Velociraptor\" src=\"https:\/\/pay.lpwstore.com\/wp-content\/uploads\/2021\/04\/PANLOS-611003-Dinosaur-Velociraptor-2-scaled.jpg\" alt=\"PANLOS 611003 Dinosaur: Velociraptor\" width=\"621\" height=\"2560\" \/><\/a><figcaption id=\"caption-attachment-204813\" class=\"wp-caption-text\">PANLOS 611003 Dinosaur: Velociraptor<\/figcaption><\/figure>","protected":false},"excerpt":{"rendered":"<ul>\n<li>Bao g\u1ed3m <strong>1780+<\/strong> chi\u1ebfc<\/li>\n<li>S\u00e1ch h\u01b0\u1edbng d\u1eabn s\u1eed d\u1ee5ng<\/li>\n<li>Kh\u1ed1i ABS ch\u1ea5t l\u01b0\u1ee3ng cao<\/li>\n<li>Kh\u00f4ng c\u00f3 h\u1ed9p ban \u0111\u1ea7u<\/li>\n<\/ul>","protected":false},"featured_media":17617,"comment_status":"open","ping_status":"closed","template":"","meta":{"_acf_changed":false},"product_cat":[],"product_tag":[],"class_list":["product","first","instock","shipping-taxable","purchasable","product-type-simple"],"acf":[],"_links":{"self":[{"href":"https:\/\/mouldking.store\/vi\/wp-json\/wp\/v2\/product\/17616","targetHints":{"allow":["GET"]}}],"collection":[{"href":"https:\/\/mouldking.store\/vi\/wp-json\/wp\/v2\/product"}],"about":[{"href":"https:\/\/mouldking.store\/vi\/wp-json\/wp\/v2\/types\/product"}],"replies":[{"embeddable":true,"href":"https:\/\/mouldking.store\/vi\/wp-json\/wp\/v2\/comments?post=17616"}],"wp:featuredmedia":[{"embeddable":true,"href":"https:\/\/mouldking.store\/vi\/wp-json\/wp\/v2\/media\/17617"}],"wp:attachment":[{"href":"https:\/\/mouldking.store\/vi\/wp-json\/wp\/v2\/media?parent=17616"}],"wp:term":[{"taxonomy":"product_cat","embeddable":true,"href":"https:\/\/mouldking.store\/vi\/wp-json\/wp\/v2\/product_cat?post=17616"},{"taxonomy":"product_tag","embeddable":true,"href":"https:\/\/mouldking.store\/vi\/wp-json\/wp\/v2\/product_tag?post=17616"}],"curies":[{"name":"wp","href":"https:\/\/api.w.org\/{rel}","templated":true}]}}