{"id":17638,"date":"2021-09-28T03:49:21","date_gmt":"2021-09-28T03:49:21","guid":{"rendered":"https:\/\/mouldking.store\/product\/sembo-202130-yun-20-military-large-transport-aircraft-5911911"},"modified":"2021-12-23T09:51:00","modified_gmt":"2021-12-23T09:51:00","slug":"sembo-202130-yun-20-military-large-transport-aircraft","status":"publish","type":"product","link":"https:\/\/mouldking.store\/vi\/shop\/sembo-202130-yun-20-military-large-transport-aircraft\/","title":{"rendered":"M\u00e1y bay v\u1eadn t\u1ea3i c\u1ee1 l\u1edbn qu\u00e2n s\u1ef1 SEMBO 202130 Yun-20"},"content":{"rendered":"<p style=\"text-align: left;\"><span>M\u00e1y bay v\u1eadn t\u1ea3i c\u1ee1 l\u1edbn qu\u00e2n s\u1ef1 SEMBO 202130 Yun-20 thu\u1ed9c b\u1ed9 kh\u1ed1i x\u00e2y d\u1ef1ng s\u00ea-ri qu\u00e2n s\u1ef1. To\u00e0n b\u1ed9 ch\u1ee9a 1254 h\u1ea1t kh\u1ed1i x\u00e2y d\u1ef1ng. <\/span><span>L\u1ea7n \u0111\u1ea7u ti\u00ean \u0111\u01b0\u1ee3c ph\u00e1t h\u00e0nh v\u00e0o n\u0103m 2021.<\/span><\/p>\n<figure id=\"attachment_204897\" aria-describedby=\"caption-attachment-204897\" style=\"width: 800px\" class=\"wp-caption aligncenter\"><a href=\"https:\/\/pay.lpwstore.com\/wp-content\/uploads\/2021\/04\/SEMBO-202130-Yun-20-Military-Large-Transport-Aircraft.jpg\" target=\"_blank\" rel=\"noopener\"><img fetchpriority=\"high\" decoding=\"async\" class=\"wp-image-204897 size-full\" title=\"M\u00e1y bay v\u1eadn t\u1ea3i c\u1ee1 l\u1edbn qu\u00e2n s\u1ef1 SEMBO 202130 Yun-20\" src=\"https:\/\/pay.lpwstore.com\/wp-content\/uploads\/2021\/04\/SEMBO-202130-Yun-20-Military-Large-Transport-Aircraft.jpg\" alt=\"SEMBO 202130 Yun-20 Military Large Transport Aircraft\" width=\"800\" height=\"800\" \/><\/a><figcaption id=\"caption-attachment-204897\" class=\"wp-caption-text\">M\u00e1y bay v\u1eadn t\u1ea3i c\u1ee1 l\u1edbn qu\u00e2n s\u1ef1 SEMBO 202130 Yun-20<\/figcaption><\/figure>\n<p><img decoding=\"async\" class=\"alignnone size-full wp-image-204898 aligncenter\" src=\"https:\/\/pay.lpwstore.com\/wp-content\/uploads\/2021\/04\/SEMBO-202130-Yun-20-Military-Large-Transport-Aircraft-2.jpg\" alt=\"-\" width=\"800\" height=\"800\" title=\"-\"> <img decoding=\"async\" class=\"alignnone size-full wp-image-204899 aligncenter\" src=\"https:\/\/pay.lpwstore.com\/wp-content\/uploads\/2021\/04\/SEMBO-202130-Yun-20-Military-Large-Transport-Aircraft-3.jpg\" alt=\"-\" width=\"800\" height=\"800\" title=\"-\"> <img loading=\"lazy\" decoding=\"async\" class=\"alignnone size-full wp-image-204896 aligncenter\" src=\"https:\/\/pay.lpwstore.com\/wp-content\/uploads\/2021\/04\/SEMBO-202130-Yun-20-Military-Large-Transport-Aircraft.2jpg.jpg\" alt=\"-\" width=\"800\" height=\"800\" title=\"-\"><\/p>","protected":false},"excerpt":{"rendered":"<ul>\n<li>Bao g\u1ed3m <strong>1254+<\/strong> chi\u1ebfc<\/li>\n<li>S\u00e1ch h\u01b0\u1edbng d\u1eabn s\u1eed d\u1ee5ng<\/li>\n<li>Kh\u1ed1i ABS ch\u1ea5t l\u01b0\u1ee3ng cao<\/li>\n<li>Kh\u00f4ng c\u00f3 h\u1ed9p ban \u0111\u1ea7u<\/li>\n<\/ul>","protected":false},"featured_media":17639,"comment_status":"open","ping_status":"closed","template":"","meta":{"_acf_changed":false},"product_cat":[372],"product_tag":[],"class_list":["product","first","instock","shipping-taxable","purchasable","product-type-simple"],"acf":[],"_links":{"self":[{"href":"https:\/\/mouldking.store\/vi\/wp-json\/wp\/v2\/product\/17638","targetHints":{"allow":["GET"]}}],"collection":[{"href":"https:\/\/mouldking.store\/vi\/wp-json\/wp\/v2\/product"}],"about":[{"href":"https:\/\/mouldking.store\/vi\/wp-json\/wp\/v2\/types\/product"}],"replies":[{"embeddable":true,"href":"https:\/\/mouldking.store\/vi\/wp-json\/wp\/v2\/comments?post=17638"}],"wp:featuredmedia":[{"embeddable":true,"href":"https:\/\/mouldking.store\/vi\/wp-json\/wp\/v2\/media\/17639"}],"wp:attachment":[{"href":"https:\/\/mouldking.store\/vi\/wp-json\/wp\/v2\/media?parent=17638"}],"wp:term":[{"taxonomy":"product_cat","embeddable":true,"href":"https:\/\/mouldking.store\/vi\/wp-json\/wp\/v2\/product_cat?post=17638"},{"taxonomy":"product_tag","embeddable":true,"href":"https:\/\/mouldking.store\/vi\/wp-json\/wp\/v2\/product_tag?post=17638"}],"curies":[{"name":"wp","href":"https:\/\/api.w.org\/{rel}","templated":true}]}}