{"id":17698,"date":"2021-09-28T03:50:16","date_gmt":"2021-09-28T03:50:16","guid":{"rendered":"https:\/\/mouldking.store\/product\/dk-3011-bouquet-twelfth-lunar-month-and-winter-plum-4602268"},"modified":"2021-12-23T09:50:59","modified_gmt":"2021-12-23T09:50:59","slug":"dk-3011-bouquet-twelfth-lunar-month-and-winter-plum","status":"publish","type":"product","link":"https:\/\/mouldking.store\/vi\/shop\/dk-3011-bouquet-twelfth-lunar-month-and-winter-plum\/","title":{"rendered":"DK 3011 B\u00f3 Hoa: M\u00f9ng M\u01b0\u1eddi Hai \u00c2m L\u1ecbch v\u00e0 Mai \u0110\u00f4ng"},"content":{"rendered":"<p style=\"text-align: left;\"><span>B\u00f3 hoa DK 3011: Th\u00e1ng 12 \u00e2m l\u1ecbch v\u00e0 M\u1eadn \u0111\u00f4ng thu\u1ed9c b\u1ed9 x\u1ebfp h\u00ecnh kh\u1ed1i m\u00f4 h\u00ecnh ti\u00ean ti\u1ebfn, tr\u1ecdn b\u1ed9 g\u1ed3m 398 h\u1ea1t x\u1ebfp h\u00ecnh. <\/span><span>L\u1ea7n \u0111\u1ea7u ti\u00ean \u0111\u01b0\u1ee3c ph\u00e1t h\u00e0nh v\u00e0o n\u0103m 2021.<\/span><\/p>\n<figure id=\"attachment_205171\" aria-describedby=\"caption-attachment-205171\" style=\"width: 800px\" class=\"wp-caption aligncenter\"><a href=\"https:\/\/pay.lpwstore.com\/wp-content\/uploads\/2021\/04\/DK-3011-Bouquet-Twelfth-Lunar-Month-and-Winter-Plum.jpg\" target=\"_blank\" rel=\"noopener\"><img fetchpriority=\"high\" decoding=\"async\" class=\"wp-image-205171 size-full\" title=\"DK 3011 B\u00f3 Hoa: M\u00f9ng M\u01b0\u1eddi Hai \u00c2m L\u1ecbch v\u00e0 Mai \u0110\u00f4ng\" src=\"https:\/\/pay.lpwstore.com\/wp-content\/uploads\/2021\/04\/DK-3011-Bouquet-Twelfth-Lunar-Month-and-Winter-Plum.jpg\" alt=\"DK 3011 Bouquet: Twelfth Lunar Month and Winter Plum\" width=\"800\" height=\"800\" \/><\/a><figcaption id=\"caption-attachment-205171\" class=\"wp-caption-text\">DK 3011 B\u00f3 Hoa: M\u00f9ng M\u01b0\u1eddi Hai \u00c2m L\u1ecbch v\u00e0 Mai \u0110\u00f4ng<\/figcaption><\/figure>\n<p><img decoding=\"async\" class=\"alignnone size-full wp-image-205172 aligncenter\" src=\"https:\/\/pay.lpwstore.com\/wp-content\/uploads\/2021\/04\/DK-3011-Bouquet-Twelfth-Lunar-Month-and-Winter-Plum-2.jpg\" alt=\"-\" width=\"800\" height=\"800\" title=\"-\"> <img decoding=\"async\" class=\"alignnone size-full wp-image-205173 aligncenter\" src=\"https:\/\/pay.lpwstore.com\/wp-content\/uploads\/2021\/04\/DK-3011-Bouquet-Twelfth-Lunar-Month-and-Winter-Plum-3.jpg\" alt=\"-\" width=\"800\" height=\"800\" title=\"-\"> <img loading=\"lazy\" decoding=\"async\" class=\"alignnone size-full wp-image-205174 aligncenter\" src=\"https:\/\/pay.lpwstore.com\/wp-content\/uploads\/2021\/04\/DK-3011-Bouquet-Twelfth-Lunar-Month-and-Winter-Plum-4.jpg\" alt=\"-\" width=\"800\" height=\"800\" title=\"-\"> <img loading=\"lazy\" decoding=\"async\" class=\"alignnone size-full wp-image-205175 aligncenter\" src=\"https:\/\/pay.lpwstore.com\/wp-content\/uploads\/2021\/04\/DK-3011-Bouquet-Twelfth-Lunar-Month-and-Winter-Plum-5.jpg\" alt=\"-\" width=\"800\" height=\"800\" title=\"-\"> <img loading=\"lazy\" decoding=\"async\" class=\"alignnone size-full wp-image-205176 aligncenter\" src=\"https:\/\/pay.lpwstore.com\/wp-content\/uploads\/2021\/04\/DK-3011-Bouquet-Twelfth-Lunar-Month-and-Winter-Plum-6.jpg\" alt=\"-\" width=\"800\" height=\"800\" title=\"-\"><\/p>","protected":false},"excerpt":{"rendered":"<ul>\n<li>Bao g\u1ed3m <strong>398+<\/strong> chi\u1ebfc<\/li>\n<li>S\u00e1ch h\u01b0\u1edbng d\u1eabn s\u1eed d\u1ee5ng<\/li>\n<li>Kh\u1ed1i ABS ch\u1ea5t l\u01b0\u1ee3ng cao<\/li>\n<\/ul>","protected":false},"featured_media":17699,"comment_status":"open","ping_status":"closed","template":"","meta":{"_acf_changed":false},"product_cat":[],"product_tag":[],"class_list":["product","first","instock","shipping-taxable","purchasable","product-type-simple"],"acf":[],"_links":{"self":[{"href":"https:\/\/mouldking.store\/vi\/wp-json\/wp\/v2\/product\/17698","targetHints":{"allow":["GET"]}}],"collection":[{"href":"https:\/\/mouldking.store\/vi\/wp-json\/wp\/v2\/product"}],"about":[{"href":"https:\/\/mouldking.store\/vi\/wp-json\/wp\/v2\/types\/product"}],"replies":[{"embeddable":true,"href":"https:\/\/mouldking.store\/vi\/wp-json\/wp\/v2\/comments?post=17698"}],"wp:featuredmedia":[{"embeddable":true,"href":"https:\/\/mouldking.store\/vi\/wp-json\/wp\/v2\/media\/17699"}],"wp:attachment":[{"href":"https:\/\/mouldking.store\/vi\/wp-json\/wp\/v2\/media?parent=17698"}],"wp:term":[{"taxonomy":"product_cat","embeddable":true,"href":"https:\/\/mouldking.store\/vi\/wp-json\/wp\/v2\/product_cat?post=17698"},{"taxonomy":"product_tag","embeddable":true,"href":"https:\/\/mouldking.store\/vi\/wp-json\/wp\/v2\/product_tag?post=17698"}],"curies":[{"name":"wp","href":"https:\/\/api.w.org\/{rel}","templated":true}]}}