{"id":17730,"date":"2021-09-28T03:50:44","date_gmt":"2021-09-28T03:50:44","guid":{"rendered":"https:\/\/mouldking.store\/product\/cada-c61081-functional-crane-truck-6001268"},"modified":"2021-12-23T09:50:57","modified_gmt":"2021-12-23T09:50:57","slug":"cada-c61081-functional-crane-truck","status":"publish","type":"product","link":"https:\/\/mouldking.store\/vi\/shop\/cada-c61081-functional-crane-truck\/","title":{"rendered":"Xe c\u1ea9u ch\u1ee9c n\u0103ng CADA C61081"},"content":{"rendered":"<p style=\"text-align: left;\">Xe c\u1ea9u ch\u1ee9c n\u0103ng CADA C61081 thu\u1ed9c b\u1ed9 kh\u1ed1i x\u00e2y d\u1ef1ng s\u00ea-ri Technic, c\u1ea3 b\u1ed9 ch\u1ee9a 1831 h\u1ea1t kh\u1ed1i x\u00e2y d\u1ef1ng. L\u1ea7n \u0111\u1ea7u ti\u00ean \u0111\u01b0\u1ee3c ph\u00e1t h\u00e0nh v\u00e0o n\u0103m 2021.<\/p>\n<figure id=\"attachment_205333\" aria-describedby=\"caption-attachment-205333\" style=\"width: 800px\" class=\"wp-caption aligncenter\"><a href=\"https:\/\/pay.lpwstore.com\/wp-content\/uploads\/2021\/04\/CADA-C61081-Functional-Crane-Truck.jpg\" target=\"_blank\" rel=\"noopener\"><img fetchpriority=\"high\" decoding=\"async\" class=\"wp-image-205333 size-full\" title=\"Xe c\u1ea9u ch\u1ee9c n\u0103ng CADA C61081 \" src=\"https:\/\/pay.lpwstore.com\/wp-content\/uploads\/2021\/04\/CADA-C61081-Functional-Crane-Truck.jpg\" alt=\"CADA C61081 Functional Crane Truck \" width=\"800\" height=\"800\" \/><\/a><figcaption id=\"caption-attachment-205333\" class=\"wp-caption-text\">Xe c\u1ea9u ch\u1ee9c n\u0103ng CADA C61081<\/figcaption><\/figure>\n<p><img decoding=\"async\" class=\"alignnone size-full wp-image-205334 aligncenter\" src=\"https:\/\/pay.lpwstore.com\/wp-content\/uploads\/2021\/04\/CADA-C61081-Functional-Crane-Truck-2.jpg\" alt=\"-\" width=\"800\" height=\"800\" title=\"-\"> <img decoding=\"async\" class=\"alignnone size-full wp-image-205335 aligncenter\" src=\"https:\/\/pay.lpwstore.com\/wp-content\/uploads\/2021\/04\/CADA-C61081-Functional-Crane-Truck-3.jpg\" alt=\"-\" width=\"800\" height=\"800\" title=\"-\"> <img loading=\"lazy\" decoding=\"async\" class=\"alignnone size-full wp-image-205336 aligncenter\" src=\"https:\/\/pay.lpwstore.com\/wp-content\/uploads\/2021\/04\/CADA-C61081-Functional-Crane-Truck-4.jpg\" alt=\"-\" width=\"800\" height=\"800\" title=\"-\"> <img loading=\"lazy\" decoding=\"async\" class=\"alignnone size-full wp-image-205337 aligncenter\" src=\"https:\/\/pay.lpwstore.com\/wp-content\/uploads\/2021\/04\/CADA-C61081-Functional-Crane-Truck-5.jpg\" alt=\"-\" width=\"800\" height=\"800\" title=\"-\"><\/p>","protected":false},"excerpt":{"rendered":"<ul>\n<li>Bao g\u1ed3m <strong>1831+<\/strong> chi\u1ebfc<\/li>\n<li>S\u00e1ch h\u01b0\u1edbng d\u1eabn s\u1eed d\u1ee5ng<\/li>\n<li>Kh\u1ed1i ABS ch\u1ea5t l\u01b0\u1ee3ng cao<\/li>\n<li>v\u1edbi \u0111\u1ed9ng c\u01a1<\/li>\n<\/ul>","protected":false},"featured_media":17731,"comment_status":"open","ping_status":"closed","template":"","meta":{"_acf_changed":false},"product_cat":[],"product_tag":[],"class_list":["product","first","instock","shipping-taxable","purchasable","product-type-simple"],"acf":[],"_links":{"self":[{"href":"https:\/\/mouldking.store\/vi\/wp-json\/wp\/v2\/product\/17730","targetHints":{"allow":["GET"]}}],"collection":[{"href":"https:\/\/mouldking.store\/vi\/wp-json\/wp\/v2\/product"}],"about":[{"href":"https:\/\/mouldking.store\/vi\/wp-json\/wp\/v2\/types\/product"}],"replies":[{"embeddable":true,"href":"https:\/\/mouldking.store\/vi\/wp-json\/wp\/v2\/comments?post=17730"}],"wp:featuredmedia":[{"embeddable":true,"href":"https:\/\/mouldking.store\/vi\/wp-json\/wp\/v2\/media\/17731"}],"wp:attachment":[{"href":"https:\/\/mouldking.store\/vi\/wp-json\/wp\/v2\/media?parent=17730"}],"wp:term":[{"taxonomy":"product_cat","embeddable":true,"href":"https:\/\/mouldking.store\/vi\/wp-json\/wp\/v2\/product_cat?post=17730"},{"taxonomy":"product_tag","embeddable":true,"href":"https:\/\/mouldking.store\/vi\/wp-json\/wp\/v2\/product_tag?post=17730"}],"curies":[{"name":"wp","href":"https:\/\/api.w.org\/{rel}","templated":true}]}}