{"id":17879,"date":"2021-09-28T03:52:38","date_gmt":"2021-09-28T03:52:38","guid":{"rendered":"https:\/\/mouldking.store\/product\/wange-5213-the-kuala-lumpur-petronas-towers-malaysia-7893204"},"modified":"2021-12-23T09:50:55","modified_gmt":"2021-12-23T09:50:55","slug":"wange-5213-the-kuala-lumpur-petronas-towers-malaysia","status":"publish","type":"product","link":"https:\/\/mouldking.store\/vi\/shop\/wange-5213-the-kuala-lumpur-petronas-towers-malaysia\/","title":{"rendered":"WANGE 5213 Th\u00e1p \u0111\u00f4i Petronas Kuala Lumpur Malaysia"},"content":{"rendered":"<p style=\"text-align: left;\">WANGE 5213 Th\u00e1p \u0111\u00f4i Kuala Lumpur Petronas Malaysia thu\u1ed9c b\u1ed9 x\u1ebfp h\u00ecnh kh\u1ed1i x\u00e2y d\u1ef1ng s\u00ea-ri m\u00f4 h\u00ecnh mini, c\u1ea3 b\u1ed9 g\u1ed3m 1160 h\u1ea1t g\u1ea1ch. L\u1ea7n \u0111\u1ea7u ti\u00ean \u0111\u01b0\u1ee3c ph\u00e1t h\u00e0nh v\u00e0o n\u0103m 2021.<\/p>\n<figure id=\"attachment_205793\" aria-describedby=\"caption-attachment-205793\" style=\"width: 800px\" class=\"wp-caption aligncenter\"><a href=\"https:\/\/pay.lpwstore.com\/wp-content\/uploads\/2021\/04\/WANGE-5213-The-Kuala-Lumpur-Petronas-Towers-Malaysia.jpg\" target=\"_blank\" rel=\"noopener\"><img fetchpriority=\"high\" decoding=\"async\" class=\"wp-image-205793 size-full\" title=\"WANGE 5213 Th\u00e1p \u0111\u00f4i Petronas Kuala Lumpur Malaysia\" src=\"https:\/\/pay.lpwstore.com\/wp-content\/uploads\/2021\/04\/WANGE-5213-The-Kuala-Lumpur-Petronas-Towers-Malaysia.jpg\" alt=\"WANGE 5213 The Kuala Lumpur Petronas Towers Malaysia\" width=\"800\" height=\"800\" \/><\/a><figcaption id=\"caption-attachment-205793\" class=\"wp-caption-text\">WANGE 5213 Th\u00e1p \u0111\u00f4i Petronas Kuala Lumpur Malaysia<\/figcaption><\/figure>\n<p><img decoding=\"async\" class=\"alignnone size-full wp-image-205794 aligncenter\" src=\"https:\/\/pay.lpwstore.com\/wp-content\/uploads\/2021\/04\/WANGE-5213-The-Kuala-Lumpur-Petronas-Towers-Malaysia-2.jpg\" alt=\"-\" width=\"800\" height=\"800\" title=\"-\"> <img decoding=\"async\" class=\"alignnone size-full wp-image-205795 aligncenter\" src=\"https:\/\/pay.lpwstore.com\/wp-content\/uploads\/2021\/04\/WANGE-5213-The-Kuala-Lumpur-Petronas-Towers-Malaysia-3.jpg\" alt=\"-\" width=\"800\" height=\"800\" title=\"-\"><\/p>","protected":false},"excerpt":{"rendered":"<ul>\n<li>Bao g\u1ed3m\u00a0<strong>1160+<\/strong>\u00a0chi\u1ebfc<\/li>\n<li>S\u00e1ch h\u01b0\u1edbng d\u1eabn s\u1eed d\u1ee5ng<\/li>\n<li>Kh\u1ed1i ABS ch\u1ea5t l\u01b0\u1ee3ng cao<\/li>\n<\/ul>","protected":false},"featured_media":17880,"comment_status":"open","ping_status":"closed","template":"","meta":{"_acf_changed":false},"product_cat":[],"product_tag":[],"class_list":["product","first","instock","shipping-taxable","purchasable","product-type-simple"],"acf":[],"_links":{"self":[{"href":"https:\/\/mouldking.store\/vi\/wp-json\/wp\/v2\/product\/17879","targetHints":{"allow":["GET"]}}],"collection":[{"href":"https:\/\/mouldking.store\/vi\/wp-json\/wp\/v2\/product"}],"about":[{"href":"https:\/\/mouldking.store\/vi\/wp-json\/wp\/v2\/types\/product"}],"replies":[{"embeddable":true,"href":"https:\/\/mouldking.store\/vi\/wp-json\/wp\/v2\/comments?post=17879"}],"wp:featuredmedia":[{"embeddable":true,"href":"https:\/\/mouldking.store\/vi\/wp-json\/wp\/v2\/media\/17880"}],"wp:attachment":[{"href":"https:\/\/mouldking.store\/vi\/wp-json\/wp\/v2\/media?parent=17879"}],"wp:term":[{"taxonomy":"product_cat","embeddable":true,"href":"https:\/\/mouldking.store\/vi\/wp-json\/wp\/v2\/product_cat?post=17879"},{"taxonomy":"product_tag","embeddable":true,"href":"https:\/\/mouldking.store\/vi\/wp-json\/wp\/v2\/product_tag?post=17879"}],"curies":[{"name":"wp","href":"https:\/\/api.w.org\/{rel}","templated":true}]}}