{"id":17926,"date":"2021-09-28T03:53:29","date_gmt":"2021-09-28T03:53:29","guid":{"rendered":"https:\/\/mouldking.store\/product\/pangu-pg-13010-wall-e-smart-track-robot-8795854"},"modified":"2021-12-23T09:50:53","modified_gmt":"2021-12-23T09:50:53","slug":"pangu-pg-13010-wall-e-smart-track-robot","status":"publish","type":"product","link":"https:\/\/mouldking.store\/vi\/shop\/pangu-pg-13010-wall-e-smart-track-robot\/","title":{"rendered":"Robot theo d\u00f5i th\u00f4ng minh Wall E PANGU PG-13010"},"content":{"rendered":"<p style=\"text-align: left;\"><span>PANGU PG-13010 Wall E Smart Track Robot belongs to the mechanical group series building block set, the whole set contains 395 building block particles. <\/span><span>L\u1ea7n \u0111\u1ea7u ti\u00ean \u0111\u01b0\u1ee3c ph\u00e1t h\u00e0nh v\u00e0o n\u0103m 2021.<\/span><\/p>\n<figure id=\"attachment_205916\" aria-describedby=\"caption-attachment-205916\" style=\"width: 800px\" class=\"wp-caption aligncenter\"><a href=\"https:\/\/pay.lpwstore.com\/wp-content\/uploads\/2021\/04\/PANGU-PG-13010-Wall-E-Smart-Track-Robot-2.jpg\" target=\"_blank\" rel=\"noopener\"><img fetchpriority=\"high\" decoding=\"async\" class=\"wp-image-205916 size-full\" title=\"Robot theo d\u00f5i th\u00f4ng minh Wall E PANGU PG-13010 \" src=\"https:\/\/pay.lpwstore.com\/wp-content\/uploads\/2021\/04\/PANGU-PG-13010-Wall-E-Smart-Track-Robot-2.jpg\" alt=\"PANGU PG-13010 Wall E Smart Track Robot \" width=\"800\" height=\"800\" \/><\/a><figcaption id=\"caption-attachment-205916\" class=\"wp-caption-text\">Robot theo d\u00f5i th\u00f4ng minh Wall E PANGU PG-13010<\/figcaption><\/figure>\n<p><img decoding=\"async\" class=\"alignnone size-full wp-image-205917 aligncenter\" src=\"https:\/\/pay.lpwstore.com\/wp-content\/uploads\/2021\/04\/PANGU-PG-13010-Wall-E-Smart-Track-Robot-3.jpg\" alt=\"-\" width=\"800\" height=\"800\" title=\"-\"> <img decoding=\"async\" class=\"alignnone size-full wp-image-205919 aligncenter\" src=\"https:\/\/pay.lpwstore.com\/wp-content\/uploads\/2021\/04\/PANGU-PG-13010-Wall-E-Smart-Track-Robot-5.jpg\" alt=\"-\" width=\"800\" height=\"800\" title=\"-\"> <img loading=\"lazy\" decoding=\"async\" class=\"alignnone size-full wp-image-205922 aligncenter\" src=\"https:\/\/pay.lpwstore.com\/wp-content\/uploads\/2021\/04\/PANGU-PG-13010-Wall-E-Smart-Track-Robot-8.jpg\" alt=\"-\" width=\"800\" height=\"800\" title=\"-\"> <img loading=\"lazy\" decoding=\"async\" class=\"alignnone size-full wp-image-205921 aligncenter\" src=\"https:\/\/pay.lpwstore.com\/wp-content\/uploads\/2021\/04\/PANGU-PG-13010-Wall-E-Smart-Track-Robot-7.jpg\" alt=\"-\" width=\"800\" height=\"800\" title=\"-\"> <img loading=\"lazy\" decoding=\"async\" class=\"alignnone size-full wp-image-205920 aligncenter\" src=\"https:\/\/pay.lpwstore.com\/wp-content\/uploads\/2021\/04\/PANGU-PG-13010-Wall-E-Smart-Track-Robot-6.jpg\" alt=\"-\" width=\"800\" height=\"800\" title=\"-\"> <img loading=\"lazy\" decoding=\"async\" class=\"alignnone size-full wp-image-205918 aligncenter\" src=\"https:\/\/pay.lpwstore.com\/wp-content\/uploads\/2021\/04\/PANGU-PG-13010-Wall-E-Smart-Track-Robot-4.jpg\" alt=\"-\" width=\"800\" height=\"800\" title=\"-\"><\/p>","protected":false},"excerpt":{"rendered":"<ul>\n<li>Bao g\u1ed3m <strong>395+<\/strong> chi\u1ebfc<\/li>\n<li>S\u00e1ch h\u01b0\u1edbng d\u1eabn s\u1eed d\u1ee5ng<\/li>\n<li>Kh\u1ed1i ABS ch\u1ea5t l\u01b0\u1ee3ng cao<\/li>\n<\/ul>","protected":false},"featured_media":17927,"comment_status":"open","ping_status":"closed","template":"","meta":{"_acf_changed":false},"product_cat":[],"product_tag":[],"class_list":["product","first","instock","shipping-taxable","purchasable","product-type-simple"],"acf":[],"_links":{"self":[{"href":"https:\/\/mouldking.store\/vi\/wp-json\/wp\/v2\/product\/17926","targetHints":{"allow":["GET"]}}],"collection":[{"href":"https:\/\/mouldking.store\/vi\/wp-json\/wp\/v2\/product"}],"about":[{"href":"https:\/\/mouldking.store\/vi\/wp-json\/wp\/v2\/types\/product"}],"replies":[{"embeddable":true,"href":"https:\/\/mouldking.store\/vi\/wp-json\/wp\/v2\/comments?post=17926"}],"wp:featuredmedia":[{"embeddable":true,"href":"https:\/\/mouldking.store\/vi\/wp-json\/wp\/v2\/media\/17927"}],"wp:attachment":[{"href":"https:\/\/mouldking.store\/vi\/wp-json\/wp\/v2\/media?parent=17926"}],"wp:term":[{"taxonomy":"product_cat","embeddable":true,"href":"https:\/\/mouldking.store\/vi\/wp-json\/wp\/v2\/product_cat?post=17926"},{"taxonomy":"product_tag","embeddable":true,"href":"https:\/\/mouldking.store\/vi\/wp-json\/wp\/v2\/product_tag?post=17926"}],"curies":[{"name":"wp","href":"https:\/\/api.w.org\/{rel}","templated":true}]}}