{"id":17950,"date":"2021-09-28T03:53:45","date_gmt":"2021-09-28T03:53:45","guid":{"rendered":"https:\/\/mouldking.store\/product\/panlos-633056-princess-castle-paradise-12-in-1-9707940"},"modified":"2021-12-23T09:50:53","modified_gmt":"2021-12-23T09:50:53","slug":"panlos-633056-princess-castle-paradise-12-in-1","status":"publish","type":"product","link":"https:\/\/mouldking.store\/vi\/shop\/panlos-633056-princess-castle-paradise-12-in-1\/","title":{"rendered":"PANLOS 633056 L\u00e2u \u0111\u00e0i c\u00f4ng ch\u00faa Thi\u00ean \u0111\u01b0\u1eddng 12 trong 1"},"content":{"rendered":"<p style=\"text-align: center;\"><span>PANLOS 633056 Princess Castle Paradise 12 in 1 thu\u1ed9c b\u1ed9 x\u1ebfp h\u00ecnh kh\u1ed1i b\u00e9 g\u00e1i, tr\u1ecdn b\u1ed9 g\u1ed3m 626 h\u1ea1t x\u1ebfp h\u00ecnh. <\/span><span>L\u1ea7n \u0111\u1ea7u ti\u00ean \u0111\u01b0\u1ee3c ph\u00e1t h\u00e0nh v\u00e0o n\u0103m 2021.<\/span><\/p>\n<figure id=\"attachment_205960\" aria-describedby=\"caption-attachment-205960\" style=\"width: 800px\" class=\"wp-caption aligncenter\"><a href=\"https:\/\/pay.lpwstore.com\/wp-content\/uploads\/2021\/04\/PANLOS-633056-Princess-Castle-Paradise-12-in-1.jpg\" target=\"_blank\" rel=\"noopener\"><img fetchpriority=\"high\" decoding=\"async\" class=\"wp-image-205960 size-full\" title=\"PANLOS 633056 L\u00e2u \u0111\u00e0i c\u00f4ng ch\u00faa Thi\u00ean \u0111\u01b0\u1eddng 12 trong 1 \" src=\"https:\/\/pay.lpwstore.com\/wp-content\/uploads\/2021\/04\/PANLOS-633056-Princess-Castle-Paradise-12-in-1.jpg\" alt=\"PANLOS 633056 Princess Castle Paradise 12 in 1 \" width=\"800\" height=\"800\" \/><\/a><figcaption id=\"caption-attachment-205960\" class=\"wp-caption-text\">PANLOS 633056 L\u00e2u \u0111\u00e0i c\u00f4ng ch\u00faa Thi\u00ean \u0111\u01b0\u1eddng 12 trong 1<\/figcaption><\/figure>\n<p><img decoding=\"async\" class=\"alignnone size-full wp-image-205961 aligncenter\" src=\"https:\/\/pay.lpwstore.com\/wp-content\/uploads\/2021\/04\/PANLOS-633056-Princess-Castle-Paradise-12-in-1-v2.jpg\" alt=\"-\" width=\"800\" height=\"800\" title=\"-\"> <img decoding=\"async\" class=\"alignnone size-full wp-image-205962 aligncenter\" src=\"https:\/\/pay.lpwstore.com\/wp-content\/uploads\/2021\/04\/PANLOS-633056-Princess-Castle-Paradise-12-in-1-v3.jpg\" alt=\"-\" width=\"800\" height=\"800\" title=\"-\"> <img loading=\"lazy\" decoding=\"async\" class=\"alignnone size-full wp-image-205963 aligncenter\" src=\"https:\/\/pay.lpwstore.com\/wp-content\/uploads\/2021\/04\/PANLOS-633056-Princess-Castle-Paradise-12-in-1-v4.jpg\" alt=\"-\" width=\"800\" height=\"800\" title=\"-\"> <img loading=\"lazy\" decoding=\"async\" class=\"alignnone size-full wp-image-205964 aligncenter\" src=\"https:\/\/pay.lpwstore.com\/wp-content\/uploads\/2021\/04\/PANLOS-633056-Princess-Castle-Paradise-12-in-1-v5.jpg\" alt=\"-\" width=\"800\" height=\"800\" title=\"-\"><\/p>","protected":false},"excerpt":{"rendered":"<ul>\n<li>Bao g\u1ed3m <strong>626+<\/strong> chi\u1ebfc<\/li>\n<li>S\u00e1ch h\u01b0\u1edbng d\u1eabn s\u1eed d\u1ee5ng<\/li>\n<li>Kh\u1ed1i ABS ch\u1ea5t l\u01b0\u1ee3ng cao<\/li>\n<\/ul>","protected":false},"featured_media":17951,"comment_status":"open","ping_status":"closed","template":"","meta":{"_acf_changed":false},"product_cat":[],"product_tag":[],"class_list":["product","first","instock","shipping-taxable","purchasable","product-type-simple"],"acf":[],"_links":{"self":[{"href":"https:\/\/mouldking.store\/vi\/wp-json\/wp\/v2\/product\/17950","targetHints":{"allow":["GET"]}}],"collection":[{"href":"https:\/\/mouldking.store\/vi\/wp-json\/wp\/v2\/product"}],"about":[{"href":"https:\/\/mouldking.store\/vi\/wp-json\/wp\/v2\/types\/product"}],"replies":[{"embeddable":true,"href":"https:\/\/mouldking.store\/vi\/wp-json\/wp\/v2\/comments?post=17950"}],"wp:featuredmedia":[{"embeddable":true,"href":"https:\/\/mouldking.store\/vi\/wp-json\/wp\/v2\/media\/17951"}],"wp:attachment":[{"href":"https:\/\/mouldking.store\/vi\/wp-json\/wp\/v2\/media?parent=17950"}],"wp:term":[{"taxonomy":"product_cat","embeddable":true,"href":"https:\/\/mouldking.store\/vi\/wp-json\/wp\/v2\/product_cat?post=17950"},{"taxonomy":"product_tag","embeddable":true,"href":"https:\/\/mouldking.store\/vi\/wp-json\/wp\/v2\/product_tag?post=17950"}],"curies":[{"name":"wp","href":"https:\/\/api.w.org\/{rel}","templated":true}]}}