{"id":17956,"date":"2021-09-28T03:53:48","date_gmt":"2021-09-28T03:53:48","guid":{"rendered":"https:\/\/mouldking.store\/product\/panlos-656007-mini-castle-music-box-7448026"},"modified":"2021-12-23T09:50:53","modified_gmt":"2021-12-23T09:50:53","slug":"panlos-656007-mini-castle-music-box","status":"publish","type":"product","link":"https:\/\/mouldking.store\/vi\/shop\/panlos-656007-mini-castle-music-box\/","title":{"rendered":"H\u1ed9p nh\u1ea1c l\u00e2u \u0111\u00e0i mini PANLOS 656007"},"content":{"rendered":"<p style=\"text-align: center;\"><span>H\u1ed9p nh\u1ea1c l\u00e2u \u0111\u00e0i nh\u1ecf PANLOS 656007 thu\u1ed9c b\u1ed9 kh\u1ed1i x\u00e2y d\u1ef1ng s\u00ea-ri ch\u1ee7 \u0111\u1ec1. To\u00e0n b\u1ed9 ch\u1ee9a 617 h\u1ea1t kh\u1ed1i x\u00e2y d\u1ef1ng. <\/span><span>L\u1ea7n \u0111\u1ea7u ti\u00ean \u0111\u01b0\u1ee3c ph\u00e1t h\u00e0nh v\u00e0o n\u0103m 2021.<\/span><\/p>\n<figure id=\"attachment_205980\" aria-describedby=\"caption-attachment-205980\" style=\"width: 800px\" class=\"wp-caption aligncenter\"><a href=\"https:\/\/pay.lpwstore.com\/wp-content\/uploads\/2021\/04\/PANLOS-656007-Mini-Castle-Music-Box.jpg\" target=\"_blank\" rel=\"noopener\"><img fetchpriority=\"high\" decoding=\"async\" class=\"wp-image-205980 size-full\" title=\"H\u1ed9p nh\u1ea1c l\u00e2u \u0111\u00e0i mini PANLOS 656007 \" src=\"https:\/\/pay.lpwstore.com\/wp-content\/uploads\/2021\/04\/PANLOS-656007-Mini-Castle-Music-Box.jpg\" alt=\"PANLOS 656007 Mini Castle Music Box \" width=\"800\" height=\"800\" \/><\/a><figcaption id=\"caption-attachment-205980\" class=\"wp-caption-text\">H\u1ed9p nh\u1ea1c l\u00e2u \u0111\u00e0i mini PANLOS 656007<\/figcaption><\/figure>\n<p><img decoding=\"async\" class=\"alignnone size-full wp-image-205981 aligncenter\" src=\"https:\/\/pay.lpwstore.com\/wp-content\/uploads\/2021\/04\/PANLOS-656007-Mini-Castle-Music-Box-2.jpg\" alt=\"-\" width=\"800\" height=\"800\" title=\"-\"> <img decoding=\"async\" class=\"alignnone size-full wp-image-205982 aligncenter\" src=\"https:\/\/pay.lpwstore.com\/wp-content\/uploads\/2021\/04\/PANLOS-656007-Mini-Castle-Music-Box-3.jpg\" alt=\"-\" width=\"800\" height=\"800\" title=\"-\"> <img loading=\"lazy\" decoding=\"async\" class=\"alignnone size-full wp-image-205983 aligncenter\" src=\"https:\/\/pay.lpwstore.com\/wp-content\/uploads\/2021\/04\/PANLOS-656007-Mini-Castle-Music-Box-4.jpg\" alt=\"-\" width=\"800\" height=\"800\" title=\"-\"><\/p>","protected":false},"excerpt":{"rendered":"<ul>\n<li>Bao g\u1ed3m <strong>617+<\/strong> chi\u1ebfc<\/li>\n<li>S\u00e1ch h\u01b0\u1edbng d\u1eabn s\u1eed d\u1ee5ng<\/li>\n<li>Kh\u1ed1i ABS ch\u1ea5t l\u01b0\u1ee3ng cao<\/li>\n<\/ul>","protected":false},"featured_media":17957,"comment_status":"open","ping_status":"closed","template":"","meta":{"_acf_changed":false},"product_cat":[],"product_tag":[],"class_list":["product","first","instock","shipping-taxable","purchasable","product-type-simple"],"acf":[],"_links":{"self":[{"href":"https:\/\/mouldking.store\/vi\/wp-json\/wp\/v2\/product\/17956","targetHints":{"allow":["GET"]}}],"collection":[{"href":"https:\/\/mouldking.store\/vi\/wp-json\/wp\/v2\/product"}],"about":[{"href":"https:\/\/mouldking.store\/vi\/wp-json\/wp\/v2\/types\/product"}],"replies":[{"embeddable":true,"href":"https:\/\/mouldking.store\/vi\/wp-json\/wp\/v2\/comments?post=17956"}],"wp:featuredmedia":[{"embeddable":true,"href":"https:\/\/mouldking.store\/vi\/wp-json\/wp\/v2\/media\/17957"}],"wp:attachment":[{"href":"https:\/\/mouldking.store\/vi\/wp-json\/wp\/v2\/media?parent=17956"}],"wp:term":[{"taxonomy":"product_cat","embeddable":true,"href":"https:\/\/mouldking.store\/vi\/wp-json\/wp\/v2\/product_cat?post=17956"},{"taxonomy":"product_tag","embeddable":true,"href":"https:\/\/mouldking.store\/vi\/wp-json\/wp\/v2\/product_tag?post=17956"}],"curies":[{"name":"wp","href":"https:\/\/api.w.org\/{rel}","templated":true}]}}