{"id":17961,"date":"2021-09-28T03:53:55","date_gmt":"2021-09-28T03:53:55","guid":{"rendered":"https:\/\/mouldking.store\/product\/zhegao-ql0988-ql0993-6-combinations-of-jiangnan-water-town-jianglin-bridge-nanting-jiangyue-restaurant-water-mill-mingyuan-tea-house-silk-shop-6240582"},"modified":"2021-12-23T09:50:53","modified_gmt":"2021-12-23T09:50:53","slug":"zhegao-ql0988-ql0993-6-combinations-of-jiangnan-water-town-jianglin-bridge-nanting-jiangyue-restaurant-water-mill-mingyuan-tea-house-silk-shop","status":"publish","type":"product","link":"https:\/\/mouldking.store\/vi\/shop\/zhegao-ql0988-ql0993-6-combinations-of-jiangnan-water-town-jianglin-bridge-nanting-jiangyue-restaurant-water-mill-mingyuan-tea-house-silk-shop\/","title":{"rendered":"ZHEGAO QL0988-QL0993 6 t\u1ed5 h\u1ee3p Jiangnan Water Town C\u1ea7u Jianglin, Nanting, Jiangyue Restaurant, Water Mill, Mingyuan Tea House, Silk Shop"},"content":{"rendered":"<p style=\"text-align: center;\"><span>ZHEGAO QL0988-QL0993 6 s\u1ef1 k\u1ebft h\u1ee3p c\u1ee7a Jiangnan Water Town C\u1ea7u Jianglin, Nanting, Jiangyue Restaurant, Water Mill, Mingyuan Tea House, Silk Shop thu\u1ed9c b\u1ed9 kh\u1ed1i x\u00e2y d\u1ef1ng s\u00ea-ri m\u00f4 h\u00ecnh ti\u00ean ti\u1ebfn. To\u00e0n b\u1ed9 ch\u1ee9a 5263 h\u1ea1t kh\u1ed1i x\u00e2y d\u1ef1ng. <\/span><span>L\u1ea7n \u0111\u1ea7u ti\u00ean \u0111\u01b0\u1ee3c ph\u00e1t h\u00e0nh v\u00e0o n\u0103m 2021.<\/span><\/p>\n<figure id=\"attachment_205972\" aria-describedby=\"caption-attachment-205972\" style=\"width: 800px\" class=\"wp-caption aligncenter\"><a href=\"https:\/\/pay.lpwstore.com\/wp-content\/uploads\/2021\/04\/ZHEGAO-QL0988-QL0993-6-combinations-of-Jiangnan-Water-Town-Jianglin-Bridge-Nanting-Jiangyue-Restaurant-Water-Mill-Mingyuan-Tea-House-Silk-Shop.jpg\" target=\"_blank\" rel=\"noopener\"><img fetchpriority=\"high\" decoding=\"async\" class=\"wp-image-205972 size-full\" title=\"ZHEGAO QL0988-QL0993 6 t\u1ed5 h\u1ee3p Jiangnan Water Town C\u1ea7u Jianglin, Nanting, Jiangyue Restaurant, Water Mill, Mingyuan Tea House, Silk Shop\" src=\"https:\/\/pay.lpwstore.com\/wp-content\/uploads\/2021\/04\/ZHEGAO-QL0988-QL0993-6-combinations-of-Jiangnan-Water-Town-Jianglin-Bridge-Nanting-Jiangyue-Restaurant-Water-Mill-Mingyuan-Tea-House-Silk-Shop.jpg\" alt=\"ZHEGAO QL0988-QL0993 6 combinations of Jiangnan Water Town Jianglin Bridge, Nanting, Jiangyue Restaurant, Water Mill, Mingyuan Tea House, Silk Shop\" width=\"800\" height=\"800\" \/><\/a><figcaption id=\"caption-attachment-205972\" class=\"wp-caption-text\">ZHEGAO QL0988-QL0993 6 t\u1ed5 h\u1ee3p Jiangnan Water Town C\u1ea7u Jianglin, Nanting, Jiangyue Restaurant, Water Mill, Mingyuan Tea House, Silk Shop<\/figcaption><\/figure>\n<p><img decoding=\"async\" class=\"alignnone size-full wp-image-205966 aligncenter\" src=\"https:\/\/pay.lpwstore.com\/wp-content\/uploads\/2021\/04\/QL0988.jpg\" alt=\"-\" width=\"800\" height=\"800\" title=\"-\"> <img decoding=\"async\" class=\"alignnone size-full wp-image-205967 aligncenter\" src=\"https:\/\/pay.lpwstore.com\/wp-content\/uploads\/2021\/04\/QL0989.jpg\" alt=\"-\" width=\"800\" height=\"800\" title=\"-\"> <img loading=\"lazy\" decoding=\"async\" class=\"alignnone size-full wp-image-205968 aligncenter\" src=\"https:\/\/pay.lpwstore.com\/wp-content\/uploads\/2021\/04\/QL0990.jpg\" alt=\"-\" width=\"800\" height=\"800\" title=\"-\"> <img loading=\"lazy\" decoding=\"async\" class=\"alignnone size-full wp-image-205969 aligncenter\" src=\"https:\/\/pay.lpwstore.com\/wp-content\/uploads\/2021\/04\/QL0991.jpg\" alt=\"-\" width=\"800\" height=\"800\" title=\"-\"> <img loading=\"lazy\" decoding=\"async\" class=\"alignnone size-full wp-image-205970 aligncenter\" src=\"https:\/\/pay.lpwstore.com\/wp-content\/uploads\/2021\/04\/QL0992.jpg\" alt=\"-\" width=\"800\" height=\"800\" title=\"-\"> <img loading=\"lazy\" decoding=\"async\" class=\"alignnone size-full wp-image-205971 aligncenter\" src=\"https:\/\/pay.lpwstore.com\/wp-content\/uploads\/2021\/04\/QL0993.jpg\" alt=\"-\" width=\"800\" height=\"800\" title=\"-\"><\/p>","protected":false},"excerpt":{"rendered":"<ul>\n<li>Bao g\u1ed3m\u00a0<strong>5263+<\/strong>\u00a0chi\u1ebfc<\/li>\n<li>S\u00e1ch h\u01b0\u1edbng d\u1eabn s\u1eed d\u1ee5ng<\/li>\n<li>Kh\u1ed1i ABS ch\u1ea5t l\u01b0\u1ee3ng cao<\/li>\n<\/ul>","protected":false},"featured_media":17962,"comment_status":"open","ping_status":"closed","template":"","meta":{"_acf_changed":false},"product_cat":[],"product_tag":[],"class_list":["product","first","instock","shipping-taxable","purchasable","product-type-simple"],"acf":[],"_links":{"self":[{"href":"https:\/\/mouldking.store\/vi\/wp-json\/wp\/v2\/product\/17961","targetHints":{"allow":["GET"]}}],"collection":[{"href":"https:\/\/mouldking.store\/vi\/wp-json\/wp\/v2\/product"}],"about":[{"href":"https:\/\/mouldking.store\/vi\/wp-json\/wp\/v2\/types\/product"}],"replies":[{"embeddable":true,"href":"https:\/\/mouldking.store\/vi\/wp-json\/wp\/v2\/comments?post=17961"}],"wp:featuredmedia":[{"embeddable":true,"href":"https:\/\/mouldking.store\/vi\/wp-json\/wp\/v2\/media\/17962"}],"wp:attachment":[{"href":"https:\/\/mouldking.store\/vi\/wp-json\/wp\/v2\/media?parent=17961"}],"wp:term":[{"taxonomy":"product_cat","embeddable":true,"href":"https:\/\/mouldking.store\/vi\/wp-json\/wp\/v2\/product_cat?post=17961"},{"taxonomy":"product_tag","embeddable":true,"href":"https:\/\/mouldking.store\/vi\/wp-json\/wp\/v2\/product_tag?post=17961"}],"curies":[{"name":"wp","href":"https:\/\/api.w.org\/{rel}","templated":true}]}}