{"id":17988,"date":"2021-09-28T03:54:15","date_gmt":"2021-09-28T03:54:15","guid":{"rendered":"https:\/\/mouldking.store\/product\/sembo-608005-palace-architecture-changyin-pavilion-4098063"},"modified":"2021-12-23T09:50:53","modified_gmt":"2021-12-23T09:50:53","slug":"sembo-608005-palace-architecture-changyin-pavilion","status":"publish","type":"product","link":"https:\/\/mouldking.store\/vi\/shop\/sembo-608005-palace-architecture-changyin-pavilion\/","title":{"rendered":"Ki\u1ebfn tr\u00fac cung \u0111i\u1ec7n SEMBO 608005: Changyin Pavilion"},"content":{"rendered":"<p style=\"text-align: center;\"><span>SEMBO 608005 Palace Architecture: Changyin Pavilion belongs to the theme series building block set. The whole set contains 434 building block particles. <\/span><span>L\u1ea7n \u0111\u1ea7u ti\u00ean \u0111\u01b0\u1ee3c ph\u00e1t h\u00e0nh v\u00e0o n\u0103m 2021.<\/span><\/p>\n<figure id=\"attachment_205997\" aria-describedby=\"caption-attachment-205997\" style=\"width: 800px\" class=\"wp-caption aligncenter\"><a href=\"https:\/\/pay.lpwstore.com\/wp-content\/uploads\/2021\/04\/SEMBO-608005-Palace-Architecture-Changyin-Pavilion.jpg\" target=\"_blank\" rel=\"noopener\"><img fetchpriority=\"high\" decoding=\"async\" class=\"wp-image-205997 size-full\" title=\"Ki\u1ebfn tr\u00fac cung \u0111i\u1ec7n SEMBO 608005: Changyin Pavilion\" src=\"https:\/\/pay.lpwstore.com\/wp-content\/uploads\/2021\/04\/SEMBO-608005-Palace-Architecture-Changyin-Pavilion.jpg\" alt=\"SEMBO 608005 Palace Architecture: Changyin Pavilion\" width=\"800\" height=\"800\" \/><\/a><figcaption id=\"caption-attachment-205997\" class=\"wp-caption-text\">Ki\u1ebfn tr\u00fac cung \u0111i\u1ec7n SEMBO 608005: Changyin Pavilion<\/figcaption><\/figure>\n<p><img decoding=\"async\" class=\"alignnone size-full wp-image-205998 aligncenter\" src=\"https:\/\/pay.lpwstore.com\/wp-content\/uploads\/2021\/04\/SEMBO-608005-Palace-Architecture-Changyin-Pavilion-2.jpg\" alt=\"-\" width=\"800\" height=\"800\" title=\"-\"> <img decoding=\"async\" class=\"alignnone size-full wp-image-205999 aligncenter\" src=\"https:\/\/pay.lpwstore.com\/wp-content\/uploads\/2021\/04\/SEMBO-608005-Palace-Architecture-Changyin-Pavilion-3.jpg\" alt=\"-\" width=\"800\" height=\"800\" title=\"-\"> <img loading=\"lazy\" decoding=\"async\" class=\"alignnone size-full wp-image-206000 aligncenter\" src=\"https:\/\/pay.lpwstore.com\/wp-content\/uploads\/2021\/04\/SEMBO-608005-Palace-Architecture-Changyin-Pavilion-4.jpg\" alt=\"-\" width=\"800\" height=\"800\" title=\"-\"> <img loading=\"lazy\" decoding=\"async\" class=\"alignnone size-full wp-image-206002 aligncenter\" src=\"https:\/\/pay.lpwstore.com\/wp-content\/uploads\/2021\/04\/SEMBO-608005-Palace-Architecture-Changyin-Pavilion-6.jpg\" alt=\"-\" width=\"800\" height=\"800\" title=\"-\"> <img loading=\"lazy\" decoding=\"async\" class=\"alignnone size-full wp-image-206001 aligncenter\" src=\"https:\/\/pay.lpwstore.com\/wp-content\/uploads\/2021\/04\/SEMBO-608005-Palace-Architecture-Changyin-Pavilion-5.jpg\" alt=\"-\" width=\"800\" height=\"800\" title=\"-\"><\/p>","protected":false},"excerpt":{"rendered":"<ul>\n<li>Bao g\u1ed3m <strong>434+<\/strong> chi\u1ebfc<\/li>\n<li>S\u00e1ch h\u01b0\u1edbng d\u1eabn s\u1eed d\u1ee5ng<\/li>\n<li>Kh\u1ed1i ABS ch\u1ea5t l\u01b0\u1ee3ng cao<\/li>\n<\/ul>","protected":false},"featured_media":17989,"comment_status":"open","ping_status":"closed","template":"","meta":{"_acf_changed":false},"product_cat":[],"product_tag":[],"class_list":["product","first","instock","shipping-taxable","purchasable","product-type-simple"],"acf":[],"_links":{"self":[{"href":"https:\/\/mouldking.store\/vi\/wp-json\/wp\/v2\/product\/17988","targetHints":{"allow":["GET"]}}],"collection":[{"href":"https:\/\/mouldking.store\/vi\/wp-json\/wp\/v2\/product"}],"about":[{"href":"https:\/\/mouldking.store\/vi\/wp-json\/wp\/v2\/types\/product"}],"replies":[{"embeddable":true,"href":"https:\/\/mouldking.store\/vi\/wp-json\/wp\/v2\/comments?post=17988"}],"wp:featuredmedia":[{"embeddable":true,"href":"https:\/\/mouldking.store\/vi\/wp-json\/wp\/v2\/media\/17989"}],"wp:attachment":[{"href":"https:\/\/mouldking.store\/vi\/wp-json\/wp\/v2\/media?parent=17988"}],"wp:term":[{"taxonomy":"product_cat","embeddable":true,"href":"https:\/\/mouldking.store\/vi\/wp-json\/wp\/v2\/product_cat?post=17988"},{"taxonomy":"product_tag","embeddable":true,"href":"https:\/\/mouldking.store\/vi\/wp-json\/wp\/v2\/product_tag?post=17988"}],"curies":[{"name":"wp","href":"https:\/\/api.w.org\/{rel}","templated":true}]}}