{"id":18006,"date":"2021-09-28T03:54:28","date_gmt":"2021-09-28T03:54:28","guid":{"rendered":"https:\/\/mouldking.store\/product\/sy-1577-fun-snow-paradise-ice-and-snow-carnival-3226058"},"modified":"2021-12-23T09:50:53","modified_gmt":"2021-12-23T09:50:53","slug":"sy-1577-fun-snow-paradise-ice-and-snow-carnival","status":"publish","type":"product","link":"https:\/\/mouldking.store\/vi\/shop\/sy-1577-fun-snow-paradise-ice-and-snow-carnival\/","title":{"rendered":"SY 1577 Fun Snow Paradise: Ice and Snow Carnival"},"content":{"rendered":"<p><span>SY 1577 Fun Snow Paradise: Ice and Snow Carnival belongs to the girl series building block set, the whole set contains 1202 building block particles. <\/span><span>L\u1ea7n \u0111\u1ea7u ti\u00ean \u0111\u01b0\u1ee3c ph\u00e1t h\u00e0nh v\u00e0o n\u0103m 2021.<\/span><\/p>\n<figure id=\"attachment_206083\" aria-describedby=\"caption-attachment-206083\" style=\"width: 800px\" class=\"wp-caption aligncenter\"><a href=\"https:\/\/pay.lpwstore.com\/wp-content\/uploads\/2021\/04\/SY-1577-Fun-Snow-Paradise-Ice-and-Snow-Carnival.jpg\" target=\"_blank\" rel=\"noopener\"><img fetchpriority=\"high\" decoding=\"async\" class=\"wp-image-206083 size-full\" title=\"SY 1577 Fun Snow Paradise: Ice and Snow Carnival\" src=\"https:\/\/pay.lpwstore.com\/wp-content\/uploads\/2021\/04\/SY-1577-Fun-Snow-Paradise-Ice-and-Snow-Carnival.jpg\" alt=\"SY 1577 Fun Snow Paradise: Ice and Snow Carnival\" width=\"800\" height=\"800\" \/><\/a><figcaption id=\"caption-attachment-206083\" class=\"wp-caption-text\">SY 1577 Fun Snow Paradise: Ice and Snow Carnival<\/figcaption><\/figure>","protected":false},"excerpt":{"rendered":"<ul>\n<li>Bao g\u1ed3m <strong>1202+<\/strong> chi\u1ebfc<\/li>\n<li>S\u00e1ch h\u01b0\u1edbng d\u1eabn s\u1eed d\u1ee5ng<\/li>\n<li>Kh\u1ed1i ABS ch\u1ea5t l\u01b0\u1ee3ng cao<\/li>\n<li>Kh\u00f4ng c\u00f3 h\u1ed9p ban \u0111\u1ea7u<\/li>\n<\/ul>","protected":false},"featured_media":18007,"comment_status":"open","ping_status":"closed","template":"","meta":{"_acf_changed":false},"product_cat":[],"product_tag":[],"class_list":["product","first","instock","shipping-taxable","purchasable","product-type-simple"],"acf":[],"_links":{"self":[{"href":"https:\/\/mouldking.store\/vi\/wp-json\/wp\/v2\/product\/18006","targetHints":{"allow":["GET"]}}],"collection":[{"href":"https:\/\/mouldking.store\/vi\/wp-json\/wp\/v2\/product"}],"about":[{"href":"https:\/\/mouldking.store\/vi\/wp-json\/wp\/v2\/types\/product"}],"replies":[{"embeddable":true,"href":"https:\/\/mouldking.store\/vi\/wp-json\/wp\/v2\/comments?post=18006"}],"wp:featuredmedia":[{"embeddable":true,"href":"https:\/\/mouldking.store\/vi\/wp-json\/wp\/v2\/media\/18007"}],"wp:attachment":[{"href":"https:\/\/mouldking.store\/vi\/wp-json\/wp\/v2\/media?parent=18006"}],"wp:term":[{"taxonomy":"product_cat","embeddable":true,"href":"https:\/\/mouldking.store\/vi\/wp-json\/wp\/v2\/product_cat?post=18006"},{"taxonomy":"product_tag","embeddable":true,"href":"https:\/\/mouldking.store\/vi\/wp-json\/wp\/v2\/product_tag?post=18006"}],"curies":[{"name":"wp","href":"https:\/\/api.w.org\/{rel}","templated":true}]}}